{"id":16452,"date":"2017-12-06T15:13:19","date_gmt":"2017-12-06T15:13:19","guid":{"rendered":"https:\/\/original-militaria.com\/?post_type=product&#038;p=16452"},"modified":"2018-06-05T11:19:59","modified_gmt":"2018-06-05T11:19:59","slug":"casco-suizo-m40","status":"publish","type":"product","link":"https:\/\/original-militaria.com\/en\/producto\/casco-suizo-m40\/","title":{"rendered":"Casco Suizo M40"},"content":{"rendered":"<p style=\"text-align: justify\"><span style=\"font-size: 12pt;font-family: verdana, geneva, sans-serif\"><strong>ANTECEDENTES:<\/strong> Denominado &#8220;Ordenance Model 18\/40&#8221;, dise\u00f1ado\u00a0 en 1918 por el Dtr. Esdward A. Gessler y el escultor y militar Paul Boessch, y puesto en funcionamiento en 1924.<\/span><\/p>\n<p style=\"text-align: justify\"><span style=\"font-size: 12pt;font-family: verdana, geneva, sans-serif\"><strong>DESCRIPCI\u00d3N:<\/strong> Casco Suizo M40 (no el M18 ), fabricado en acero al n\u00edquel, basado en el modelo alem\u00e1n de la \u00e9poca, con visera amplia y falda posterior bien marcada, la guarnici\u00f3n con 3 leng\u00fcetas de cuero de dos l\u00f3bulos sustentados sobre un zuncho de ca\u00f1a india grapado al casco, y en este caso, con la modificaci\u00f3n del corte en la parte posterior del zuncho solo para los M40, completo con su peculiar barboquejo. Pintura negra rugosa. Excelente estado.\u00a0<\/span><\/p>\n","protected":false},"excerpt":{"rendered":"<p>ANTECEDENTES: Denominado &#8220;Ordenance Model 18\/40&#8221;, dise\u00f1ado\u00a0 en 1918 por el Dtr. Esdward A. Gessler y el escultor y militar Paul Boessch, y puesto en funcionamiento en 1924. DESCRIPCI\u00d3N: Casco Suizo M40 (no el M18 ), fabricado en acero al n\u00edquel, basado en el modelo alem\u00e1n de la \u00e9poca, con visera amplia y falda posterior bien &#8230; <a title=\"Casco Suizo M40\" class=\"read-more\" href=\"https:\/\/original-militaria.com\/en\/producto\/casco-suizo-m40\/\" aria-label=\"Read more about Casco Suizo M40\">Leer m\u00e1s<\/a><\/p>\n","protected":false},"featured_media":16466,"template":"","meta":[],"product_brand":[],"product_cat":[176],"product_tag":[],"class_list":{"0":"post-16452","1":"product","2":"type-product","3":"status-publish","4":"has-post-thumbnail","6":"product_cat-militaria-otras-naciones","7":"sales-flash-overlay","8":"woocommerce-text-align-center","9":"woocommerce-image-align-center","10":"do-quantity-buttons","12":"first","13":"instock","14":"sold-individually","15":"shipping-taxable","16":"purchasable","17":"product-type-simple"},"_links":{"self":[{"href":"https:\/\/original-militaria.com\/en\/wp-json\/wp\/v2\/product\/16452","targetHints":{"allow":["GET"]}}],"collection":[{"href":"https:\/\/original-militaria.com\/en\/wp-json\/wp\/v2\/product"}],"about":[{"href":"https:\/\/original-militaria.com\/en\/wp-json\/wp\/v2\/types\/product"}],"wp:featuredmedia":[{"embeddable":true,"href":"https:\/\/original-militaria.com\/en\/wp-json\/wp\/v2\/media\/16466"}],"wp:attachment":[{"href":"https:\/\/original-militaria.com\/en\/wp-json\/wp\/v2\/media?parent=16452"}],"wp:term":[{"taxonomy":"product_brand","embeddable":true,"href":"https:\/\/original-militaria.com\/en\/wp-json\/wp\/v2\/product_brand?post=16452"},{"taxonomy":"product_cat","embeddable":true,"href":"https:\/\/original-militaria.com\/en\/wp-json\/wp\/v2\/product_cat?post=16452"},{"taxonomy":"product_tag","embeddable":true,"href":"https:\/\/original-militaria.com\/en\/wp-json\/wp\/v2\/product_tag?post=16452"}],"curies":[{"name":"wp","href":"https:\/\/api.w.org\/{rel}","templated":true}]}}