{"id":16428,"date":"2017-11-30T12:20:10","date_gmt":"2017-11-30T12:20:10","guid":{"rendered":"https:\/\/original-militaria.com\/?post_type=product&#038;p=16428"},"modified":"2022-02-12T18:43:12","modified_gmt":"2022-02-12T17:43:12","slug":"kdf-folleto-del-crucero-sierra-cordoba-1939-2","status":"publish","type":"product","link":"https:\/\/original-militaria.com\/en\/producto\/kdf-folleto-del-crucero-sierra-cordoba-1939-2\/","title":{"rendered":"KdF\/ Brochure of Cruise \u201cSierra Cordoba\u201d, 1939 &#8212; KdF\/ Folleto del Crucero \u201cSierra C\u00f3rdoba\u201d, 1939"},"content":{"rendered":"<p style=\"text-align: justify;\" align=\"justify\"><span style=\"font-family: Verdana;\"><strong>ANTECEDENTES:<\/strong>\u00a0<\/span><span style=\"font-family: Verdana;\">El Crucero Sierra C\u00f3rdoba de la compa\u00f1\u00eda Norddeutscher Lloyd Bremen fue uno de los \u00faltimos buques alemanes de pasajeros antes de la guerra y el m\u00e1s pol\u00e9mico, tal vez el m\u00e1s representativo, lujoso e importante de pre-guerra. Usado por la organizaci\u00f3n &#8220;Kraft durch Freude&#8221; (KdF) o &#8220;Fuerza de la Alegr\u00eda&#8221;, un sub grupo del &#8220;Deutsche Arbeitsfront&#8221; (DAF), Frente del Trabajo, organismo encargado de organizar la fuerza laboral alemana en pro del partido nacionalsocialista y el KdF se encargaba de organizar actividades culturales y recreacionales para los trabajadores y eso inclu\u00eda cruceros de turismo a diversas partes de Alemania y de otros pa\u00edses.<\/span><\/p>\n<p style=\"text-align: justify;\"><span style=\"font-family: Verdana;\"><strong>DESCRIPCION:<\/strong>\u00a0Interesante folleto informativo explicando el reglamento de aduanas, el men\u00fa (desayuno, comida, caf\u00e9 y cena) del d\u00eda, y el programa de actividades, entregado a los pasajeros del fastuoso crucero de lujo de pasajeros\u00a0<strong><span style=\"color: #000000;\">&#8220;Sierra C\u00f3rdoba&#8221;<\/span><\/strong>\u00a0el d\u00eda\u00a0<span style=\"color: #000000;\">24<\/span>\u00a0de\u00a0<span style=\"color: #000000;\">agosto\u00a0<\/span>de\u00a0<span style=\"color: #000000;\">1939 en\u00a0<\/span><\/span><span style=\"font-family: Verdana;\">un viaje tur\u00edstico a Noruega organizado por la &#8220;<\/span><strong><span style=\"font-family: verdana, geneva, sans-serif;\">Kraft durch Freude&#8221;.\u00a0 <\/span><\/strong><span style=\"font-family: verdana, geneva, sans-serif;\">I<\/span><span style=\"font-family: Verdana;\">nteresante prueba del trabajo de propaganda nazi con el s\u00edmbolo del <strong>KdF. <\/strong>Muy buen estado.<\/span><\/p>\n<p style=\"text-align: justify;\"><span style=\"font-family: verdana, geneva, sans-serif;\"><strong>Nota.-<\/strong> Muy interesante y raro, pues es un folleto del ultimo viaje tur\u00edstico de este crucero, es de d\u00edas antes del comienzo de la WW2.<\/span><\/p>\n<p style=\"text-align: justify;\"><span style=\"font-family: Verdana;\">\u00a0<\/span><\/p>\n","protected":false},"excerpt":{"rendered":"<p>ANTECEDENTES:\u00a0El Crucero Sierra C\u00f3rdoba de la compa\u00f1\u00eda Norddeutscher Lloyd Bremen fue uno de los \u00faltimos buques alemanes de pasajeros antes de la guerra y el m\u00e1s pol\u00e9mico, tal vez el m\u00e1s representativo, lujoso e importante de pre-guerra. Usado por la organizaci\u00f3n &#8220;Kraft durch Freude&#8221; (KdF) o &#8220;Fuerza de la Alegr\u00eda&#8221;, un sub grupo del &#8220;Deutsche &#8230; <a title=\"KdF\/ Brochure of Cruise \u201cSierra Cordoba\u201d, 1939 &#8212; KdF\/ Folleto del Crucero \u201cSierra C\u00f3rdoba\u201d, 1939\" class=\"read-more\" href=\"https:\/\/original-militaria.com\/en\/producto\/kdf-folleto-del-crucero-sierra-cordoba-1939-2\/\" aria-label=\"Read more about KdF\/ Brochure of Cruise \u201cSierra Cordoba\u201d, 1939 &#8212; KdF\/ Folleto del Crucero \u201cSierra C\u00f3rdoba\u201d, 1939\">Leer m\u00e1s<\/a><\/p>\n","protected":false},"featured_media":16429,"template":"","meta":[],"product_brand":[],"product_cat":[172,224],"product_tag":[],"class_list":{"0":"post-16428","1":"product","2":"type-product","3":"status-publish","4":"has-post-thumbnail","6":"product_cat-militaria-alemana-ww2","7":"product_cat-archivo-vendidos","8":"sales-flash-overlay","9":"woocommerce-text-align-center","10":"woocommerce-image-align-center","11":"do-quantity-buttons","13":"first","14":"outofstock","15":"sold-individually","16":"shipping-taxable","17":"product-type-simple"},"_links":{"self":[{"href":"https:\/\/original-militaria.com\/en\/wp-json\/wp\/v2\/product\/16428","targetHints":{"allow":["GET"]}}],"collection":[{"href":"https:\/\/original-militaria.com\/en\/wp-json\/wp\/v2\/product"}],"about":[{"href":"https:\/\/original-militaria.com\/en\/wp-json\/wp\/v2\/types\/product"}],"wp:featuredmedia":[{"embeddable":true,"href":"https:\/\/original-militaria.com\/en\/wp-json\/wp\/v2\/media\/16429"}],"wp:attachment":[{"href":"https:\/\/original-militaria.com\/en\/wp-json\/wp\/v2\/media?parent=16428"}],"wp:term":[{"taxonomy":"product_brand","embeddable":true,"href":"https:\/\/original-militaria.com\/en\/wp-json\/wp\/v2\/product_brand?post=16428"},{"taxonomy":"product_cat","embeddable":true,"href":"https:\/\/original-militaria.com\/en\/wp-json\/wp\/v2\/product_cat?post=16428"},{"taxonomy":"product_tag","embeddable":true,"href":"https:\/\/original-militaria.com\/en\/wp-json\/wp\/v2\/product_tag?post=16428"}],"curies":[{"name":"wp","href":"https:\/\/api.w.org\/{rel}","templated":true}]}}