{"id":16377,"date":"2017-11-17T20:59:34","date_gmt":"2017-11-17T20:59:34","guid":{"rendered":"https:\/\/original-militaria.com\/?post_type=product&#038;p=16377"},"modified":"2019-02-12T18:48:57","modified_gmt":"2019-02-12T18:48:57","slug":"revista-die-wehrmacht-no-7-de-1941","status":"publish","type":"product","link":"https:\/\/original-militaria.com\/en\/producto\/revista-die-wehrmacht-no-7-de-1941\/","title":{"rendered":"Revista \u201cDie Wehrmacht\u201d n\u00ba 10 de 1941"},"content":{"rendered":"<p>Revista\u00a0<strong>\u201cDie Wehrmacht\u201d<\/strong>\u00a0en alem\u00e1n, n\u00famero 10, editada en Berl\u00edn el 7 de mayo de 1941. Completa con sus 24 paginas en excelente estado.<\/p>\n","protected":false},"excerpt":{"rendered":"<p>Revista\u00a0\u201cDie Wehrmacht\u201d\u00a0en alem\u00e1n, n\u00famero 10, editada en Berl\u00edn el 7 de mayo de 1941. Completa con sus 24 paginas en excelente estado.<\/p>\n","protected":false},"featured_media":16378,"template":"","meta":[],"product_brand":[],"product_cat":[172,179],"product_tag":[],"class_list":{"0":"post-16377","1":"product","2":"type-product","3":"status-publish","4":"has-post-thumbnail","6":"product_cat-militaria-alemana-ww2","7":"product_cat-libros-y-revistas","8":"sales-flash-overlay","9":"woocommerce-text-align-center","10":"woocommerce-image-align-center","11":"do-quantity-buttons","13":"first","14":"instock","15":"sold-individually","16":"shipping-taxable","17":"purchasable","18":"product-type-simple"},"_links":{"self":[{"href":"https:\/\/original-militaria.com\/en\/wp-json\/wp\/v2\/product\/16377","targetHints":{"allow":["GET"]}}],"collection":[{"href":"https:\/\/original-militaria.com\/en\/wp-json\/wp\/v2\/product"}],"about":[{"href":"https:\/\/original-militaria.com\/en\/wp-json\/wp\/v2\/types\/product"}],"wp:featuredmedia":[{"embeddable":true,"href":"https:\/\/original-militaria.com\/en\/wp-json\/wp\/v2\/media\/16378"}],"wp:attachment":[{"href":"https:\/\/original-militaria.com\/en\/wp-json\/wp\/v2\/media?parent=16377"}],"wp:term":[{"taxonomy":"product_brand","embeddable":true,"href":"https:\/\/original-militaria.com\/en\/wp-json\/wp\/v2\/product_brand?post=16377"},{"taxonomy":"product_cat","embeddable":true,"href":"https:\/\/original-militaria.com\/en\/wp-json\/wp\/v2\/product_cat?post=16377"},{"taxonomy":"product_tag","embeddable":true,"href":"https:\/\/original-militaria.com\/en\/wp-json\/wp\/v2\/product_tag?post=16377"}],"curies":[{"name":"wp","href":"https:\/\/api.w.org\/{rel}","templated":true}]}}