{"id":16208,"date":"2017-11-01T14:41:34","date_gmt":"2017-11-01T14:41:34","guid":{"rendered":"https:\/\/original-militaria.com\/?post_type=product&#038;p=16208"},"modified":"2019-02-12T18:42:58","modified_gmt":"2019-02-12T18:42:58","slug":"revista-die-wehrmacht-de-1941","status":"publish","type":"product","link":"https:\/\/original-militaria.com\/en\/producto\/revista-die-wehrmacht-de-1941\/","title":{"rendered":"Revista &#8220;Die Wehrmacht&#8221; n\u00ba 24 de 1941"},"content":{"rendered":"<p><span style=\"font-family: verdana, geneva, sans-serif\"><span style=\"font-family: verdana, geneva, sans-serif\">Revista <\/span><strong style=\"font-family: verdana, geneva, sans-serif\">&#8220;Die Wehrmacht&#8221;<\/strong><span style=\"font-family: verdana, geneva, sans-serif\">\u00a0en alem\u00e1n, n\u00famero 24, editada en Berl\u00edn el 19 de noviembre de 1941. Completa con sus 16 paginas en excelente estado.<\/span><\/span><\/p>\n","protected":false},"excerpt":{"rendered":"<p>Revista &#8220;Die Wehrmacht&#8221;\u00a0en alem\u00e1n, n\u00famero 24, editada en Berl\u00edn el 19 de noviembre de 1941. Completa con sus 16 paginas en excelente estado.<\/p>\n","protected":false},"featured_media":16209,"template":"","meta":[],"product_brand":[],"product_cat":[179],"product_tag":[],"class_list":{"0":"post-16208","1":"product","2":"type-product","3":"status-publish","4":"has-post-thumbnail","6":"product_cat-libros-y-revistas","7":"sales-flash-overlay","8":"woocommerce-text-align-center","9":"woocommerce-image-align-center","10":"do-quantity-buttons","12":"first","13":"instock","14":"shipping-taxable","15":"purchasable","16":"product-type-simple"},"_links":{"self":[{"href":"https:\/\/original-militaria.com\/en\/wp-json\/wp\/v2\/product\/16208","targetHints":{"allow":["GET"]}}],"collection":[{"href":"https:\/\/original-militaria.com\/en\/wp-json\/wp\/v2\/product"}],"about":[{"href":"https:\/\/original-militaria.com\/en\/wp-json\/wp\/v2\/types\/product"}],"wp:featuredmedia":[{"embeddable":true,"href":"https:\/\/original-militaria.com\/en\/wp-json\/wp\/v2\/media\/16209"}],"wp:attachment":[{"href":"https:\/\/original-militaria.com\/en\/wp-json\/wp\/v2\/media?parent=16208"}],"wp:term":[{"taxonomy":"product_brand","embeddable":true,"href":"https:\/\/original-militaria.com\/en\/wp-json\/wp\/v2\/product_brand?post=16208"},{"taxonomy":"product_cat","embeddable":true,"href":"https:\/\/original-militaria.com\/en\/wp-json\/wp\/v2\/product_cat?post=16208"},{"taxonomy":"product_tag","embeddable":true,"href":"https:\/\/original-militaria.com\/en\/wp-json\/wp\/v2\/product_tag?post=16208"}],"curies":[{"name":"wp","href":"https:\/\/api.w.org\/{rel}","templated":true}]}}