{"id":15488,"date":"2017-09-05T12:24:58","date_gmt":"2017-09-05T12:24:58","guid":{"rendered":"https:\/\/original-militaria.com\/?post_type=product&#038;p=15488"},"modified":"2022-01-31T19:08:58","modified_gmt":"2022-01-31T18:08:58","slug":"wh-lw-botiquin-de-urgencias-para-vehiculos-con-articulos-de-veterinario","status":"publish","type":"product","link":"https:\/\/original-militaria.com\/en\/producto\/wh-lw-botiquin-de-urgencias-para-vehiculos-con-articulos-de-veterinario\/","title":{"rendered":"Luftwaffe\/ Verbandkasten Medical Box with Veterinary Items&#8212;Luftwaffe\/ Botiqu\u00edn de Urgencias para Veh\u00edculos con Art\u00edculos de Veterinario"},"content":{"rendered":"<p style=\"text-align: justify\"><strong><span style=\"font-size: medium\"><span style=\"font-family: Verdana\">ANTECEDENTES:<\/span><\/span><\/strong><span style=\"font-size: medium\"><span style=\"font-family: Verdana\"> El verbandkasten (caja de vendas)\u00a0fue\u00a0el botiqu\u00edn de primeros auxilios para veh\u00edculos\u00a0utilizados por la Wehrmacht, Luftwaffe y las SS. El modelo 30 era el est\u00e1ndar, con unas medidas de\u00a035 x 19 x 11cm. Normalmente teLo normal es que tengan una divisi\u00f3n interna, a excepci\u00f3n de los que son de madera, dos cierres y un asa de transporte. Existen variantes para la policia, Luftschutz y cuerpos de bomberos (Feuerwehr), RAD y TeNo, pero se pueden diferenciar por la inscripci\u00f3n exterior, el listado de contenidos y pintura identificativa, que pueden variar mucho de los de la Wehrmacht. Es posible encontrarlos en los diversos colores estandard de la Wehrmacht: Feldgrau (verde), Blaugrau (azul) y Dunkelgelb (ocre).<\/span><\/span><\/p>\n<p style=\"text-align: justify\"><strong><span style=\"font-size: medium\"><span style=\"font-family: Verdana\">DESCRIPCION:<\/span><\/span><\/strong><span style=\"font-size: medium\"><span style=\"font-family: Verdana\"> Botiqu\u00edn de urgencias (Verbandkasten) para veh\u00edculos de la WH\/LW curiosamente viene completo con diversos elementos de veterinaria de la\u00a0\u00e9poca, pero todos franceses, no\u00a0es de extra\u00f1ar, pues proviene de la zona de Calvados en\u00a0Francia, aunque lleva en\u00a0Denia (Alicante)\u00a0m\u00e1s de 35 a\u00f1os. Tiene su separador interno, su\u00a0asa de transporte y sus dos cierres. En el exterior de la tapa lleva escrito la leyenda \u201cVerbandkasten\u201d y pintada una cruz roja sobre c\u00edrculo blanco. Conserva un 95% de su pintura original azul oscuro, tambi\u00e9n en el interior. <\/span><\/span><\/p>\n","protected":false},"excerpt":{"rendered":"<p style=\"text-align: justify\"><strong><span style=\"font-size: medium\"><span style=\"font-family: Verdana\">ANTECEDENTES:<\/span><\/span><\/strong><span style=\"font-size: medium\"><span style=\"font-family: Verdana\"> El verbandkasten (caja de vendas)\u00a0fue\u00a0el botiqu\u00edn de primeros auxilios para veh\u00edculos\u00a0utilizados por la Wehrmacht, Luftwaffe y las SS. El modelo 30 era el est\u00e1ndar, con unas medidas de\u00a035 x 19 x 11cm. Normalmente teLo normal es que tengan una divisi\u00f3n interna, a excepci\u00f3n de los que son de madera, dos cierres y un asa de transporte. Existen variantes para la policia, Luftschutz y cuerpos de bomberos (Feuerwehr), RAD y TeNo, pero se pueden diferenciar por la inscripci\u00f3n exterior, el listado de contenidos y pintura identificativa, que pueden variar mucho de los de la Wehrmacht. Es posible encontrarlos en los diversos colores estandard de la Wehrmacht: Feldgrau (verde), Blaugrau (azul) y Dunkelgelb (ocre).<\/span><\/span><\/p>\n<p style=\"text-align: justify\"><strong><span style=\"font-size: medium\"><span style=\"font-family: Verdana\">DESCRIPCION:<\/span><\/span><\/strong><span style=\"font-size: medium\"><span style=\"font-family: Verdana\"> Botiqu\u00edn de urgencias (Verbandkasten) para veh\u00edculos de la WH\/LW curiosamente viene completo con diversos elementos de veterinaria de la\u00a0\u00e9poca, pero todos franceses, no\u00a0es de extra\u00f1ar, pues proviene de la zona de Calvados en\u00a0Francia, aunque lleva en\u00a0Denia (Alicante)\u00a0m\u00e1s de 35 a\u00f1os. Tiene su separador interno, su\u00a0asa de transporte y sus dos cierres. En el exterior de la tapa lleva escrito la leyenda \u201cVerbandkasten\u201d y pintada una cruz roja sobre c\u00edrculo blanco. Conserva un 95% de su pintura original azul oscuro, tambi\u00e9n en el interior. <\/span><\/span><\/p>\n","protected":false},"featured_media":15489,"template":"","meta":[],"product_brand":[],"product_cat":[172,224],"product_tag":[],"class_list":{"0":"post-15488","1":"product","2":"type-product","3":"status-publish","4":"has-post-thumbnail","6":"product_cat-militaria-alemana-ww2","7":"product_cat-archivo-vendidos","8":"sales-flash-overlay","9":"woocommerce-text-align-center","10":"woocommerce-image-align-center","11":"do-quantity-buttons","13":"first","14":"outofstock","15":"product-type-simple"},"_links":{"self":[{"href":"https:\/\/original-militaria.com\/en\/wp-json\/wp\/v2\/product\/15488","targetHints":{"allow":["GET"]}}],"collection":[{"href":"https:\/\/original-militaria.com\/en\/wp-json\/wp\/v2\/product"}],"about":[{"href":"https:\/\/original-militaria.com\/en\/wp-json\/wp\/v2\/types\/product"}],"wp:featuredmedia":[{"embeddable":true,"href":"https:\/\/original-militaria.com\/en\/wp-json\/wp\/v2\/media\/15489"}],"wp:attachment":[{"href":"https:\/\/original-militaria.com\/en\/wp-json\/wp\/v2\/media?parent=15488"}],"wp:term":[{"taxonomy":"product_brand","embeddable":true,"href":"https:\/\/original-militaria.com\/en\/wp-json\/wp\/v2\/product_brand?post=15488"},{"taxonomy":"product_cat","embeddable":true,"href":"https:\/\/original-militaria.com\/en\/wp-json\/wp\/v2\/product_cat?post=15488"},{"taxonomy":"product_tag","embeddable":true,"href":"https:\/\/original-militaria.com\/en\/wp-json\/wp\/v2\/product_tag?post=15488"}],"curies":[{"name":"wp","href":"https:\/\/api.w.org\/{rel}","templated":true}]}}