{"id":15361,"date":"2017-09-05T12:24:11","date_gmt":"2017-09-05T12:24:11","guid":{"rendered":"https:\/\/original-militaria.com\/?post_type=product&#038;p=15361"},"modified":"2022-01-31T19:08:58","modified_gmt":"2022-01-31T18:08:58","slug":"lw-dak-italia-casco-m35-con-camuflaje-color-arena","status":"publish","type":"product","link":"https:\/\/original-militaria.com\/en\/producto\/lw-dak-italia-casco-m35-con-camuflaje-color-arena\/","title":{"rendered":"LW\/DAK\/ITALIA Casco M35 con Camuflaje color Arena&#8212;-LW\/DAK, ITALY M35 Camo Helmet"},"content":{"rendered":"<p style=\"text-align: justify\"><strong><span style=\"font-size: medium\"><span style=\"font-family: Verdana\">DESCRIPCION:<\/span><\/span><\/strong><span style=\"font-size: medium\"><span style=\"font-family: Verdana\"> Ponemos a la venta un excepcional ejemplo de casco\u00a0M35 para la Luftwaffe con camuflaje color arena (Stahlhelm M35 in Tarnfarbe). Como se puede observar perfectamente, la pintura color arena fue aplicada encima de la de color azul de primera \u00e9poca para la LW. La guarnici\u00f3n M31 completa con su barboquejo marcado con la manufactura del fabricante y el a\u00f1o, aunque ilegible padece de 1940.\u00a0En el interior de la olla, bajo la falda posterior se apreciar de forma ilegible el n\u00famero de serie, en el lateral se aprecia\u00a0marcaje alfanum\u00e9rico <span style=\"color: #ff0000\">&#8220;SE62&#8221;<\/span>, SE es manufactura de <span style=\"color: #ff0000\">&#8220;S\u00e1chsische Emaillier &#8211; und Stanzwerke A.G. SG Lauter, Sajonia&#8221;<\/span> (esta empresa cambi\u00f3 en 1943 las iniciales pasando a ser &#8220;hkp&#8221;), y tama\u00f1o &#8220;62&#8221; referente a la gran talla 55. El casco no tiene abolladuras ni raja alguna.<\/span><\/span><\/p>\n","protected":false},"excerpt":{"rendered":"<p style=\"text-align: justify\"><strong><span style=\"font-size: medium\"><span style=\"font-family: Verdana\">DESCRIPCION:<\/span><\/span><\/strong><span style=\"font-size: medium\"><span style=\"font-family: Verdana\"> Ponemos a la venta un excepcional ejemplo de casco\u00a0M35 para la Luftwaffe con camuflaje color arena (Stahlhelm M35 in Tarnfarbe). Como se puede observar perfectamente, la pintura color arena fue aplicada encima de la de color azul de primera \u00e9poca para la LW. La guarnici\u00f3n M31 completa con su barboquejo marcado con la manufactura del fabricante y el a\u00f1o, aunque ilegible padece de 1940.\u00a0En el interior de la olla, bajo la falda posterior se apreciar de forma ilegible el n\u00famero de serie, en el lateral se aprecia\u00a0marcaje alfanum\u00e9rico <span style=\"color: #ff0000\">&#8220;SE62&#8221;<\/span>, SE es manufactura de <span style=\"color: #ff0000\">&#8220;S\u00e1chsische Emaillier &#8211; und Stanzwerke A.G. SG Lauter, Sajonia&#8221;<\/span> (esta empresa cambi\u00f3 en 1943 las iniciales pasando a ser &#8220;hkp&#8221;), y tama\u00f1o &#8220;62&#8221; referente a la gran talla 55. El casco no tiene abolladuras ni raja alguna.<\/span><\/span><\/p>\n","protected":false},"featured_media":15362,"template":"","meta":[],"product_brand":[],"product_cat":[172,224],"product_tag":[],"class_list":{"0":"post-15361","1":"product","2":"type-product","3":"status-publish","4":"has-post-thumbnail","6":"product_cat-militaria-alemana-ww2","7":"product_cat-archivo-vendidos","8":"sales-flash-overlay","9":"woocommerce-text-align-center","10":"woocommerce-image-align-center","11":"do-quantity-buttons","13":"first","14":"outofstock","15":"product-type-simple"},"_links":{"self":[{"href":"https:\/\/original-militaria.com\/en\/wp-json\/wp\/v2\/product\/15361","targetHints":{"allow":["GET"]}}],"collection":[{"href":"https:\/\/original-militaria.com\/en\/wp-json\/wp\/v2\/product"}],"about":[{"href":"https:\/\/original-militaria.com\/en\/wp-json\/wp\/v2\/types\/product"}],"wp:featuredmedia":[{"embeddable":true,"href":"https:\/\/original-militaria.com\/en\/wp-json\/wp\/v2\/media\/15362"}],"wp:attachment":[{"href":"https:\/\/original-militaria.com\/en\/wp-json\/wp\/v2\/media?parent=15361"}],"wp:term":[{"taxonomy":"product_brand","embeddable":true,"href":"https:\/\/original-militaria.com\/en\/wp-json\/wp\/v2\/product_brand?post=15361"},{"taxonomy":"product_cat","embeddable":true,"href":"https:\/\/original-militaria.com\/en\/wp-json\/wp\/v2\/product_cat?post=15361"},{"taxonomy":"product_tag","embeddable":true,"href":"https:\/\/original-militaria.com\/en\/wp-json\/wp\/v2\/product_tag?post=15361"}],"curies":[{"name":"wp","href":"https:\/\/api.w.org\/{rel}","templated":true}]}}