{"id":15293,"date":"2017-09-05T12:23:45","date_gmt":"2017-09-05T12:23:45","guid":{"rendered":"https:\/\/original-militaria.com\/?post_type=product&#038;p=15293"},"modified":"2022-01-31T19:08:56","modified_gmt":"2022-01-31T18:08:56","slug":"lw-guila-para-el-uniforme-de-verano-o-tropical-2","status":"publish","type":"product","link":"https:\/\/original-militaria.com\/en\/producto\/lw-guila-para-el-uniforme-de-verano-o-tropical-2\/","title":{"rendered":"Luftwaffe\/ Breast Eagle for Summer of Tropical Uniform &#8212; LW\/ \u00c1guila para el Uniforme de Verano o Tropical"},"content":{"rendered":"<p style=\"text-align: justify\"><strong><span style=\"font-size: medium\"><span style=\"font-family: Verdana\">ANTECEDENTES:<\/span><\/span><\/strong><span style=\"font-size: medium\"><span style=\"font-family: Verdana\"> A los Oficiales se les permiti\u00f3 opcionalmente el uso de un uniforme blanco de verano entre el 1 de abril y el 30 de septiembre de cada a\u00f1o y por lo general la insignia que se usaba en estos uniformes se pod\u00eda quitar para facilitar la limpieza. Esto dio como resultado la aparici\u00f3n de un \u00e1guila LW de metal de uso exclusivo para estos uniformes, se utilizo lat\u00f3n y el tombac hasta 1938, cuando se empez\u00f3 a utilizar el aluminio y una variedad de aleaciones. Nota.- Fue muy usada de forma habitual en los uniformes durante la campa\u00f1a de \u00c1frica. <\/span><\/span><\/p>\n<p style=\"text-align: justify\"><strong><span style=\"font-size: medium\"><span style=\"font-family: Verdana\">DESCRIPCI\u00d3N:<\/span><\/span><\/strong><span style=\"font-size: medium\"><span style=\"font-family: Verdana\"> \u00c1guila (Hoheitsabzeichen) de 2\u00ba modelo (1937-1945), solida, para el uniforme de verano o tropical, de aleaci\u00f3n de aluminio, moldeada por inyecci\u00f3n, reverso s\u00f3lido. El \u00e1guila muestra buenos detalles y mantiene intacto su alfiler. Excelente estado, sin limpiar.<\/span><\/span><\/p>\n","protected":false},"excerpt":{"rendered":"<p style=\"text-align: justify\"><strong><span style=\"font-size: medium\"><span style=\"font-family: Verdana\">ANTECEDENTES:<\/span><\/span><\/strong><span style=\"font-size: medium\"><span style=\"font-family: Verdana\"> A los Oficiales se les permiti\u00f3 opcionalmente el uso de un uniforme blanco de verano entre el 1 de abril y el 30 de septiembre de cada a\u00f1o y por lo general la insignia que se usaba en estos uniformes se pod\u00eda quitar para facilitar la limpieza. Esto dio como resultado la aparici\u00f3n de un \u00e1guila LW de metal de uso exclusivo para estos uniformes, se utilizo lat\u00f3n y el tombac hasta 1938, cuando se empez\u00f3 a utilizar el aluminio y una variedad de aleaciones. Nota.- Fue muy usada de forma habitual en los uniformes durante la campa\u00f1a de \u00c1frica. <\/span><\/span><\/p>\n<p style=\"text-align: justify\"><strong><span style=\"font-size: medium\"><span style=\"font-family: Verdana\">DESCRIPCI\u00d3N:<\/span><\/span><\/strong><span style=\"font-size: medium\"><span style=\"font-family: Verdana\"> \u00c1guila (Hoheitsabzeichen) de 2\u00ba modelo (1937-1945), solida, para el uniforme de verano o tropical, de aleaci\u00f3n de aluminio, moldeada por inyecci\u00f3n, reverso s\u00f3lido. El \u00e1guila muestra buenos detalles y mantiene intacto su alfiler. Excelente estado, sin limpiar.<\/span><\/span><\/p>\n","protected":false},"featured_media":15294,"template":"","meta":[],"product_brand":[],"product_cat":[224],"product_tag":[],"class_list":{"0":"post-15293","1":"product","2":"type-product","3":"status-publish","4":"has-post-thumbnail","6":"product_cat-archivo-vendidos","7":"sales-flash-overlay","8":"woocommerce-text-align-center","9":"woocommerce-image-align-center","10":"do-quantity-buttons","12":"first","13":"outofstock","14":"product-type-simple"},"_links":{"self":[{"href":"https:\/\/original-militaria.com\/en\/wp-json\/wp\/v2\/product\/15293","targetHints":{"allow":["GET"]}}],"collection":[{"href":"https:\/\/original-militaria.com\/en\/wp-json\/wp\/v2\/product"}],"about":[{"href":"https:\/\/original-militaria.com\/en\/wp-json\/wp\/v2\/types\/product"}],"wp:featuredmedia":[{"embeddable":true,"href":"https:\/\/original-militaria.com\/en\/wp-json\/wp\/v2\/media\/15294"}],"wp:attachment":[{"href":"https:\/\/original-militaria.com\/en\/wp-json\/wp\/v2\/media?parent=15293"}],"wp:term":[{"taxonomy":"product_brand","embeddable":true,"href":"https:\/\/original-militaria.com\/en\/wp-json\/wp\/v2\/product_brand?post=15293"},{"taxonomy":"product_cat","embeddable":true,"href":"https:\/\/original-militaria.com\/en\/wp-json\/wp\/v2\/product_cat?post=15293"},{"taxonomy":"product_tag","embeddable":true,"href":"https:\/\/original-militaria.com\/en\/wp-json\/wp\/v2\/product_tag?post=15293"}],"curies":[{"name":"wp","href":"https:\/\/api.w.org\/{rel}","templated":true}]}}