{"id":15266,"date":"2017-09-05T12:23:35","date_gmt":"2017-09-05T12:23:35","guid":{"rendered":"https:\/\/original-militaria.com\/?post_type=product&#038;p=15266"},"modified":"2022-01-31T19:08:56","modified_gmt":"2022-01-31T18:08:56","slug":"wh-cinturon-de-gala-de-oficial","status":"publish","type":"product","link":"https:\/\/original-militaria.com\/en\/producto\/wh-cinturon-de-gala-de-oficial\/","title":{"rendered":"Wehrmacht\/Heer, Officer&#8217;s Brocade Belt &amp; Belt Buckle &#8212; Wehrmacht\/Heer, Cintur\u00f3n de Gala de Oficial"},"content":{"rendered":"<p style=\"text-align: justify;\"><strong><span style=\"font-size: medium;\"><span style=\"font-family: Verdana;\">ANTECEDENTES:<\/span><\/span><\/strong><span style=\"font-size: medium;\"><span style=\"font-family: Verdana;\"> Los cinturones militares y sus correspondientes hebillas se remontan siglos, fueron inicialmente dise\u00f1ados para la sujeci\u00f3n de espadas y dagas. En 1847 una nueva hebilla de liberaci\u00f3n r\u00e1pida con su correspondiente cintur\u00f3n se introdujo en el ej\u00e9rcito por un prusiano, el capit\u00e1n &#8220;Virschow&#8221;. Durante el Tercer Reich hubo una forma especifica de uso del cintur\u00f3n y hebilla; la hebilla se colocaba en el lado derecho y la hebilla de cierre correspondiente en el lado izquierdo. La hebilla de oficial de forma circular se introdujo el 9 de julio de 1937, junto con el cintur\u00f3n de brocado para el uso por oficiales del ej\u00e9rcito, se usaba en los uniformes de desfile y de servicio en presentaciones. Su uso se extendi\u00f3 dentro del ej\u00e9rcito incluso a los superintendentes y a las Bandas de M\u00fasica el 12 de abril de 1938. La hebilla en plata mate fue usada desde tenientes a coroneles, mientras que oficiales de m\u00e1s alta graduaci\u00f3n hasta generales utilizaron un cintur\u00f3n con la hebilla color oro mate. El cintur\u00f3n en plata y verde era el mismo para todos los oficiales de rangos, con excepci\u00f3n de la banda de m\u00fasica y Superintendentes que utilizan la plata y el rojo en sus cinturones. <\/span><\/span><\/p>\n<p style=\"text-align: justify;\"><strong><span style=\"font-size: medium;\"><span style=\"font-family: Verdana;\">DESCRIPCION: <\/span><\/span><\/strong><span style=\"font-size: medium;\"><span style=\"font-family: Verdana;\">Cintur\u00f3n de oficial de brocado para uniformes de gala (Waffenrock) de la WH con sus dos trabillas y con hebilla construida en dos piezas en aluminio color plata, lleva en la parte frontal un \u00e1guila WH con las alas barridas hacia abajo y una esv\u00e1stica en sus garras, todo ello en un magnifico relieve. La hebilla no tiene marcas visibles del fabricante. De gran calidad y en excelente estado.<\/span><\/span><span style=\"font-size: medium;\"><span style=\"font-family: Verdana;\"><br \/>\n<\/span><\/span><\/p>\n","protected":false},"excerpt":{"rendered":"<p style=\"text-align: justify;\"><strong><span style=\"font-size: medium;\"><span style=\"font-family: Verdana;\">ANTECEDENTES:<\/span><\/span><\/strong><span style=\"font-size: medium;\"><span style=\"font-family: Verdana;\"> Los cinturones militares y sus correspondientes hebillas se remontan siglos, fueron inicialmente dise\u00f1ados para la sujeci\u00f3n de espadas y dagas. En 1847 una nueva hebilla de liberaci\u00f3n r\u00e1pida con su correspondiente cintur\u00f3n se introdujo en el ej\u00e9rcito por un prusiano, el capit\u00e1n &#8220;Virschow&#8221;. Durante el Tercer Reich hubo una forma especifica de uso del cintur\u00f3n y hebilla; la hebilla se colocaba en el lado derecho y la hebilla de cierre correspondiente en el lado izquierdo. La hebilla de oficial de forma circular se introdujo el 9 de julio de 1937, junto con el cintur\u00f3n de brocado para el uso por oficiales del ej\u00e9rcito, se usaba en los uniformes de desfile y de servicio en presentaciones. Su uso se extendi\u00f3 dentro del ej\u00e9rcito incluso a los superintendentes y a las Bandas de M\u00fasica el 12 de abril de 1938. La hebilla en plata mate fue usada desde tenientes a coroneles, mientras que oficiales de m\u00e1s alta graduaci\u00f3n hasta generales utilizaron un cintur\u00f3n con la hebilla color oro mate. El cintur\u00f3n en plata y verde era el mismo para todos los oficiales de rangos, con excepci\u00f3n de la banda de m\u00fasica y Superintendentes que utilizan la plata y el rojo en sus cinturones. <\/span><\/span><\/p>\n<p style=\"text-align: justify;\"><strong><span style=\"font-size: medium;\"><span style=\"font-family: Verdana;\">DESCRIPCION: <\/span><\/span><\/strong><span style=\"font-size: medium;\"><span style=\"font-family: Verdana;\">Cintur\u00f3n de oficial de brocado para uniformes de gala (Waffenrock) de la WH con sus dos trabillas y con hebilla construida en dos piezas en aluminio color plata, lleva en la parte frontal un \u00e1guila WH con las alas barridas hacia abajo y una esv\u00e1stica en sus garras, todo ello en un magnifico relieve. La hebilla no tiene marcas visibles del fabricante. De gran calidad y en excelente estado.<\/span><\/span><span style=\"font-size: medium;\"><span style=\"font-family: Verdana;\"><br \/>\n<\/span><\/span><\/p>\n","protected":false},"featured_media":15267,"template":"","meta":[],"product_brand":[],"product_cat":[224],"product_tag":[],"class_list":{"0":"post-15266","1":"product","2":"type-product","3":"status-publish","4":"has-post-thumbnail","6":"product_cat-archivo-vendidos","7":"sales-flash-overlay","8":"woocommerce-text-align-center","9":"woocommerce-image-align-center","10":"do-quantity-buttons","12":"first","13":"outofstock","14":"product-type-simple"},"_links":{"self":[{"href":"https:\/\/original-militaria.com\/en\/wp-json\/wp\/v2\/product\/15266","targetHints":{"allow":["GET"]}}],"collection":[{"href":"https:\/\/original-militaria.com\/en\/wp-json\/wp\/v2\/product"}],"about":[{"href":"https:\/\/original-militaria.com\/en\/wp-json\/wp\/v2\/types\/product"}],"wp:featuredmedia":[{"embeddable":true,"href":"https:\/\/original-militaria.com\/en\/wp-json\/wp\/v2\/media\/15267"}],"wp:attachment":[{"href":"https:\/\/original-militaria.com\/en\/wp-json\/wp\/v2\/media?parent=15266"}],"wp:term":[{"taxonomy":"product_brand","embeddable":true,"href":"https:\/\/original-militaria.com\/en\/wp-json\/wp\/v2\/product_brand?post=15266"},{"taxonomy":"product_cat","embeddable":true,"href":"https:\/\/original-militaria.com\/en\/wp-json\/wp\/v2\/product_cat?post=15266"},{"taxonomy":"product_tag","embeddable":true,"href":"https:\/\/original-militaria.com\/en\/wp-json\/wp\/v2\/product_tag?post=15266"}],"curies":[{"name":"wp","href":"https:\/\/api.w.org\/{rel}","templated":true}]}}