{"id":15258,"date":"2017-09-05T12:23:32","date_gmt":"2017-09-05T12:23:32","guid":{"rendered":"https:\/\/original-militaria.com\/?post_type=product&#038;p=15258"},"modified":"2022-01-31T19:08:56","modified_gmt":"2022-01-31T18:08:56","slug":"wh-funda-para-casco-con-camuflaje-splinter","status":"publish","type":"product","link":"https:\/\/original-militaria.com\/en\/producto\/wh-funda-para-casco-con-camuflaje-splinter\/","title":{"rendered":"Wehrmacht\/Heer, Splinter Camo Combat Helmet Cover &#8212;  WH\/Heer, Funda para Casco de Combate con Camuflaje Splinter"},"content":{"rendered":"<p style=\"text-align: justify\"><span style=\"font-size: medium\"><span style=\"font-family: Verdana\">Funda\u00a0(Stahlhelmbez\u00fcge) cubre casco con camuflaje Splinter del 2\u00ba modelo, impermeable, mantiene los colores verdes y marrones vivos. Consta de cinco paneles cosidos a m\u00e1quina con dos paneles verticales a cada lado y un gran panel central rectangular para ajustar los contornos del casco. No tiene marcas visibles.\u00a0Este es un ejemplo de campo, no de producci\u00f3n en f\u00e1brica. Est\u00e1 en buen estado usado. Para casco talla 56 y 57.<\/span><\/span><\/p>\n<p style=\"text-align: justify\"><strong><span style=\"font-size: medium\"><span style=\"font-family: Verdana\">Nota.- <\/span><\/span><\/strong><span style=\"font-size: medium\"><span style=\"font-family: Verdana\">Este tipo de modelo no reglamentario sin el reverso en blanco, todo igual, hecho en el campo, se puede ver en el libro GERMAN CAMOUFLAGED HELMETS de Branislav Radovic<\/span><\/span><\/p>\n","protected":false},"excerpt":{"rendered":"<p style=\"text-align: justify\"><strong><span style=\"font-size: medium\"><span style=\"font-family: Verdana\">DESCRIPCI\u00d3N: <\/span><\/span><\/strong><span style=\"font-size: medium\"><span style=\"font-family: Verdana\">Funda\u00a0(Stahlhelmbez\u00fcge) cubre casco con camuflaje Splinter del 2\u00ba modelo, impermeable, mantiene los colores verdes y marrones vivos. Consta de cinco paneles cosidos a m\u00e1quina con dos paneles verticales a cada lado y un gran panel central rectangular para ajustar los contornos del casco. No tiene marcas visibles.\u00a0Este es un ejemplo de campo, no de producci\u00f3n en f\u00e1brica. Est\u00e1 en buen estado usado. Para casco talla 56 y 57.<\/span><\/span><\/p>\n<p style=\"text-align: justify\"><strong><span style=\"font-size: medium\"><span style=\"font-family: Verdana\">Nota.- <\/span><\/span><\/strong><span style=\"font-size: medium\"><span style=\"font-family: Verdana\">Este tipo de modelo no reglamentario sin el reverso en blanco, todo igual, hecho en el campo, se puede ver en el libro GERMAN CAMOUFLAGED HELMETS de Branislav Radovic<\/span><\/span><\/p>\n","protected":false},"featured_media":15259,"template":"","meta":[],"product_brand":[],"product_cat":[224],"product_tag":[],"class_list":{"0":"post-15258","1":"product","2":"type-product","3":"status-publish","4":"has-post-thumbnail","6":"product_cat-archivo-vendidos","7":"sales-flash-overlay","8":"woocommerce-text-align-center","9":"woocommerce-image-align-center","10":"do-quantity-buttons","12":"first","13":"outofstock","14":"product-type-simple"},"_links":{"self":[{"href":"https:\/\/original-militaria.com\/en\/wp-json\/wp\/v2\/product\/15258","targetHints":{"allow":["GET"]}}],"collection":[{"href":"https:\/\/original-militaria.com\/en\/wp-json\/wp\/v2\/product"}],"about":[{"href":"https:\/\/original-militaria.com\/en\/wp-json\/wp\/v2\/types\/product"}],"wp:featuredmedia":[{"embeddable":true,"href":"https:\/\/original-militaria.com\/en\/wp-json\/wp\/v2\/media\/15259"}],"wp:attachment":[{"href":"https:\/\/original-militaria.com\/en\/wp-json\/wp\/v2\/media?parent=15258"}],"wp:term":[{"taxonomy":"product_brand","embeddable":true,"href":"https:\/\/original-militaria.com\/en\/wp-json\/wp\/v2\/product_brand?post=15258"},{"taxonomy":"product_cat","embeddable":true,"href":"https:\/\/original-militaria.com\/en\/wp-json\/wp\/v2\/product_cat?post=15258"},{"taxonomy":"product_tag","embeddable":true,"href":"https:\/\/original-militaria.com\/en\/wp-json\/wp\/v2\/product_tag?post=15258"}],"curies":[{"name":"wp","href":"https:\/\/api.w.org\/{rel}","templated":true}]}}