{"id":15243,"date":"2017-09-05T12:23:26","date_gmt":"2017-09-05T12:23:26","guid":{"rendered":"https:\/\/original-militaria.com\/?post_type=product&#038;p=15243"},"modified":"2022-01-31T19:08:55","modified_gmt":"2022-01-31T18:08:55","slug":"lw-daga-de-oficial-de-smf","status":"publish","type":"product","link":"https:\/\/original-militaria.com\/en\/producto\/lw-daga-de-oficial-de-smf\/","title":{"rendered":"Luftwaffe\/ Officer\u00b4s Dagger &#8220;SMF&#8221; &#8212; LW\/ Daga de Oficial de &#8220;SMF&#8221;"},"content":{"rendered":"<p style=\"text-align: justify\"><strong><span style=\"font-size: medium\"><span style=\"font-family: Verdana\">ANTECEDENTES:<\/span><\/span><\/strong><span style=\"font-size: medium\"><span style=\"font-family: Verdana\"> El 15 de julio de 1937 se presenta el segundo modelo de la daga de Luftwaffe para el personal. El primer modelo de la daga se discontinu\u00f3 a partir de entonces. Con la introducci\u00f3n de este nuevo modelo tambi\u00e9n se establecieron los nuevos correajes de la daga para el uniforme. <\/span><\/span><\/p>\n<p style=\"text-align: justify\"><strong><span style=\"font-size: medium\"><span style=\"font-family: Verdana\">DESCRIPCION:<\/span><\/span><\/strong><span style=\"font-size: medium\"><span style=\"font-family: Verdana\"> Daga 2\u00ba modelo (Offizierdolch) de Oficial de la Luftwaffe con su bellota del fabricante &#8220;SMF, Solingen&#8221; (Stocker &amp; Co), con el rey estilizado de la compa\u00f1\u00eda que sostiene una insignia ascendente que apunta de la espada, modelo 1937 (reglamentaria a partir del 15 de julio de 1937 para sustituir a la antigua Fliegerdolch), de alta calidad y con todas las guarniciones de aluminio fundido coincidentes. La hoja de acero niquelado del tipo estilete es de doble corte,\u00a0se encuentra limpia,\u00a0viene marcada con el logo de este fabricante y encima la marca de control (Waffenamt), un p\u00e1jaro con\u00a0el n\u00famero 5. El pu\u00f1o de celuloide blanco con su\u00a0alambre enrollado en espiral y su arandela de cuero que est\u00e1 intacta en su lugar.\u00a0La vaina de acero granulada con un panel de hojas de roble cerca del extremo est\u00e1\u00a0involuta 8una de las mejores que he visto). En conjunto, excelente estado y de gran calidad.<\/span><\/span><\/p>\n<p style=\"text-align: justify\"><strong><span style=\"font-size: medium\"><span style=\"font-family: Verdana\">Nota.-<\/span><\/span><\/strong><span style=\"font-size: medium\"><span style=\"font-family: Verdana\"> Obs\u00e9rvese que est\u00e1 sin limpiar, se nota en el \u00e1guila.<\/span><\/span><\/p>\n","protected":false},"excerpt":{"rendered":"<p style=\"text-align: justify\"><strong><span style=\"font-size: medium\"><span style=\"font-family: Verdana\">ANTECEDENTES:<\/span><\/span><\/strong><span style=\"font-size: medium\"><span style=\"font-family: Verdana\"> El 15 de julio de 1937 se presenta el segundo modelo de la daga de Luftwaffe para el personal. El primer modelo de la daga se discontinu\u00f3 a partir de entonces. Con la introducci\u00f3n de este nuevo modelo tambi\u00e9n se establecieron los nuevos correajes de la daga para el uniforme. <\/span><\/span><\/p>\n<p style=\"text-align: justify\"><strong><span style=\"font-size: medium\"><span style=\"font-family: Verdana\">DESCRIPCION:<\/span><\/span><\/strong><span style=\"font-size: medium\"><span style=\"font-family: Verdana\"> Daga 2\u00ba modelo (Offizierdolch) de Oficial de la Luftwaffe con su bellota del fabricante <span style=\"color: #ff0000\">&#8220;SMF, Solingen&#8221; (Stocker &amp; Co)<\/span>, con el rey estilizado de la compa\u00f1\u00eda que sostiene una insignia ascendente que apunta de la espada, modelo 1937 (reglamentaria a partir del 15 de julio de 1937 para sustituir a la antigua Fliegerdolch), de alta calidad y con todas las guarniciones de aluminio fundido coincidentes. La hoja de acero niquelado del tipo estilete es de doble corte,\u00a0se encuentra limpia,\u00a0viene marcada con el <span style=\"color: #ff0000\">logo<\/span> de este fabricante y encima <span style=\"color: #ff0000\">la marca de control <\/span>(Waffenamt), un p\u00e1jaro con\u00a0el n\u00famero <span style=\"color: #ff0000\">5<\/span>. El pu\u00f1o de celuloide blanco con su\u00a0alambre enrollado en espiral y su arandela de cuero que est\u00e1 intacta en su lugar.\u00a0La vaina de acero granulada con un panel de hojas de roble cerca del extremo est\u00e1\u00a0involuta 8una de las mejores que he visto). En conjunto, excelente estado y de gran calidad.<\/span><\/span><\/p>\n<p style=\"text-align: justify\"><strong><span style=\"font-size: medium\"><span style=\"font-family: Verdana\">Nota.-<\/span><\/span><\/strong><span style=\"font-size: medium\"><span style=\"font-family: Verdana\"> Obs\u00e9rvese que est\u00e1 sin limpiar, se nota en el \u00e1guila.<\/span><\/span><\/p>\n","protected":false},"featured_media":15244,"template":"","meta":[],"product_brand":[],"product_cat":[224],"product_tag":[],"class_list":{"0":"post-15243","1":"product","2":"type-product","3":"status-publish","4":"has-post-thumbnail","6":"product_cat-archivo-vendidos","7":"sales-flash-overlay","8":"woocommerce-text-align-center","9":"woocommerce-image-align-center","10":"do-quantity-buttons","12":"first","13":"outofstock","14":"sold-individually","15":"product-type-simple"},"_links":{"self":[{"href":"https:\/\/original-militaria.com\/en\/wp-json\/wp\/v2\/product\/15243","targetHints":{"allow":["GET"]}}],"collection":[{"href":"https:\/\/original-militaria.com\/en\/wp-json\/wp\/v2\/product"}],"about":[{"href":"https:\/\/original-militaria.com\/en\/wp-json\/wp\/v2\/types\/product"}],"wp:featuredmedia":[{"embeddable":true,"href":"https:\/\/original-militaria.com\/en\/wp-json\/wp\/v2\/media\/15244"}],"wp:attachment":[{"href":"https:\/\/original-militaria.com\/en\/wp-json\/wp\/v2\/media?parent=15243"}],"wp:term":[{"taxonomy":"product_brand","embeddable":true,"href":"https:\/\/original-militaria.com\/en\/wp-json\/wp\/v2\/product_brand?post=15243"},{"taxonomy":"product_cat","embeddable":true,"href":"https:\/\/original-militaria.com\/en\/wp-json\/wp\/v2\/product_cat?post=15243"},{"taxonomy":"product_tag","embeddable":true,"href":"https:\/\/original-militaria.com\/en\/wp-json\/wp\/v2\/product_tag?post=15243"}],"curies":[{"name":"wp","href":"https:\/\/api.w.org\/{rel}","templated":true}]}}