{"id":15225,"date":"2017-09-05T12:23:19","date_gmt":"2017-09-05T12:23:19","guid":{"rendered":"https:\/\/original-militaria.com\/?post_type=product&#038;p=15225"},"modified":"2022-01-31T19:08:55","modified_gmt":"2022-01-31T18:08:55","slug":"gorra-de-visera-de-miembro-del-daf","status":"publish","type":"product","link":"https:\/\/original-militaria.com\/en\/producto\/gorra-de-visera-de-miembro-del-daf\/","title":{"rendered":"DAF\/ Member\u00b4s Visor Cap &#8212; Gorra de Visera de Miembro del DAF"},"content":{"rendered":"<p style=\"text-align: justify\"><strong><span style=\"font-size: medium\"><span style=\"font-family: Verdana\">ANTECEDENTES:<\/span><\/span><\/strong><span style=\"font-size: medium\"><span style=\"font-family: Verdana\"> Los sindicatos libres en Alemania se disolvieron cuando los nazis llegaron al poder en 1933, y sus miembros fueron absorbidos por el reci\u00e9n creado DAF, Deutsche Arbeitsfront. El DAF era originalmente una subsecci\u00f3n del NSDAP, pero se convirti\u00f3 en una organizaci\u00f3n afiliada en 1936, y fue la m\u00e1s\u00a0grande de todas las organizaciones. Los objetivos declarados del DAF eran crear una comunidad nacional de trabajadores\u00a0y profesionales, y educarlos en los principios nacionalsocialistas. La afiliaci\u00f3n era voluntaria, pero la mayor\u00eda de los trabajadores opt\u00f3 por unirse para aprovechar las oportunidades de ocio, deporte y viajes proporcionadas por la organizaci\u00f3n de bienestar social KdF &#8220;Kraft durch Freude&#8221;. La gorra\u00a0fue presentada por primera vez en 1934 y su dise\u00f1o estuvo basado en el popular modelo de gorra &#8220;Zivil-M\u00fctze&#8221; com\u00fan en ese momento.<\/span><\/span><\/p>\n<p style=\"text-align: justify\"><strong><span style=\"font-size: medium\"><span style=\"font-family: Verdana\">DESCRIPCI\u00d3N:<\/span><\/span><\/strong><span style=\"font-size: medium\"><span style=\"font-family: Verdana\">\u00a0 Gorra de visera (DAF M\u00fctze) color azul de corona circular de una sola pieza,\u00a0con banda central negra con hojas de roble y visera de fibra ennegrecida con reborde cosido. Al frente, emblema del DAF met\u00e1lico. En el interior de la gorra tenemos la t\u00edpica badana de cuero color tostado y un forro de seda color azul el\u00e9ctrico. En el centro dentro de un celuloide en forma de diamante est\u00e1 impreso en color plata el logo del DAF. En el interior de la badana tiene cosida la etiqueta original &#8220;RZM&#8221;. Excelente estado. <\/span><\/span><span style=\"font-size: medium\"><span style=\"font-family: Verdana\">Aproximadamente un tama\u00f1o 56. <\/span><\/span><\/p>\n","protected":false},"excerpt":{"rendered":"<p style=\"text-align: justify\"><strong><span style=\"font-size: medium\"><span style=\"font-family: Verdana\">ANTECEDENTES:<\/span><\/span><\/strong><span style=\"font-size: medium\"><span style=\"font-family: Verdana\"> Los sindicatos libres en Alemania se disolvieron cuando los nazis llegaron al poder en 1933, y sus miembros fueron absorbidos por el reci\u00e9n creado DAF, Deutsche Arbeitsfront. El DAF era originalmente una subsecci\u00f3n del NSDAP, pero se convirti\u00f3 en una organizaci\u00f3n afiliada en 1936, y fue la m\u00e1s\u00a0grande de todas las organizaciones. Los objetivos declarados del DAF eran crear una comunidad nacional de trabajadores\u00a0y profesionales, y educarlos en los principios nacionalsocialistas. La afiliaci\u00f3n era voluntaria, pero la mayor\u00eda de los trabajadores opt\u00f3 por unirse para aprovechar las oportunidades de ocio, deporte y viajes proporcionadas por la organizaci\u00f3n de bienestar social KdF &#8220;Kraft durch Freude&#8221;. La gorra\u00a0fue presentada por primera vez en 1934 y su dise\u00f1o estuvo basado en el popular modelo de gorra &#8220;Zivil-M\u00fctze&#8221; com\u00fan en ese momento.<\/span><\/span><\/p>\n<p style=\"text-align: justify\"><strong><span style=\"font-size: medium\"><span style=\"font-family: Verdana\">DESCRIPCI\u00d3N:<\/span><\/span><\/strong><span style=\"font-size: medium\"><span style=\"font-family: Verdana\">\u00a0 Gorra de visera (DAF M\u00fctze) color azul de corona circular de una sola pieza,\u00a0con banda central negra con hojas de roble y visera de fibra ennegrecida con reborde cosido. Al frente, emblema del DAF met\u00e1lico. En el interior de la gorra tenemos la t\u00edpica badana de cuero color tostado y un forro de seda color azul el\u00e9ctrico. En el centro dentro de un celuloide en forma de diamante est\u00e1 impreso en color plata el logo del DAF. En el interior de la badana tiene cosida la etiqueta original &#8220;RZM&#8221;. Excelente estado. <\/span><\/span><span style=\"font-size: medium\"><span style=\"font-family: Verdana\">Aproximadamente un tama\u00f1o 56. <\/span><\/span><\/p>\n","protected":false},"featured_media":15226,"template":"","meta":[],"product_brand":[],"product_cat":[224],"product_tag":[],"class_list":{"0":"post-15225","1":"product","2":"type-product","3":"status-publish","4":"has-post-thumbnail","6":"product_cat-archivo-vendidos","7":"sales-flash-overlay","8":"woocommerce-text-align-center","9":"woocommerce-image-align-center","10":"do-quantity-buttons","12":"first","13":"outofstock","14":"product-type-simple"},"_links":{"self":[{"href":"https:\/\/original-militaria.com\/en\/wp-json\/wp\/v2\/product\/15225","targetHints":{"allow":["GET"]}}],"collection":[{"href":"https:\/\/original-militaria.com\/en\/wp-json\/wp\/v2\/product"}],"about":[{"href":"https:\/\/original-militaria.com\/en\/wp-json\/wp\/v2\/types\/product"}],"wp:featuredmedia":[{"embeddable":true,"href":"https:\/\/original-militaria.com\/en\/wp-json\/wp\/v2\/media\/15226"}],"wp:attachment":[{"href":"https:\/\/original-militaria.com\/en\/wp-json\/wp\/v2\/media?parent=15225"}],"wp:term":[{"taxonomy":"product_brand","embeddable":true,"href":"https:\/\/original-militaria.com\/en\/wp-json\/wp\/v2\/product_brand?post=15225"},{"taxonomy":"product_cat","embeddable":true,"href":"https:\/\/original-militaria.com\/en\/wp-json\/wp\/v2\/product_cat?post=15225"},{"taxonomy":"product_tag","embeddable":true,"href":"https:\/\/original-militaria.com\/en\/wp-json\/wp\/v2\/product_tag?post=15225"}],"curies":[{"name":"wp","href":"https:\/\/api.w.org\/{rel}","templated":true}]}}