{"id":15220,"date":"2017-09-05T12:23:18","date_gmt":"2017-09-05T12:23:18","guid":{"rendered":"https:\/\/original-militaria.com\/?post_type=product&#038;p=15220"},"modified":"2022-01-31T19:08:55","modified_gmt":"2022-01-31T18:08:55","slug":"dak-cinturon-de-tropa-de-1942","status":"publish","type":"product","link":"https:\/\/original-militaria.com\/en\/producto\/dak-cinturon-de-tropa-de-1942\/","title":{"rendered":"Wehrmacht\/Afrikakorps Belt 1942 &#8211;DAK\/ Cintur\u00f3n de Tropa de &#8220;1942&#8221;"},"content":{"rendered":"<p style=\"text-align: justify\"><strong><span style=\"font-size: medium\"><span style=\"font-family: Verdana\">ANTECEDENTES:<\/span><\/span><\/strong><span style=\"font-size: medium\"><span style=\"font-family: Verdana\"> Los cinturones militares y sus correspondientes hebillas se remontan siglos, fueron inicialmente dise\u00f1ados para la sujeci\u00f3n de espadas y dagas. En 1847 una nueva hebilla de liberaci\u00f3n r\u00e1pida con su correspondiente cintur\u00f3n se introdujo en el ej\u00e9rcito por un prusiano, el capit\u00e1n\u00a0&#8220;Virschow&#8221;. A finales de 1940, con la inminente entrada de Alemania en la campa\u00f1a del norte de \u00c1frica, uniformes y equipos tropicales fueron r\u00e1pidamente dise\u00f1ados a tiempo para el DAK, Deutsches Afrika Korps a\u00a0la llegada de las tropas a Tr\u00edpoli en febrero de 1941. Uno de los equipos que se presentaron fue el cintur\u00f3n tropical, fabricado de lona color caqui. Finalmente, debido a la escasez de cuero, muchos de los uniformes y equipos tropicales de uso corriente fueron utilizados por las tropas que combatieron en las zonas meridionales de Europa y otros escenarios de batalla. <\/span><\/span><\/p>\n<p style=\"text-align: justify\"><strong><span style=\"font-size: medium\"><span style=\"font-family: Verdana\">DESCRIPCI\u00d3N: <\/span><\/span><\/strong><span style=\"font-size: medium\"><span style=\"font-family: Verdana\">Cintur\u00f3n tropical de lona (Tropen Koppel) para el DAK, color\u00a0caqui, con hebilla de captura de acero con su pintada\u00a0intacta. Tiene impresa en la punta, junto a la hebilla la manufactura del fabricante y la fecha &#8220;1942&#8221;, as\u00ed como la talla 90. Muy buen estado.<\/span><\/span><\/p>\n","protected":false},"excerpt":{"rendered":"<p style=\"text-align: justify\"><strong><span style=\"font-size: medium\"><span style=\"font-family: Verdana\">ANTECEDENTES:<\/span><\/span><\/strong><span style=\"font-size: medium\"><span style=\"font-family: Verdana\"> Los cinturones militares y sus correspondientes hebillas se remontan siglos, fueron inicialmente dise\u00f1ados para la sujeci\u00f3n de espadas y dagas. En 1847 una nueva hebilla de liberaci\u00f3n r\u00e1pida con su correspondiente cintur\u00f3n se introdujo en el ej\u00e9rcito por un prusiano, el capit\u00e1n\u00a0&#8220;Virschow&#8221;. A finales de 1940, con la inminente entrada de Alemania en la campa\u00f1a del norte de \u00c1frica, uniformes y equipos tropicales fueron r\u00e1pidamente dise\u00f1ados a tiempo para el DAK, Deutsches Afrika Korps a\u00a0la llegada de las tropas a Tr\u00edpoli en febrero de 1941. Uno de los equipos que se presentaron fue el cintur\u00f3n tropical, fabricado de lona color caqui. Finalmente, debido a la escasez de cuero, muchos de los uniformes y equipos tropicales de uso corriente fueron utilizados por las tropas que combatieron en las zonas meridionales de Europa y otros escenarios de batalla. <\/span><\/span><\/p>\n<p style=\"text-align: justify\"><strong><span style=\"font-size: medium\"><span style=\"font-family: Verdana\">DESCRIPCI\u00d3N: <\/span><\/span><\/strong><span style=\"font-size: medium\"><span style=\"font-family: Verdana\">Cintur\u00f3n tropical de lona (Tropen Koppel) para el DAK, color\u00a0caqui, con hebilla de captura de acero con su pintada\u00a0intacta. Tiene impresa en la punta, junto a la hebilla la manufactura del fabricante y la fecha &#8220;1942&#8221;, as\u00ed como la talla 90. Muy buen estado.<\/span><\/span><\/p>\n","protected":false},"featured_media":15221,"template":"","meta":[],"product_brand":[],"product_cat":[224],"product_tag":[],"class_list":{"0":"post-15220","1":"product","2":"type-product","3":"status-publish","4":"has-post-thumbnail","6":"product_cat-archivo-vendidos","7":"sales-flash-overlay","8":"woocommerce-text-align-center","9":"woocommerce-image-align-center","10":"do-quantity-buttons","12":"first","13":"outofstock","14":"product-type-simple"},"_links":{"self":[{"href":"https:\/\/original-militaria.com\/en\/wp-json\/wp\/v2\/product\/15220","targetHints":{"allow":["GET"]}}],"collection":[{"href":"https:\/\/original-militaria.com\/en\/wp-json\/wp\/v2\/product"}],"about":[{"href":"https:\/\/original-militaria.com\/en\/wp-json\/wp\/v2\/types\/product"}],"wp:featuredmedia":[{"embeddable":true,"href":"https:\/\/original-militaria.com\/en\/wp-json\/wp\/v2\/media\/15221"}],"wp:attachment":[{"href":"https:\/\/original-militaria.com\/en\/wp-json\/wp\/v2\/media?parent=15220"}],"wp:term":[{"taxonomy":"product_brand","embeddable":true,"href":"https:\/\/original-militaria.com\/en\/wp-json\/wp\/v2\/product_brand?post=15220"},{"taxonomy":"product_cat","embeddable":true,"href":"https:\/\/original-militaria.com\/en\/wp-json\/wp\/v2\/product_cat?post=15220"},{"taxonomy":"product_tag","embeddable":true,"href":"https:\/\/original-militaria.com\/en\/wp-json\/wp\/v2\/product_tag?post=15220"}],"curies":[{"name":"wp","href":"https:\/\/api.w.org\/{rel}","templated":true}]}}