{"id":15177,"date":"2017-09-05T12:23:01","date_gmt":"2017-09-05T12:23:01","guid":{"rendered":"https:\/\/original-militaria.com\/?post_type=product&#038;p=15177"},"modified":"2022-01-31T19:08:55","modified_gmt":"2022-01-31T18:08:55","slug":"ss-daga-tardia-m33-con-rzm-1198-39-ss","status":"publish","type":"product","link":"https:\/\/original-militaria.com\/en\/producto\/ss-daga-tardia-m33-con-rzm-1198-39-ss\/","title":{"rendered":"SS\/ M33 Dagger with &#8220;RZM 1198\/39 SS&#8221; &#8211;SS\/ Daga tard\u00eda M33 con &#8220;RZM, 1198\/39 SS&#8221;"},"content":{"rendered":"<p style=\"text-align: justify\"><strong><span style=\"font-size: medium\"><span style=\"font-family: Verdana\">ANTECEDENTES:<\/span><\/span><\/strong><span style=\"font-size: medium\"><span style=\"font-family: Verdana\"> Introducida en diciembre de 1933 y basada en un dise\u00f1o similar de la \u201cdaga de Holbien\u201d. La empu\u00f1adura era de color negro, ten\u00eda los runas de los SS insertadas en la empu\u00f1adura en un \u201cbot\u00f3n circular peque\u00f1o\u201d.\u00a0La hoja de acero llevaba el lema \u201cMeine Ehre Heist Treue\u201d (Mi Honor es Lealtad) grabado al acido en el centro en escritura g\u00f3tica. La empu\u00f1adura se hizo de una madera oscura generalmente de \u00e9bano, pero\u00a0en muchos casos, esta madera tenia demasiadas manchas marrones y si se quer\u00eda se te\u00f1\u00eda con un pigmento vegetal negro. Las empu\u00f1aduras de \u00faltima \u00e9poca eran hechas de una madera de roble llana que se coloreaba con pigmento negro. La vaina ten\u00eda un final negro con una capa de laca. Las guarniciones de la vaina en las dagas de primera \u00e9poca son de n\u00edquel s\u00f3lido. A partir del febrero de 1934 las dagas fueron pedidas solamente a trav\u00e9s de jefaturas de los SS y distribuidas a trav\u00e9s de los tres centros de distribuci\u00f3n en Munich, Dresden y Berl\u00edn. La daga cuelga de un solo suspensor de cuero de la correa, provistas de una hebilla y un clip de n\u00edquel. Fue unida a la correa por un lazo con el anillo en D de n\u00edquel para poner el clip. A finales de 1936 la daga cay\u00f3 bajo control del RZM, dando lugar a que se estampada\u00a0el logo\u00a0RZM y el\u00a0c\u00f3digo del fabricante en la hoja.\u00a0Despu\u00e9s de 1936 la vaina de la daga fue pintada no lacada, y\u00a0las guarniciones fueron de un metal de baja calidad. Fue retirada de la producci\u00f3n en 1942. <\/span><\/span><\/p>\n<p style=\"text-align: justify\"><strong><span style=\"font-size: medium\"><span style=\"font-family: Verdana\">DESCRIPCION:<\/span><\/span><\/strong><span style=\"font-size: medium\"><span style=\"font-family: Verdana\">\u00a0Buen ejemplo de daga\u00a0tard\u00eda M33 (SS Dienstdolch M33) de 1939. La hoja esta impecable, sin picaduras,\u00a0con el lema \u201cMeine Ehre Heist Treue\u201d, (Mi Honor es la Lealtad), grabado en el anverso al acido en escritura g\u00f3tica, en el reverso de\u00a0la hoja\u00a0el logo &#8220;RZM&#8221;\u00a0con c\u00f3digo\u00a0&#8220;1198\/39 SS&#8221;, c\u00f3digo RZM\u00a0al que todav\u00eda no se le ha podido atribuir fabricante, aunque est\u00e1 comprobado que fabric\u00f3 dagas SS de 1938 a 1940. Todas las guarniciones del mismo tipo encajan perfectamente en la excelente empu\u00f1adura tard\u00eda con un color muy agradable mostrando toques de marr\u00f3n oscuro y negro, con su bot\u00f3n<\/span><\/span><span style=\"font-size: medium\"><span style=\"font-family: Verdana\">\u00a0circular con las runas SS que mantiene un esmalte excelente y una p\u00e1tina agradable. El \u00e1guila es del estilo con\u00a0pico apuntando ligeramente hacia arriba, conservando detalles completos.\u00a0<\/span><\/span><span style=\"font-size: medium\"><span style=\"font-family: Verdana\">La vaina mantiene su color negro original al 95% con ligeros ara\u00f1azos t\u00edpicos de la edad y el uso,\u00a0l<\/span><\/span><span style=\"font-size: medium\"><span style=\"font-family: Verdana\">os tornillos y todos los accesorios est\u00e1n en su lugar.\u00a0Longitud 36 cm. <\/span><\/span><\/p>\n","protected":false},"excerpt":{"rendered":"<p style=\"text-align: justify\"><strong><span style=\"font-size: medium\"><span style=\"font-family: Verdana\">ANTECEDENTES:<\/span><\/span><\/strong><span style=\"font-size: medium\"><span style=\"font-family: Verdana\"> Introducida en diciembre de 1933 y basada en un dise\u00f1o similar de la \u201cdaga de Holbien\u201d. La empu\u00f1adura era de color negro, ten\u00eda los runas de los SS insertadas en la empu\u00f1adura en un \u201cbot\u00f3n circular peque\u00f1o\u201d.\u00a0La hoja de acero llevaba el lema \u201cMeine Ehre Heist Treue\u201d (Mi Honor es Lealtad) grabado al acido en el centro en escritura g\u00f3tica. La empu\u00f1adura se hizo de una madera oscura generalmente de \u00e9bano, pero\u00a0en muchos casos, esta madera tenia demasiadas manchas marrones y si se quer\u00eda se te\u00f1\u00eda con un pigmento vegetal negro. Las empu\u00f1aduras de \u00faltima \u00e9poca eran hechas de una madera de roble llana que se coloreaba con pigmento negro. La vaina ten\u00eda un final negro con una capa de laca. Las guarniciones de la vaina en las dagas de primera \u00e9poca son de n\u00edquel s\u00f3lido. A partir del febrero de 1934 las dagas fueron pedidas solamente a trav\u00e9s de jefaturas de los SS y distribuidas a trav\u00e9s de los tres centros de distribuci\u00f3n en Munich, Dresden y Berl\u00edn. La daga cuelga de un solo suspensor de cuero de la correa, provistas de una hebilla y un clip de n\u00edquel. Fue unida a la correa por un lazo con el anillo en D de n\u00edquel para poner el clip. A finales de 1936 la daga cay\u00f3 bajo control del RZM, dando lugar a que se estampada\u00a0el logo\u00a0RZM y el\u00a0c\u00f3digo del fabricante en la hoja.\u00a0Despu\u00e9s de 1936 la vaina de la daga fue pintada no lacada, y\u00a0las guarniciones fueron de un metal de baja calidad. Fue retirada de la producci\u00f3n en 1942. <\/span><\/span><\/p>\n<p style=\"text-align: justify\"><strong><span style=\"font-size: medium\"><span style=\"font-family: Verdana\">DESCRIPCION:<\/span><\/span><\/strong><span style=\"font-size: medium\"><span style=\"font-family: Verdana\">\u00a0Buen ejemplo de daga\u00a0tard\u00eda M33 (SS Dienstdolch M33) de 1939. La hoja esta impecable, sin picaduras,\u00a0con el lema <span style=\"color: #ff0000\">\u201cMeine Ehre Heist Treue\u201d<\/span>, (Mi Honor es la Lealtad), grabado en el anverso al acido en escritura g\u00f3tica, en el reverso de\u00a0la hoja\u00a0el logo <span style=\"color: #ff0000\">&#8220;RZM&#8221;<\/span>\u00a0con c\u00f3digo\u00a0<span style=\"color: #ff0000\">&#8220;1198\/39 SS&#8221;<\/span>, c\u00f3digo RZM\u00a0al que todav\u00eda no se le ha podido atribuir fabricante, aunque est\u00e1 comprobado que fabric\u00f3 dagas SS de 1938 a 1940. Todas las guarniciones del mismo tipo encajan perfectamente en la excelente empu\u00f1adura tard\u00eda con un color muy agradable mostrando toques de marr\u00f3n oscuro y negro, con su bot\u00f3n<\/span><\/span><span style=\"font-size: medium\"><span style=\"font-family: Verdana\">\u00a0circular con las runas SS que mantiene un esmalte excelente y una p\u00e1tina agradable. El \u00e1guila es del estilo con\u00a0pico apuntando ligeramente hacia arriba, conservando detalles completos.\u00a0<\/span><\/span><span style=\"font-size: medium\"><span style=\"font-family: Verdana\">La vaina mantiene su color negro original al 95% con ligeros ara\u00f1azos t\u00edpicos de la edad y el uso,\u00a0l<\/span><\/span><span style=\"font-size: medium\"><span style=\"font-family: Verdana\">os tornillos y todos los accesorios est\u00e1n en su lugar.\u00a0Longitud 36 cm. <\/span><\/span><\/p>\n","protected":false},"featured_media":15178,"template":"","meta":[],"product_brand":[],"product_cat":[224],"product_tag":[],"class_list":{"0":"post-15177","1":"product","2":"type-product","3":"status-publish","4":"has-post-thumbnail","6":"product_cat-archivo-vendidos","7":"sales-flash-overlay","8":"woocommerce-text-align-center","9":"woocommerce-image-align-center","10":"do-quantity-buttons","12":"first","13":"outofstock","14":"product-type-simple"},"_links":{"self":[{"href":"https:\/\/original-militaria.com\/en\/wp-json\/wp\/v2\/product\/15177","targetHints":{"allow":["GET"]}}],"collection":[{"href":"https:\/\/original-militaria.com\/en\/wp-json\/wp\/v2\/product"}],"about":[{"href":"https:\/\/original-militaria.com\/en\/wp-json\/wp\/v2\/types\/product"}],"wp:featuredmedia":[{"embeddable":true,"href":"https:\/\/original-militaria.com\/en\/wp-json\/wp\/v2\/media\/15178"}],"wp:attachment":[{"href":"https:\/\/original-militaria.com\/en\/wp-json\/wp\/v2\/media?parent=15177"}],"wp:term":[{"taxonomy":"product_brand","embeddable":true,"href":"https:\/\/original-militaria.com\/en\/wp-json\/wp\/v2\/product_brand?post=15177"},{"taxonomy":"product_cat","embeddable":true,"href":"https:\/\/original-militaria.com\/en\/wp-json\/wp\/v2\/product_cat?post=15177"},{"taxonomy":"product_tag","embeddable":true,"href":"https:\/\/original-militaria.com\/en\/wp-json\/wp\/v2\/product_tag?post=15177"}],"curies":[{"name":"wp","href":"https:\/\/api.w.org\/{rel}","templated":true}]}}