{"id":15155,"date":"2017-09-05T12:22:52","date_gmt":"2017-09-05T12:22:52","guid":{"rendered":"https:\/\/original-militaria.com\/?post_type=product&#038;p=15155"},"modified":"2022-01-31T19:08:55","modified_gmt":"2022-01-31T18:08:55","slug":"wh-dak-guardapolvos-de-motorista-m42-2","status":"publish","type":"product","link":"https:\/\/original-militaria.com\/en\/producto\/wh-dak-guardapolvos-de-motorista-m42-2\/","title":{"rendered":"Wehrmacht\/Afrikakorps, Tropical M42 Motorcyclist\u00b4s Protective Coat &#8212; WH\/DAK,  Guardapolvos de Motorista M42"},"content":{"rendered":"<p style=\"text-align: justify\"><strong><span style=\"font-size: medium\"><span style=\"font-family: Verdana\">ANTECEDENTES:<\/span><\/span><\/strong><span style=\"font-size: medium\"><span style=\"font-family: Verdana\"> Los motoristas fueron equipados con ropa especial de protecci\u00f3n, que inclu\u00eda guardapolvos, impermeables y guantes especiales. Tanto los abrigos como los guantes se hicieron muy populares entre las tropas por su apariencia y estilo,\u00a0y\u00a0fueron muy usados por tropas no motorizadas a pesar de los reglamentos. Est\u00e1 prenda protectora se introdujo originalmente el 12 de noviembre de 1934, con un dise\u00f1o \u00fanico destinado espec\u00edficamente para llevar las tropas que usaban motocicletas. Se llev\u00f3 durante toda la guerra con peque\u00f1as modificaciones en la fabricaci\u00f3n. A finales de 1940, con la inminente entrada de Alemania en la campa\u00f1a del norte de \u00c1frica, uniformes y equipo tropical fue r\u00e1pidamente elaborado y publicado para el DAK, Deutsches Afrika Korps (Cuerpo Alem\u00e1n de \u00c1frica), se fabricaron con telas de diferente tonalidad de color. <\/span><\/span><\/p>\n<p style=\"text-align: justify\"><strong><span style=\"font-size: medium\"><span style=\"font-family: Verdana\">DESCRIPCION:<\/span><\/span><\/strong><span style=\"font-size: medium\"><span style=\"font-family: Verdana\"> Guardapolvos (Tropen Kradmantel) de gran talla para motoristas del DAK, repelente al agua,\u00a0tiene grandes solapas en el cuello con y corchete met\u00e1lico para su ajuste, en su frontal de doble cierre con cuatro botones situados en el pecho de doble panel con un bolsillo interior, tambi\u00e9n tiene dos bolsillos amplios con solapa y bot\u00f3n en los costados. Tiene un cintur\u00f3n amplio con tres botones con dos leng\u00fcetas, fue dise\u00f1ado para envolver alrededor de la espalda del motorista, ya sea en el lado derecho la costura o la parte delantera, seg\u00fan sea necesario. Tiene un \u00fanico sistema de botones para envolver y asegurar la parte inferior alrededor de las piernas del motorista. Las mangas son ranglaras, con las axilas abiertas para la ventilaci\u00f3n y para hacer m\u00e1s f\u00e1cil la conducci\u00f3n, estas se van cerrando hacia los pu\u00f1os que tienen dos botones con una leng\u00fceta para ajustarlos. Tiene trabillas en los hombros con bot\u00f3n para poder poner las hombreras identificativos de rango y arma al que pertenec\u00edan. En la parte de abajo, a cada lado dos botones. En la parte trasera de amplio fuelle que fue dise\u00f1ado para envolver al motociclista, tiene en su parte inferior apertura con botones para su comodidad, en el interior sin forrar, tiene a la altura de la punta de espalda forro de malla de algod\u00f3n parcialmente abierto para ventilaci\u00f3n. En el lado izquierdo a la altura de la cintura tiene un peque\u00f1o cintur\u00f3n extendido horizontalmente con tres botones y sus ojales correspondientes. A la altura del pecho en la parte interior tiene bien marcado los datos de fabricante, ubicaci\u00f3n, etc. En general est\u00e1 en excelente estado. <\/span><\/span><\/p>\n<p style=\"text-align: justify\"><strong><span style=\"font-size: medium\"><span style=\"font-family: Verdana\">Nota.-<\/span><\/span><\/strong><span style=\"font-size: medium\"><span style=\"font-family: Verdana\"> La gorra M41 no entra en el precio, la tenemos en venta en la secci\u00f3n sombrerer\u00eda.<\/span><\/span><\/p>\n","protected":false},"excerpt":{"rendered":"<p style=\"text-align: justify\"><strong><span style=\"font-size: medium\"><span style=\"font-family: Verdana\">ANTECEDENTES:<\/span><\/span><\/strong><span style=\"font-size: medium\"><span style=\"font-family: Verdana\"> Los motoristas fueron equipados con ropa especial de protecci\u00f3n, que inclu\u00eda guardapolvos, impermeables y guantes especiales. Tanto los abrigos como los guantes se hicieron muy populares entre las tropas por su apariencia y estilo,\u00a0y\u00a0fueron muy usados por tropas no motorizadas a pesar de los reglamentos. Est\u00e1 prenda protectora se introdujo originalmente el 12 de noviembre de 1934, con un dise\u00f1o \u00fanico destinado espec\u00edficamente para llevar las tropas que usaban motocicletas. Se llev\u00f3 durante toda la guerra con peque\u00f1as modificaciones en la fabricaci\u00f3n. A finales de 1940, con la inminente entrada de Alemania en la campa\u00f1a del norte de \u00c1frica, uniformes y equipo tropical fue r\u00e1pidamente elaborado y publicado para el DAK, Deutsches Afrika Korps (Cuerpo Alem\u00e1n de \u00c1frica), se fabricaron con telas de diferente tonalidad de color. <\/span><\/span><\/p>\n<p style=\"text-align: justify\"><strong><span style=\"font-size: medium\"><span style=\"font-family: Verdana\">DESCRIPCION:<\/span><\/span><\/strong><span style=\"font-size: medium\"><span style=\"font-family: Verdana\"> Guardapolvos (Tropen Kradmantel) de gran talla para motoristas del DAK, repelente al agua,\u00a0tiene grandes solapas en el cuello con y corchete met\u00e1lico para su ajuste, en su frontal de doble cierre con cuatro botones situados en el pecho de doble panel con un bolsillo interior, tambi\u00e9n tiene dos bolsillos amplios con solapa y bot\u00f3n en los costados. Tiene un cintur\u00f3n amplio con tres botones con dos leng\u00fcetas, fue dise\u00f1ado para envolver alrededor de la espalda del motorista, ya sea en el lado derecho la costura o la parte delantera, seg\u00fan sea necesario. Tiene un \u00fanico sistema de botones para envolver y asegurar la parte inferior alrededor de las piernas del motorista. Las mangas son ranglaras, con las axilas abiertas para la ventilaci\u00f3n y para hacer m\u00e1s f\u00e1cil la conducci\u00f3n, estas se van cerrando hacia los pu\u00f1os que tienen dos botones con una leng\u00fceta para ajustarlos. Tiene trabillas en los hombros con bot\u00f3n para poder poner las hombreras identificativos de rango y arma al que pertenec\u00edan. En la parte de abajo, a cada lado dos botones. En la parte trasera de amplio fuelle que fue dise\u00f1ado para envolver al motociclista, tiene en su parte inferior apertura con botones para su comodidad, en el interior sin forrar, tiene a la altura de la punta de espalda forro de malla de algod\u00f3n parcialmente abierto para ventilaci\u00f3n. En el lado izquierdo a la altura de la cintura tiene un peque\u00f1o cintur\u00f3n extendido horizontalmente con tres botones y sus ojales correspondientes. A la altura del pecho en la parte interior tiene bien marcado los datos de fabricante, ubicaci\u00f3n, etc. En general est\u00e1 en excelente estado. <\/span><\/span><\/p>\n<p style=\"text-align: justify\"><strong><span style=\"font-size: medium\"><span style=\"font-family: Verdana\">Nota.-<\/span><\/span><\/strong><span style=\"font-size: medium\"><span style=\"font-family: Verdana\"> La gorra M41 no entra en el precio, la tenemos en venta en la secci\u00f3n sombrerer\u00eda.<\/span><\/span><\/p>\n","protected":false},"featured_media":15156,"template":"","meta":[],"product_brand":[],"product_cat":[224],"product_tag":[],"class_list":{"0":"post-15155","1":"product","2":"type-product","3":"status-publish","4":"has-post-thumbnail","6":"product_cat-archivo-vendidos","7":"sales-flash-overlay","8":"woocommerce-text-align-center","9":"woocommerce-image-align-center","10":"do-quantity-buttons","12":"first","13":"outofstock","14":"purchasable","15":"product-type-simple"},"_links":{"self":[{"href":"https:\/\/original-militaria.com\/en\/wp-json\/wp\/v2\/product\/15155","targetHints":{"allow":["GET"]}}],"collection":[{"href":"https:\/\/original-militaria.com\/en\/wp-json\/wp\/v2\/product"}],"about":[{"href":"https:\/\/original-militaria.com\/en\/wp-json\/wp\/v2\/types\/product"}],"wp:featuredmedia":[{"embeddable":true,"href":"https:\/\/original-militaria.com\/en\/wp-json\/wp\/v2\/media\/15156"}],"wp:attachment":[{"href":"https:\/\/original-militaria.com\/en\/wp-json\/wp\/v2\/media?parent=15155"}],"wp:term":[{"taxonomy":"product_brand","embeddable":true,"href":"https:\/\/original-militaria.com\/en\/wp-json\/wp\/v2\/product_brand?post=15155"},{"taxonomy":"product_cat","embeddable":true,"href":"https:\/\/original-militaria.com\/en\/wp-json\/wp\/v2\/product_cat?post=15155"},{"taxonomy":"product_tag","embeddable":true,"href":"https:\/\/original-militaria.com\/en\/wp-json\/wp\/v2\/product_tag?post=15155"}],"curies":[{"name":"wp","href":"https:\/\/api.w.org\/{rel}","templated":true}]}}