{"id":15108,"date":"2017-09-05T12:22:34","date_gmt":"2017-09-05T12:22:34","guid":{"rendered":"https:\/\/original-militaria.com\/?post_type=product&#038;p=15108"},"modified":"2022-01-31T19:08:55","modified_gmt":"2022-01-31T18:08:55","slug":"dak-pareja-de-escudos-para-salacot","status":"publish","type":"product","link":"https:\/\/original-militaria.com\/en\/producto\/dak-pareja-de-escudos-para-salacot\/","title":{"rendered":"Wehrmacht Afrikakorps Pith Helmet Shields &#8212; DAK\/ Pareja de Escudos para Salacot"},"content":{"rendered":"<p style=\"text-align: justify\"><span style=\"font-size: medium\"><span style=\"font-family: Verdana\">Excepcional pareja de Escudos a juego para el salacot Tropical del DAK (Tropenhelms Abzeichen) en\u00a0inmejorable\u00a0estado, de una gran calidad como puede apreciarse en las fotos. Ambos mantienen sus colores intactos, uno con los tres colores nacionales, negro, plata (blanco) y rojo, fabricado en aluminio, la base es granulada, mantiene en el reverso sus tres dientes intactos,\u00a0el otro con el \u00e1guila nacional fabricada en chapa estampada, tiene un \u00e1guila con las alas barridas hac\u00eda abajo en alto relieve, muy bien detallada, en el reverso tiene sus tres dientes intactos.<br \/>\n<\/span><\/span><\/p>\n","protected":false},"excerpt":{"rendered":"<p style=\"text-align: justify\"><strong><span style=\"font-size: medium\"><span style=\"font-family: Verdana\">DESCRIPCION:<\/span><\/span><\/strong><span style=\"font-size: medium\"><span style=\"font-family: Verdana\"> Excepcional pareja de Escudos para el salacot Tropical del DAK (Tropenhelms Abzeichen) en\u00a0inmejorable\u00a0estado, de una gran calidad como puede apreciarse en las fotos. Ambos mantienen sus colores intactos, uno con los tres colores nacionales, negro, plata (blanco) y rojo, fabricado en aluminio, la base es granulada, mantiene en el reverso sus tres dientes intactos,\u00a0el otro con el \u00e1guila nacional fabricada en chapa estampada, tiene un \u00e1guila con las alas barridas hac\u00eda abajo en alto relieve, muy bien detallada, en el reverso tiene sus tres dientes intactos.<br \/>\n<\/span><\/span><\/p>\n","protected":false},"featured_media":15109,"template":"","meta":[],"product_brand":[],"product_cat":[224],"product_tag":[],"class_list":{"0":"post-15108","1":"product","2":"type-product","3":"status-publish","4":"has-post-thumbnail","6":"product_cat-archivo-vendidos","7":"sales-flash-overlay","8":"woocommerce-text-align-center","9":"woocommerce-image-align-center","10":"do-quantity-buttons","12":"first","13":"outofstock","14":"product-type-simple"},"_links":{"self":[{"href":"https:\/\/original-militaria.com\/en\/wp-json\/wp\/v2\/product\/15108","targetHints":{"allow":["GET"]}}],"collection":[{"href":"https:\/\/original-militaria.com\/en\/wp-json\/wp\/v2\/product"}],"about":[{"href":"https:\/\/original-militaria.com\/en\/wp-json\/wp\/v2\/types\/product"}],"wp:featuredmedia":[{"embeddable":true,"href":"https:\/\/original-militaria.com\/en\/wp-json\/wp\/v2\/media\/15109"}],"wp:attachment":[{"href":"https:\/\/original-militaria.com\/en\/wp-json\/wp\/v2\/media?parent=15108"}],"wp:term":[{"taxonomy":"product_brand","embeddable":true,"href":"https:\/\/original-militaria.com\/en\/wp-json\/wp\/v2\/product_brand?post=15108"},{"taxonomy":"product_cat","embeddable":true,"href":"https:\/\/original-militaria.com\/en\/wp-json\/wp\/v2\/product_cat?post=15108"},{"taxonomy":"product_tag","embeddable":true,"href":"https:\/\/original-militaria.com\/en\/wp-json\/wp\/v2\/product_tag?post=15108"}],"curies":[{"name":"wp","href":"https:\/\/api.w.org\/{rel}","templated":true}]}}