{"id":15037,"date":"2017-09-05T12:22:07","date_gmt":"2017-09-05T12:22:07","guid":{"rendered":"https:\/\/original-militaria.com\/?post_type=product&#038;p=15037"},"modified":"2022-01-31T19:08:55","modified_gmt":"2022-01-31T18:08:55","slug":"wh-dak-hombreras-tropicales-de-suboficial-de-infanteria","status":"publish","type":"product","link":"https:\/\/original-militaria.com\/en\/producto\/wh-dak-hombreras-tropicales-de-suboficial-de-infanteria\/","title":{"rendered":"Wehrmacht\/Afrikakorps, Sergeant Tropical Signals Shoulder Straps &#8212;  WH\/DAK Hombreras Tropicales de Suboficial del Cuerpo de Se\u00f1ales"},"content":{"rendered":"<p style=\"text-align: justify\"><span style=\"font-family: verdana, geneva, sans-serif;font-size: 12pt\">Excepcionales y muy raras hombreras tropicales de Suboficial (Schulterklappen Unteroffizier Nachrichten) para uniforme del DAK en excelente estado, desmontables, con waffenfarbe amarillo que se ha blanqueado un poco, para el cuerpo de se\u00f1ales, son de algod\u00f3n ligero color caqui, la parte posterior de las hombreras es de lana. Sin uso o muy poco.<\/span><\/p>\n","protected":false},"excerpt":{"rendered":"<p style=\"text-align: justify\"><strong><span style=\"font-size: medium\"><span style=\"font-family: Verdana\">DESCRIPCION:<\/span><\/span><\/strong><span style=\"font-size: medium\"><span style=\"font-family: Verdana\"> Excepcionales y muy raras hombreras tropicales de Suboficial (Schulterklappen Unteroffizier Infanterie) de infanter\u00eda para uniforme del DAK en excelente estado (art\u00edculo de dep\u00f3sito)\u00a0desmontables con waffenfarbe color blanco (un poco amarillento) para la rama de infanter\u00eda, son de algod\u00f3n ligero color caqui, la parte posterior de las hombreras es de lana. Sin uso. <\/span><\/span><\/p>\n","protected":false},"featured_media":15038,"template":"","meta":[],"product_brand":[],"product_cat":[224],"product_tag":[],"class_list":{"0":"post-15037","1":"product","2":"type-product","3":"status-publish","4":"has-post-thumbnail","6":"product_cat-archivo-vendidos","7":"sales-flash-overlay","8":"woocommerce-text-align-center","9":"woocommerce-image-align-center","10":"do-quantity-buttons","12":"first","13":"outofstock","14":"product-type-simple"},"_links":{"self":[{"href":"https:\/\/original-militaria.com\/en\/wp-json\/wp\/v2\/product\/15037","targetHints":{"allow":["GET"]}}],"collection":[{"href":"https:\/\/original-militaria.com\/en\/wp-json\/wp\/v2\/product"}],"about":[{"href":"https:\/\/original-militaria.com\/en\/wp-json\/wp\/v2\/types\/product"}],"wp:featuredmedia":[{"embeddable":true,"href":"https:\/\/original-militaria.com\/en\/wp-json\/wp\/v2\/media\/15038"}],"wp:attachment":[{"href":"https:\/\/original-militaria.com\/en\/wp-json\/wp\/v2\/media?parent=15037"}],"wp:term":[{"taxonomy":"product_brand","embeddable":true,"href":"https:\/\/original-militaria.com\/en\/wp-json\/wp\/v2\/product_brand?post=15037"},{"taxonomy":"product_cat","embeddable":true,"href":"https:\/\/original-militaria.com\/en\/wp-json\/wp\/v2\/product_cat?post=15037"},{"taxonomy":"product_tag","embeddable":true,"href":"https:\/\/original-militaria.com\/en\/wp-json\/wp\/v2\/product_tag?post=15037"}],"curies":[{"name":"wp","href":"https:\/\/api.w.org\/{rel}","templated":true}]}}