{"id":15028,"date":"2017-09-05T12:22:03","date_gmt":"2017-09-05T12:22:03","guid":{"rendered":"https:\/\/original-militaria.com\/?post_type=product&#038;p=15028"},"modified":"2022-01-31T19:08:55","modified_gmt":"2022-01-31T18:08:55","slug":"wh-heer-daga-de-oficial-del-ejercito-de-tierra-eickhorn","status":"publish","type":"product","link":"https:\/\/original-militaria.com\/en\/producto\/wh-heer-daga-de-oficial-del-ejercito-de-tierra-eickhorn\/","title":{"rendered":"Wehrmacht\/Heer, Officer\u00b4s Dagger &#8220;Eickhorn\u201d &#8212; WH\/HEER, Daga de Oficial del Ej\u00e9rcito de Tierra &#8220;Eickhorn\u201d"},"content":{"rendered":"<p align=\"justify\"><span style=\"font-size: medium\"><strong><span style=\"font-family: Verdana\">ANTECEDENTES:<\/span><\/strong><span style=\"font-family: Verdana\"> El oficial de ej\u00e9rcito alem\u00e1n hab\u00eda usado tradicionalmente un sable como parte del\u00a0uniforme y esta tradici\u00f3n fue continuada con Weimar y al principio del tercer Reich. En un intento por aumentar la\u00a0moral,\u00a0Hitler introdujo la daga y conserv\u00f3 el sable para ocasiones m\u00e1s formales. La daga fue dise\u00f1ada por el artista gr\u00e1fico Paul Casberg de Berl\u00edn y aprobada oficialmente para su uso el 4 de mayo de 1935, \u00a0junto con suspensiones espec\u00edficamente labradas para la daga y un portepee de nuevo\u00a0patr\u00f3n. La producci\u00f3n de la daga deb\u00eda ser continuada seg\u00fan regulaciones del 27 de mayo de 1943 y el uso adicional de la daga fue prohibido por orden del 5 de septiembre de 1944. Las regulaciones adicionales del 23 de diciembre de 1944 indicaron que los oficiales\u00a0deb\u00edan usar una pistola en lugar de la daga. <\/span><\/span><\/p>\n<p align=\"justify\"><span style=\"font-size: medium\"><strong><span style=\"font-family: Verdana\">DESCRIPCION:<\/span><\/strong><span style=\"font-family: Verdana\"> Daga de oficial del ej\u00e9rcito de tierra (Heer Offizierdolch), esta construida\u00a0con hoja de acero de doble corte con una m\u00e1s que bonita patina,\u00a0sin picaduras, con\u00a0el logo modelo 1936-1941\u00a0bien definido del fabricante\u00a0\u201cEickhorn\u201d de Solingen. La pieza transversal o guarnici\u00f3n inferior lleva el \u00e1guila nacional del ej\u00e9rcito, y el pomo con el color\u00a0blanco\u00a0est\u00e1 orlado con hojas de roble.\u00a0La vaina tiene paneles granulados y dos anillas para colgar.\u00a0Modelo de finales de este fabricante por el tipo de guarniciones que lleva. Buen estado general.<\/span><\/span><\/p>\n","protected":false},"excerpt":{"rendered":"<p align=\"justify\"><span style=\"font-size: medium\"><strong><span style=\"font-family: Verdana\">ANTECEDENTES:<\/span><\/strong><span style=\"font-family: Verdana\"> El oficial de ej\u00e9rcito alem\u00e1n hab\u00eda usado tradicionalmente un sable como parte del\u00a0uniforme y esta tradici\u00f3n fue continuada con Weimar y al principio del tercer Reich. En un intento por aumentar la\u00a0moral,\u00a0Hitler introdujo la daga y conserv\u00f3 el sable para ocasiones m\u00e1s formales. La daga fue dise\u00f1ada por el artista gr\u00e1fico Paul Casberg de Berl\u00edn y aprobada oficialmente para su uso el 4 de mayo de 1935, \u00a0junto con suspensiones espec\u00edficamente labradas para la daga y un portepee de nuevo\u00a0patr\u00f3n. La producci\u00f3n de la daga deb\u00eda ser continuada seg\u00fan regulaciones del 27 de mayo de 1943 y el uso adicional de la daga fue prohibido por orden del 5 de septiembre de 1944. Las regulaciones adicionales del 23 de diciembre de 1944 indicaron que los oficiales\u00a0deb\u00edan usar una pistola en lugar de la daga. <\/span><\/span><\/p>\n<p align=\"justify\"><span style=\"font-size: medium\"><strong><span style=\"font-family: Verdana\">DESCRIPCION:<\/span><\/strong><span style=\"font-family: Verdana\"> Daga de oficial del ej\u00e9rcito de tierra (Heer Offizierdolch), esta construida\u00a0con hoja de acero de doble corte con una m\u00e1s que bonita patina,\u00a0sin picaduras, con\u00a0el logo modelo 1936-1941\u00a0bien definido del fabricante<span style=\"color: #ff0000\">\u00a0\u201cEickhorn\u201d<\/span> de Solingen. La pieza transversal o guarnici\u00f3n inferior lleva el \u00e1guila nacional del ej\u00e9rcito, y el pomo con el color\u00a0blanco\u00a0est\u00e1 orlado con hojas de roble.\u00a0La vaina tiene paneles granulados y dos anillas para colgar.\u00a0Modelo de finales de este fabricante por el tipo de guarniciones que lleva. Buen estado general.<\/span><\/span><\/p>\n","protected":false},"featured_media":15029,"template":"","meta":[],"product_brand":[],"product_cat":[224],"product_tag":[],"class_list":{"0":"post-15028","1":"product","2":"type-product","3":"status-publish","4":"has-post-thumbnail","6":"product_cat-archivo-vendidos","7":"sales-flash-overlay","8":"woocommerce-text-align-center","9":"woocommerce-image-align-center","10":"do-quantity-buttons","12":"first","13":"outofstock","14":"product-type-simple"},"_links":{"self":[{"href":"https:\/\/original-militaria.com\/en\/wp-json\/wp\/v2\/product\/15028","targetHints":{"allow":["GET"]}}],"collection":[{"href":"https:\/\/original-militaria.com\/en\/wp-json\/wp\/v2\/product"}],"about":[{"href":"https:\/\/original-militaria.com\/en\/wp-json\/wp\/v2\/types\/product"}],"wp:featuredmedia":[{"embeddable":true,"href":"https:\/\/original-militaria.com\/en\/wp-json\/wp\/v2\/media\/15029"}],"wp:attachment":[{"href":"https:\/\/original-militaria.com\/en\/wp-json\/wp\/v2\/media?parent=15028"}],"wp:term":[{"taxonomy":"product_brand","embeddable":true,"href":"https:\/\/original-militaria.com\/en\/wp-json\/wp\/v2\/product_brand?post=15028"},{"taxonomy":"product_cat","embeddable":true,"href":"https:\/\/original-militaria.com\/en\/wp-json\/wp\/v2\/product_cat?post=15028"},{"taxonomy":"product_tag","embeddable":true,"href":"https:\/\/original-militaria.com\/en\/wp-json\/wp\/v2\/product_tag?post=15028"}],"curies":[{"name":"wp","href":"https:\/\/api.w.org\/{rel}","templated":true}]}}