{"id":15014,"date":"2017-09-05T12:21:58","date_gmt":"2017-09-05T12:21:58","guid":{"rendered":"https:\/\/original-militaria.com\/?post_type=product&#038;p=15014"},"modified":"2022-01-31T19:08:55","modified_gmt":"2022-01-31T18:08:55","slug":"km-daga-de-oficial-2-modelo-de-e-u-f-horster","status":"publish","type":"product","link":"https:\/\/original-militaria.com\/en\/producto\/km-daga-de-oficial-2-modelo-de-e-u-f-horster\/","title":{"rendered":"Kriegsmarine\/ Officer\u00b4s Dagger &#8220;E.U.F. HORSTER&#8221; &#8212; KM\/ Daga de Oficial 2\u00ba Modelo de &#8220;E.U.F. HORSTER&#8221;"},"content":{"rendered":"<p style=\"text-align: justify\"><strong><span style=\"font-size: medium\"><span style=\"font-family: Verdana\">ANTECEDENTES:<\/span><\/span><\/strong><span style=\"font-size: medium\"><span style=\"font-family: Verdana\"> La Kriegsmarine\u00a0fue la \u00faltima de las tres ramas de las fuerzas armadas alemanas en adoptar una daga el 28 de enero de 1938. La daga de Kriegsmarine era una versi\u00f3n modificada de un dise\u00f1o tradicional de la marina de guerra prusiana en 1848. La modificaci\u00f3n principal\u00a0fue un cambio en el pomo formado por la \u201cllama\u201d de Reichsmarine a una que ofrec\u00eda el \u00e1guila nacional con la esv\u00e1stica.<\/span><\/span><\/p>\n<p style=\"text-align: justify\"><strong><span style=\"font-size: medium\"><span style=\"font-family: Verdana\">DESCRIPCION:<\/span><\/span><\/strong><span style=\"font-size: medium\"><span style=\"font-family: Verdana\"> Daga de oficial de Kriegsmarine del 2\u00ba modelo (Dolch f\u00fcr Offiziere der Kriegsmarine), hoja de acero con gravados al acido en\u00a0muy buen\u00a0estado, la empu\u00f1adura\u00a0 blanca se completa con el alambre de cobre trenzado,\u00a0marcaje de fabricante <span style=\"color: #ff0000\">&#8220;E.U.F. HORSTER&#8221; <\/span>de Solingen. Vaina original gravada de bronce. Excelente estado.<br \/>\n<\/span><\/span><\/p>\n","protected":false},"excerpt":{"rendered":"<p style=\"text-align: justify\"><strong><span style=\"font-size: medium\"><span style=\"font-family: Verdana\">ANTECEDENTES:<\/span><\/span><\/strong><span style=\"font-size: medium\"><span style=\"font-family: Verdana\"> La Kriegsmarine\u00a0fue la \u00faltima de las tres ramas de las fuerzas armadas alemanas en adoptar una daga el 28 de enero de 1938. La daga de Kriegsmarine era una versi\u00f3n modificada de un dise\u00f1o tradicional de la marina de guerra prusiana en 1848. La modificaci\u00f3n principal\u00a0fue un cambio en el pomo formado por la \u201cllama\u201d de Reichsmarine a una que ofrec\u00eda el \u00e1guila nacional con la esv\u00e1stica.<\/span><\/span><\/p>\n<p style=\"text-align: justify\"><strong><span style=\"font-size: medium\"><span style=\"font-family: Verdana\">DESCRIPCION:<\/span><\/span><\/strong><span style=\"font-size: medium\"><span style=\"font-family: Verdana\"> Daga de oficial de Kriegsmarine del 2\u00ba modelo (Dolch f\u00fcr Offiziere der Kriegsmarine), hoja de acero con gravados al acido en\u00a0muy buen\u00a0estado, la empu\u00f1adura\u00a0 blanca se completa con el alambre de cobre trenzado,\u00a0marcaje de fabricante <span style=\"color: #ff0000\">&#8220;E.U.F. HORSTER&#8221; <\/span>de Solingen. Vaina original gravada de bronce. Excelente estado.<br \/>\n<\/span><\/span><\/p>\n","protected":false},"featured_media":15015,"template":"","meta":[],"product_brand":[],"product_cat":[224],"product_tag":[],"class_list":{"0":"post-15014","1":"product","2":"type-product","3":"status-publish","4":"has-post-thumbnail","6":"product_cat-archivo-vendidos","7":"sales-flash-overlay","8":"woocommerce-text-align-center","9":"woocommerce-image-align-center","10":"do-quantity-buttons","12":"first","13":"outofstock","14":"product-type-simple"},"_links":{"self":[{"href":"https:\/\/original-militaria.com\/en\/wp-json\/wp\/v2\/product\/15014","targetHints":{"allow":["GET"]}}],"collection":[{"href":"https:\/\/original-militaria.com\/en\/wp-json\/wp\/v2\/product"}],"about":[{"href":"https:\/\/original-militaria.com\/en\/wp-json\/wp\/v2\/types\/product"}],"wp:featuredmedia":[{"embeddable":true,"href":"https:\/\/original-militaria.com\/en\/wp-json\/wp\/v2\/media\/15015"}],"wp:attachment":[{"href":"https:\/\/original-militaria.com\/en\/wp-json\/wp\/v2\/media?parent=15014"}],"wp:term":[{"taxonomy":"product_brand","embeddable":true,"href":"https:\/\/original-militaria.com\/en\/wp-json\/wp\/v2\/product_brand?post=15014"},{"taxonomy":"product_cat","embeddable":true,"href":"https:\/\/original-militaria.com\/en\/wp-json\/wp\/v2\/product_cat?post=15014"},{"taxonomy":"product_tag","embeddable":true,"href":"https:\/\/original-militaria.com\/en\/wp-json\/wp\/v2\/product_tag?post=15014"}],"curies":[{"name":"wp","href":"https:\/\/api.w.org\/{rel}","templated":true}]}}