{"id":14928,"date":"2017-09-05T12:21:21","date_gmt":"2017-09-05T12:21:21","guid":{"rendered":"https:\/\/original-militaria.com\/?post_type=product&#038;p=14928"},"modified":"2022-01-31T19:08:54","modified_gmt":"2022-01-31T18:08:54","slug":"wh-casco-transicional-m16-doble-calca","status":"publish","type":"product","link":"https:\/\/original-militaria.com\/en\/producto\/wh-casco-transicional-m16-doble-calca\/","title":{"rendered":"Wehrmacht\/Heer, Transitional M16 DD Helmet &#8212; WH\/ Casco Transicional M16 Doble Calca"},"content":{"rendered":"<p style=\"text-align: justify\"><strong><span style=\"font-size: medium\"><span style=\"font-family: Verdana\">ANTECEDENTES:\u00a0<\/span><\/span><\/strong><span style=\"font-size: medium\"><span style=\"font-family: Verdana\">El ej\u00e9rcito alem\u00e1n comenz\u00f3 las pruebas para su propio casco de acero en el Kummersdorf que probaba los argumentos en noviembre y en el campo en diciembre de 1915. Un modelo aceptable fue desarrollado y aprobado y la producci\u00f3n comenz\u00f3 en Eisen-und H\u00fcttenwerke, AG Thale\/Harz, en 1916. Estos primeros cascos\u00a0M16 se desarrollaron en los cascos M18 para el final de WWI. Al final de WWI se estima que Alemania hab\u00eda producido cerca de 8.500.000 cascos de acero. Como resultado de las restricciones impuestas por el tratado de Versalles, que dict\u00f3 al ej\u00e9rcito\u00a0el derecho\u00a0solamente de 100.000 hombres, hab\u00eda un exceso abundante, y aunque se dio uso extenso a las Freikorps, todav\u00eda hab\u00eda una reserva controlada por el Reichswehr. Estos excesos de cascos experimentaron modificaciones de menor importancia en 1923 con la adici\u00f3n de las etiquetas provinciales que los identificaban y en 1931 con el desarrollo de un nuevo sistema de interior y barboquejos. Aunque el desarrollo del casco estaba en curso cuando Hitler llego al poder en 1933, los cascos M16 y M18 segu\u00edan siendo los principales usados por el Reichswehr. Los cascos siguieron siendo iguales hasta el 14 de marzo de 1933 cuando se instauraron los cascos con el emblema tricolor nacional. El 17 de febrero de 1934 la calca con \u00e1guila fue introducida.\u00a0Despu\u00e9s del desarrollo del nuevo casco M35, los cascos de WWI todav\u00eda fueron utilizados en segunda l\u00ednea y para entrenamiento.<\/span><\/span><\/p>\n<p style=\"text-align: justify\"><strong><span style=\"font-size: medium\"><span style=\"font-family: Verdana\">DESCRIPCI\u00d3N:<\/span><\/span><\/strong><span style=\"font-size: medium\"><span style=\"font-family: Verdana\"> Casco M16 (Stahlhelm M16) transicional de doble calca circa 1935, fabricado en acero, el casco conserva cerca del 90% de su pintura original feldgraue con puntos peque\u00f1os de desgaste en la corona. Conserva las dos calcas en un 98%, tiene los tres remaches de retenci\u00f3n t\u00edpicos de estos cascos, la guarnici\u00f3n interior M31 transicional est\u00e1 completa y en muy buen estado, con su barboquejo M31. Es talla <\/span><\/span><\/p>\n","protected":false},"excerpt":{"rendered":"<p style=\"text-align: justify\"><strong><span style=\"font-size: medium\"><span style=\"font-family: Verdana\">ANTECEDENTES:\u00a0<\/span><\/span><\/strong><span style=\"font-size: medium\"><span style=\"font-family: Verdana\">El ej\u00e9rcito alem\u00e1n comenz\u00f3 las pruebas para su propio casco de acero en el Kummersdorf que probaba los argumentos en noviembre y en el campo en diciembre de 1915. Un modelo aceptable fue desarrollado y aprobado y la producci\u00f3n comenz\u00f3 en Eisen-und H\u00fcttenwerke, AG Thale\/Harz, en 1916. Estos primeros cascos\u00a0M16 se desarrollaron en los cascos M18 para el final de WWI. Al final de WWI se estima que Alemania hab\u00eda producido cerca de 8.500.000 cascos de acero. Como resultado de las restricciones impuestas por el tratado de Versalles, que dict\u00f3 al ej\u00e9rcito\u00a0el derecho\u00a0solamente de 100.000 hombres, hab\u00eda un exceso abundante, y aunque se dio uso extenso a las Freikorps, todav\u00eda hab\u00eda una reserva controlada por el Reichswehr. Estos excesos de cascos experimentaron modificaciones de menor importancia en 1923 con la adici\u00f3n de las etiquetas provinciales que los identificaban y en 1931 con el desarrollo de un nuevo sistema de interior y barboquejos. Aunque el desarrollo del casco estaba en curso cuando Hitler llego al poder en 1933, los cascos M16 y M18 segu\u00edan siendo los principales usados por el Reichswehr. Los cascos siguieron siendo iguales hasta el 14 de marzo de 1933 cuando se instauraron los cascos con el emblema tricolor nacional. El 17 de febrero de 1934 la calca con \u00e1guila fue introducida.\u00a0Despu\u00e9s del desarrollo del nuevo casco M35, los cascos de WWI todav\u00eda fueron utilizados en segunda l\u00ednea y para entrenamiento.<\/span><\/span><\/p>\n<p style=\"text-align: justify\"><strong><span style=\"font-size: medium\"><span style=\"font-family: Verdana\">DESCRIPCI\u00d3N:<\/span><\/span><\/strong><span style=\"font-size: medium\"><span style=\"font-family: Verdana\"> Casco M16 (Stahlhelm M16) transicional de doble calca circa 1935, fabricado en acero, el casco conserva cerca del 90% de su pintura original feldgraue con puntos peque\u00f1os de desgaste en la corona. Conserva las dos calcas en un 98%, tiene los tres remaches de retenci\u00f3n t\u00edpicos de estos cascos, la guarnici\u00f3n interior M31 transicional est\u00e1 completa y en muy buen estado, con su barboquejo M31. Es talla <\/span><\/span><\/p>\n","protected":false},"featured_media":14929,"template":"","meta":[],"product_brand":[],"product_cat":[224],"product_tag":[],"class_list":{"0":"post-14928","1":"product","2":"type-product","3":"status-publish","4":"has-post-thumbnail","6":"product_cat-archivo-vendidos","7":"sales-flash-overlay","8":"woocommerce-text-align-center","9":"woocommerce-image-align-center","10":"do-quantity-buttons","12":"first","13":"outofstock","14":"purchasable","15":"product-type-simple"},"_links":{"self":[{"href":"https:\/\/original-militaria.com\/en\/wp-json\/wp\/v2\/product\/14928","targetHints":{"allow":["GET"]}}],"collection":[{"href":"https:\/\/original-militaria.com\/en\/wp-json\/wp\/v2\/product"}],"about":[{"href":"https:\/\/original-militaria.com\/en\/wp-json\/wp\/v2\/types\/product"}],"wp:featuredmedia":[{"embeddable":true,"href":"https:\/\/original-militaria.com\/en\/wp-json\/wp\/v2\/media\/14929"}],"wp:attachment":[{"href":"https:\/\/original-militaria.com\/en\/wp-json\/wp\/v2\/media?parent=14928"}],"wp:term":[{"taxonomy":"product_brand","embeddable":true,"href":"https:\/\/original-militaria.com\/en\/wp-json\/wp\/v2\/product_brand?post=14928"},{"taxonomy":"product_cat","embeddable":true,"href":"https:\/\/original-militaria.com\/en\/wp-json\/wp\/v2\/product_cat?post=14928"},{"taxonomy":"product_tag","embeddable":true,"href":"https:\/\/original-militaria.com\/en\/wp-json\/wp\/v2\/product_tag?post=14928"}],"curies":[{"name":"wp","href":"https:\/\/api.w.org\/{rel}","templated":true}]}}