{"id":14667,"date":"2017-09-05T12:19:38","date_gmt":"2017-09-05T12:19:38","guid":{"rendered":"https:\/\/original-militaria.com\/?post_type=product&#038;p=14667"},"modified":"2022-01-31T19:08:49","modified_gmt":"2022-01-31T18:08:49","slug":"wh-granada-de-palo-m24-de-1943-evy","status":"publish","type":"product","link":"https:\/\/original-militaria.com\/en\/producto\/wh-granada-de-palo-m24-de-1943-evy\/","title":{"rendered":"Wehrmacht\/ M24 Stick Grenade &#8220;EVY&#8221; by 1943&#8211;WH\/ Granada de Palo M24 de 1943, EVY"},"content":{"rendered":"<p style=\"text-align: justify\"><strong><span style=\"font-size: medium\"><span style=\"font-family: Verdana\">ANTECEDENTES: <\/span><\/span><\/strong><span style=\"font-size: medium\"><span style=\"font-family: Verdana\">El desarrollo y la producci\u00f3n de municiones del ej\u00e9rcito alem\u00e1n se encontraban bajo la supervisi\u00f3n de la HwaA, Heereswaffenamt, (Oficina de Servicio Cartogr\u00e1fico del Ej\u00e9rcito), que fue una subsecci\u00f3n de la OKH, Oberkommando des Heeres, (Alto Mando del Ej\u00e9rcito), y fue responsable de pruebas, la evaluaci\u00f3n y la eventual emisi\u00f3n de todos los artefactos. La granada de palo M24 fue una modificaci\u00f3n de la granada M1915 alemana de Primera Guerra Mundial, que se convertir\u00eda en la m\u00e1s com\u00fan granada utilizada por Alemania durante la Segunda Guerra Mundial. Modificaciones de la M24 dio lugar a la granada M39 ya en 1939 y la granada M43 con una espoleta de inserci\u00f3n diferente configuraci\u00f3n en 1943. Las granadas M24, M39 y M43 fueron armadas con TNT con cuatro a cinco segundos de tiempo, con un radio efectivo alrededor de doce a catorce metros.\u00a0 <\/span><\/span><\/p>\n<p style=\"text-align: justify\"><strong><span style=\"font-size: medium\"><span style=\"font-family: Verdana\">DESCRIPCION:<\/span><\/span><\/strong><span style=\"font-size: medium\"><span style=\"font-family: Verdana\"> Granada de palo M24 de 1943 (Stielhandgranate M24). F<span style=\"font-size: medium\"><span style=\"font-family: Verdana\">abricada en chapa, con un mango de madera suave, hueco.\u00a0En e<\/span><\/span>l extremo superior del\u00a0mismo tiene la cabeza de guerra (Splittermantel) unida al mango por su tornillo de rosca, en la parte inferior, en la cavidad con tapa (Schutzkappe), hecha para albergar el detonador, conserva su correspondiente cord\u00f3n (Rei\u00dfschnur)\u00a0con el\u00a0 torillo cer\u00e1mico (Abrei\u00dfkopf). En el palo de madera tiene bien definidos los datos del fabricante y el a\u00f1o &#8220;43EVY&#8221;, manufactura de\u00a0&#8220;Wilhelm von Hagen Metallwarenfabrik, Iserlohn Westfalen&#8221;.\u00a0Muy buen estado de conservaci\u00f3n.\u00a0\u00a0<\/span><\/span><\/p>\n","protected":false},"excerpt":{"rendered":"<p style=\"text-align: justify\"><strong><span style=\"font-size: medium\"><span style=\"font-family: Verdana\">ANTECEDENTES: <\/span><\/span><\/strong><span style=\"font-size: medium\"><span style=\"font-family: Verdana\">El desarrollo y la producci\u00f3n de municiones del ej\u00e9rcito alem\u00e1n se encontraban bajo la supervisi\u00f3n de la HwaA, Heereswaffenamt, (Oficina de Servicio Cartogr\u00e1fico del Ej\u00e9rcito), que fue una subsecci\u00f3n de la OKH, Oberkommando des Heeres, (Alto Mando del Ej\u00e9rcito), y fue responsable de pruebas, la evaluaci\u00f3n y la eventual emisi\u00f3n de todos los artefactos. La granada de palo M24 fue una modificaci\u00f3n de la granada M1915 alemana de Primera Guerra Mundial, que se convertir\u00eda en la m\u00e1s com\u00fan granada utilizada por Alemania durante la Segunda Guerra Mundial. Modificaciones de la M24 dio lugar a la granada M39 ya en 1939 y la granada M43 con una espoleta de inserci\u00f3n diferente configuraci\u00f3n en 1943. Las granadas M24, M39 y M43 fueron armadas con TNT con cuatro a cinco segundos de tiempo, con un radio efectivo alrededor de doce a catorce metros.\u00a0 <\/span><\/span><\/p>\n<p style=\"text-align: justify\"><strong><span style=\"font-size: medium\"><span style=\"font-family: Verdana\">DESCRIPCION:<\/span><\/span><\/strong><span style=\"font-size: medium\"><span style=\"font-family: Verdana\"> Granada de palo M24 de 1943 (Stielhandgranate M24). F<span style=\"font-size: medium\"><span style=\"font-family: Verdana\">abricada en chapa, con un mango de madera suave, hueco.\u00a0En e<\/span><\/span>l extremo superior del\u00a0mismo tiene la cabeza de guerra (Splittermantel) unida al mango por su tornillo de rosca, en la parte inferior, en la cavidad con tapa (Schutzkappe), hecha para albergar el detonador, conserva su correspondiente cord\u00f3n (Rei\u00dfschnur)\u00a0con el\u00a0 torillo cer\u00e1mico (Abrei\u00dfkopf). En el palo de madera tiene bien definidos los datos del fabricante y el a\u00f1o <span style=\"color: #ff0000\">&#8220;43EVY&#8221;<\/span>, manufactura de\u00a0&#8220;<span style=\"color: #ff0000\">Wilhelm von Hagen Metallwarenfabrik, Iserlohn Westfalen&#8221;<\/span>.\u00a0Muy buen estado de conservaci\u00f3n.\u00a0\u00a0<\/span><\/span><\/p>\n","protected":false},"featured_media":14668,"template":"","meta":[],"product_brand":[],"product_cat":[224],"product_tag":[],"class_list":{"0":"post-14667","1":"product","2":"type-product","3":"status-publish","4":"has-post-thumbnail","6":"product_cat-archivo-vendidos","7":"sales-flash-overlay","8":"woocommerce-text-align-center","9":"woocommerce-image-align-center","10":"do-quantity-buttons","12":"first","13":"outofstock","14":"purchasable","15":"product-type-simple"},"_links":{"self":[{"href":"https:\/\/original-militaria.com\/en\/wp-json\/wp\/v2\/product\/14667","targetHints":{"allow":["GET"]}}],"collection":[{"href":"https:\/\/original-militaria.com\/en\/wp-json\/wp\/v2\/product"}],"about":[{"href":"https:\/\/original-militaria.com\/en\/wp-json\/wp\/v2\/types\/product"}],"wp:featuredmedia":[{"embeddable":true,"href":"https:\/\/original-militaria.com\/en\/wp-json\/wp\/v2\/media\/14668"}],"wp:attachment":[{"href":"https:\/\/original-militaria.com\/en\/wp-json\/wp\/v2\/media?parent=14667"}],"wp:term":[{"taxonomy":"product_brand","embeddable":true,"href":"https:\/\/original-militaria.com\/en\/wp-json\/wp\/v2\/product_brand?post=14667"},{"taxonomy":"product_cat","embeddable":true,"href":"https:\/\/original-militaria.com\/en\/wp-json\/wp\/v2\/product_cat?post=14667"},{"taxonomy":"product_tag","embeddable":true,"href":"https:\/\/original-militaria.com\/en\/wp-json\/wp\/v2\/product_tag?post=14667"}],"curies":[{"name":"wp","href":"https:\/\/api.w.org\/{rel}","templated":true}]}}