{"id":14662,"date":"2017-09-05T12:19:37","date_gmt":"2017-09-05T12:19:37","guid":{"rendered":"https:\/\/original-militaria.com\/?post_type=product&#038;p=14662"},"modified":"2022-01-31T19:08:49","modified_gmt":"2022-01-31T18:08:49","slug":"wh-barboquejo-para-casco","status":"publish","type":"product","link":"https:\/\/original-militaria.com\/en\/producto\/wh-barboquejo-para-casco\/","title":{"rendered":"Wehrmacht\/ Helmet Chinstrap &#8211;WH\/ Barboquejo para Casco"},"content":{"rendered":"<p style=\"text-align: justify\"><strong><span style=\"font-size: medium\"><span style=\"font-family: Verdana\">ANTECEDENTES:<\/span><\/span><\/strong><span style=\"font-size: medium\"><span style=\"font-family: Verdana\"> Los primeros cascos de acero \u201cmodernos\u201d fueron introducidos por el ej\u00e9rcito franc\u00e9s a principios de 1915 y seguidos pronto por el ej\u00e9rcito brit\u00e1nico. El ej\u00e9rcito alem\u00e1n comenz\u00f3 las pruebas para su propio casco de acero en el campo en diciembre de 1915. Un modelo aceptable fue desarrollado y aprobado y la producci\u00f3n comenz\u00f3 en Eisen-und H\u00fcttenwerke, AG Thale\/Harz, en 1916. Estos primeros cascos modernos M16 evolucionaron hasta\u00a0los cascos M18 para el final de WWI. Los M16 y 18, estuvieron en uso hasta principios del Tercer Reich. En 1931 los alemanes desarrollaron un nuevo sistema de revestimiento para los cascos que incluyeron una nueva guarnici\u00f3n y un nuevo barbuquejo de dos piezas.<\/span><\/span><\/p>\n<p style=\"text-align: justify\"><strong><span style=\"font-size: medium\"><span style=\"font-family: Verdana\">DESCRIPCION:<\/span><\/span><\/strong><span style=\"font-size: medium\"><span style=\"font-family: Verdana\"> Barboquejo fabricado en dos piezas, de cuero negro (Stahlhelm Sturmriemen) con accesorios de acero. Est\u00e1 en buen estado general,\u00a0la piel se ha endurecido ligeramente con el tiempo.<br \/>\n<\/span><\/span><\/p>\n","protected":false},"excerpt":{"rendered":"<p style=\"text-align: justify\"><strong><span style=\"font-size: medium\"><span style=\"font-family: Verdana\">ANTECEDENTES:<\/span><\/span><\/strong><span style=\"font-size: medium\"><span style=\"font-family: Verdana\"> Los primeros cascos de acero \u201cmodernos\u201d fueron introducidos por el ej\u00e9rcito franc\u00e9s a principios de 1915 y seguidos pronto por el ej\u00e9rcito brit\u00e1nico. El ej\u00e9rcito alem\u00e1n comenz\u00f3 las pruebas para su propio casco de acero en el campo en diciembre de 1915. Un modelo aceptable fue desarrollado y aprobado y la producci\u00f3n comenz\u00f3 en Eisen-und H\u00fcttenwerke, AG Thale\/Harz, en 1916. Estos primeros cascos modernos M16 evolucionaron hasta\u00a0los cascos M18 para el final de WWI. Los M16 y 18, estuvieron en uso hasta principios del Tercer Reich. En 1931 los alemanes desarrollaron un nuevo sistema de revestimiento para los cascos que incluyeron una nueva guarnici\u00f3n y un nuevo barbuquejo de dos piezas.<\/span><\/span><\/p>\n<p style=\"text-align: justify\"><strong><span style=\"font-size: medium\"><span style=\"font-family: Verdana\">DESCRIPCION:<\/span><\/span><\/strong><span style=\"font-size: medium\"><span style=\"font-family: Verdana\"> Barboquejo fabricado en dos piezas, de cuero negro (Stahlhelm Sturmriemen) con accesorios de acero. Est\u00e1 en buen estado general,\u00a0la piel se ha endurecido ligeramente con el tiempo.<br \/>\n<\/span><\/span><\/p>\n","protected":false},"featured_media":14663,"template":"","meta":[],"product_brand":[],"product_cat":[224],"product_tag":[],"class_list":{"0":"post-14662","1":"product","2":"type-product","3":"status-publish","4":"has-post-thumbnail","6":"product_cat-archivo-vendidos","7":"sales-flash-overlay","8":"woocommerce-text-align-center","9":"woocommerce-image-align-center","10":"do-quantity-buttons","12":"first","13":"outofstock","14":"purchasable","15":"product-type-simple"},"_links":{"self":[{"href":"https:\/\/original-militaria.com\/en\/wp-json\/wp\/v2\/product\/14662","targetHints":{"allow":["GET"]}}],"collection":[{"href":"https:\/\/original-militaria.com\/en\/wp-json\/wp\/v2\/product"}],"about":[{"href":"https:\/\/original-militaria.com\/en\/wp-json\/wp\/v2\/types\/product"}],"wp:featuredmedia":[{"embeddable":true,"href":"https:\/\/original-militaria.com\/en\/wp-json\/wp\/v2\/media\/14663"}],"wp:attachment":[{"href":"https:\/\/original-militaria.com\/en\/wp-json\/wp\/v2\/media?parent=14662"}],"wp:term":[{"taxonomy":"product_brand","embeddable":true,"href":"https:\/\/original-militaria.com\/en\/wp-json\/wp\/v2\/product_brand?post=14662"},{"taxonomy":"product_cat","embeddable":true,"href":"https:\/\/original-militaria.com\/en\/wp-json\/wp\/v2\/product_cat?post=14662"},{"taxonomy":"product_tag","embeddable":true,"href":"https:\/\/original-militaria.com\/en\/wp-json\/wp\/v2\/product_tag?post=14662"}],"curies":[{"name":"wp","href":"https:\/\/api.w.org\/{rel}","templated":true}]}}