{"id":14654,"date":"2017-09-05T12:19:34","date_gmt":"2017-09-05T12:19:34","guid":{"rendered":"https:\/\/original-militaria.com\/?post_type=product&#038;p=14654"},"modified":"2022-01-31T19:08:49","modified_gmt":"2022-01-31T18:08:49","slug":"dak-pantalones-cortos-de-1941","status":"publish","type":"product","link":"https:\/\/original-militaria.com\/en\/producto\/dak-pantalones-cortos-de-1941\/","title":{"rendered":"Wehrmacht\/DAK Early Tropical Short Pants, 1941 &#8212; Wehrmacht\/DAK\/ Pantalones Cortos de 1941"},"content":{"rendered":"<p style=\"text-align: justify\"><strong><span style=\"font-size: medium\"><span style=\"font-family: Verdana\">ANTECEDENTES:<\/span><\/span><\/strong><span style=\"font-size: medium\"><span style=\"font-family: Verdana\"> A finales de 1940, con la entrada inminente de Alemania en la campa\u00f1a de \u00c1frica del norte, todos los equipos tropicales fueron desarrollados r\u00e1pidamente para DAK, Deutsches Afrika Korps, (Cuerpo Alem\u00e1n de \u00c1frica), para la llegada de las tropas a Tr\u00edpoli en febrero de 1941. Entre estos equipos figuraban dentro de los uniformes, varios modelos de pantalones entre los que estaban los famosos pantalones cortos para el Heer, Luftwaffe y Kriegsmarine. <\/span><\/span><\/p>\n<p style=\"text-align: justify\"><strong><span style=\"font-size: medium\"><span style=\"font-family: Verdana\">DESCRIPCION:<\/span><\/span><\/strong><span style=\"font-size: medium\"><span style=\"font-family: Verdana\"> Pantalones cortos (Tropen Hose) de los primeros en confeccionarse para el Heer, de 1941,\u00a0usados pero\u00a0en muy buen estado, sin roturas ni desgarres, fabricados en algod\u00f3n de color verde rat\u00f3n,\u00a0completos con todos sus botones cosidos de origen y su cintur\u00f3n con hebilla color mar\u00f3n. En el interior, en el forro de algod\u00f3n artificial correcto en este tipo de prendas, sellos de los tama\u00f1os, fabricante,\u00a0a\u00f1o y deposito de Berl\u00edn (B41). Es de talla mediana-grande como se aprecia, cabe perfectamente en un maniqu\u00ed. <\/span><\/span><\/p>\n","protected":false},"excerpt":{"rendered":"<p style=\"text-align: justify\"><strong><span style=\"font-size: medium\"><span style=\"font-family: Verdana\">ANTECEDENTES:<\/span><\/span><\/strong><span style=\"font-size: medium\"><span style=\"font-family: Verdana\"> A finales de 1940, con la entrada inminente de Alemania en la campa\u00f1a de \u00c1frica del norte, todos los equipos tropicales fueron desarrollados r\u00e1pidamente para DAK, Deutsches Afrika Korps, (Cuerpo Alem\u00e1n de \u00c1frica), para la llegada de las tropas a Tr\u00edpoli en febrero de 1941. Entre estos equipos figuraban dentro de los uniformes, varios modelos de pantalones entre los que festaban los famosos pantalones cortos para el Heer, Luftwaffe y Kriegsmarine. <\/span><\/span><\/p>\n<p style=\"text-align: justify\"><strong><span style=\"font-size: medium\"><span style=\"font-family: Verdana\">DESCRIPCION:<\/span><\/span><\/strong><span style=\"font-size: medium\"><span style=\"font-family: Verdana\"> Pantalones cortos (Tropen Hose) de los primeros en confeccionarse para el Heer, de 1941,\u00a0usados pero\u00a0en muy buen estado, sin roturas ni desgarres, fabricados en algod\u00f3n de color verde rat\u00f3n,\u00a0completos con todos sus botones cosidos de origen y su cintur\u00f3n con hebilla color mar\u00f3n. En el interior, en el forro de algod\u00f3n artificial correcto en este tipo de prendas, sellos de los tama\u00f1os, fabricante,\u00a0a\u00f1o y deposito de Berl\u00edn (B41). Es de talla mediana-grande como se aprecia, cabe perfectamente en un maniqu\u00ed. <\/span><\/span><\/p>\n","protected":false},"featured_media":14655,"template":"","meta":[],"product_brand":[],"product_cat":[224],"product_tag":[],"class_list":{"0":"post-14654","1":"product","2":"type-product","3":"status-publish","4":"has-post-thumbnail","6":"product_cat-archivo-vendidos","7":"sales-flash-overlay","8":"woocommerce-text-align-center","9":"woocommerce-image-align-center","10":"do-quantity-buttons","12":"first","13":"outofstock","14":"purchasable","15":"product-type-simple"},"_links":{"self":[{"href":"https:\/\/original-militaria.com\/en\/wp-json\/wp\/v2\/product\/14654","targetHints":{"allow":["GET"]}}],"collection":[{"href":"https:\/\/original-militaria.com\/en\/wp-json\/wp\/v2\/product"}],"about":[{"href":"https:\/\/original-militaria.com\/en\/wp-json\/wp\/v2\/types\/product"}],"wp:featuredmedia":[{"embeddable":true,"href":"https:\/\/original-militaria.com\/en\/wp-json\/wp\/v2\/media\/14655"}],"wp:attachment":[{"href":"https:\/\/original-militaria.com\/en\/wp-json\/wp\/v2\/media?parent=14654"}],"wp:term":[{"taxonomy":"product_brand","embeddable":true,"href":"https:\/\/original-militaria.com\/en\/wp-json\/wp\/v2\/product_brand?post=14654"},{"taxonomy":"product_cat","embeddable":true,"href":"https:\/\/original-militaria.com\/en\/wp-json\/wp\/v2\/product_cat?post=14654"},{"taxonomy":"product_tag","embeddable":true,"href":"https:\/\/original-militaria.com\/en\/wp-json\/wp\/v2\/product_tag?post=14654"}],"curies":[{"name":"wp","href":"https:\/\/api.w.org\/{rel}","templated":true}]}}