{"id":14632,"date":"2017-09-05T12:19:25","date_gmt":"2017-09-05T12:19:25","guid":{"rendered":"https:\/\/original-militaria.com\/?post_type=product&#038;p=14632"},"modified":"2022-01-31T19:08:49","modified_gmt":"2022-01-31T18:08:49","slug":"wh-bote-contenedor-para-mascara-antigas","status":"publish","type":"product","link":"https:\/\/original-militaria.com\/en\/producto\/wh-bote-contenedor-para-mascara-antigas\/","title":{"rendered":"Wehrmacht\/ M30 Gasmask Canister&#8211;WH\/ Bote Contenedor para M\u00e1scara Antig\u00e1s M30"},"content":{"rendered":"<p style=\"text-align: justify\"><strong><span style=\"font-size: medium\"><span style=\"font-family: Verdana\">ANTECEDENTES:<\/span><\/span><\/strong><span style=\"font-size: medium\"><span style=\"font-family: Verdana\"> Con el desarrollo de los gases t\u00f3xicos utilizados como armas ofensivas en la Primera Guerra Mundial un m\u00e9todo apropiado de defensa tuvo que ser desarrollado, la mascara antig\u00e1s. Los modelos alemanes de WWI M1915 y M1917, fueron convertidos en el M24, y en definitiva al final en los M30 y M38 utilizados en la Segunda Guerra Mundial. Se entregaron mascaras antig\u00e1s a todos los soldados del ej\u00e9rcito alem\u00e1n, llevando el bote y accesorios f\u00e1cilmente accesibles en todo momento. Aunque el uso de agentes de guerra qu\u00edmica fue examinado por el OKW alem\u00e1n de la Wehrmacht (Alto Estado Mayor de las Fuerzas Armadas), el miedo a represalias de los aliados oblig\u00f3 a reconsiderar la idea. El temor de la posible utilizaci\u00f3n de agentes de guerra qu\u00edmica hizo que la mascara antig\u00e1s fuera una constante compa\u00f1era del soldado alem\u00e1n en toda la guerra. A pesar del temor de la posible utilizaci\u00f3n de agentes de guerra qu\u00edmica alemana algunos soldados optaron por utilizar los botes contenedores de la mascara como un contenedor de comida o para contrabando, a pesar de los reglamentos. La M1930 fue la primera &#8220;S-Maske&#8221; que se estandariz\u00f3 como equipo individual para la Wehrmacht.<\/span><\/span><\/p>\n<p style=\"text-align: justify\"><strong><span style=\"font-size: medium\"><span style=\"font-family: Verdana\">DESCRIPCION:<\/span><\/span><\/strong><span style=\"font-size: medium\"><span style=\"font-family: Verdana\"> Bote contenedor (Tragebusche) para la m\u00e1scara antig\u00e1s de la WH M30 (Gasmasken M30) de 1937. El bote est\u00e1 en condiciones normales de pintura usado, en el interior, en el habit\u00e1culo papa los lentes anti vaho el muelle de sujeci\u00f3n perfecto.\u00a0<\/span><\/span><\/p>\n","protected":false},"excerpt":{"rendered":"<p style=\"text-align: justify\"><strong><span style=\"font-size: medium\"><span style=\"font-family: Verdana\">ANTECEDENTES:<\/span><\/span><\/strong><span style=\"font-size: medium\"><span style=\"font-family: Verdana\"> Con el desarrollo de los gases t\u00f3xicos utilizados como armas ofensivas en la Primera Guerra Mundial un m\u00e9todo apropiado de defensa tuvo que ser desarrollado, la mascara antig\u00e1s. Los modelos alemanes de WWI M1915 y M1917, fueron convertidos en el M24, y en definitiva al final en los M30 y M38 utilizados en la Segunda Guerra Mundial. Se entregaron mascaras antig\u00e1s a todos los soldados del ej\u00e9rcito alem\u00e1n, llevando el bote y accesorios f\u00e1cilmente accesibles en todo momento. Aunque el uso de agentes de guerra qu\u00edmica fue examinado por el OKW alem\u00e1n de la Wehrmacht (Alto Estado Mayor de las Fuerzas Armadas), el miedo a represalias de los aliados oblig\u00f3 a reconsiderar la idea. El temor de la posible utilizaci\u00f3n de agentes de guerra qu\u00edmica hizo que la mascara antig\u00e1s fuera una constante compa\u00f1era del soldado alem\u00e1n en toda la guerra. A pesar del temor de la posible utilizaci\u00f3n de agentes de guerra qu\u00edmica alemana algunos soldados optaron por utilizar los botes contenedores de la mascara como un contenedor de comida o para contrabando, a pesar de los reglamentos. La M1930 fue la primera &#8220;S-Maske&#8221; que se estandariz\u00f3 como equipo individual para la Wehrmacht.<\/span><\/span><\/p>\n<p style=\"text-align: justify\"><strong><span style=\"font-size: medium\"><span style=\"font-family: Verdana\">DESCRIPCION:<\/span><\/span><\/strong><span style=\"font-size: medium\"><span style=\"font-family: Verdana\"> Bote contenedor (Tragebusche) para la m\u00e1scara antig\u00e1s de la WH M30 (Gasmasken M30) de 1937. El bote est\u00e1 en condiciones normales de pintura usado, en el interior, en el habit\u00e1culo papa los\u00a0lentes antivaho el muelle de sujeci\u00f3n perfecto.\u00a0<\/span><\/span><\/p>\n","protected":false},"featured_media":14633,"template":"","meta":[],"product_brand":[],"product_cat":[224],"product_tag":[],"class_list":{"0":"post-14632","1":"product","2":"type-product","3":"status-publish","4":"has-post-thumbnail","6":"product_cat-archivo-vendidos","7":"sales-flash-overlay","8":"woocommerce-text-align-center","9":"woocommerce-image-align-center","10":"do-quantity-buttons","12":"first","13":"outofstock","14":"purchasable","15":"product-type-simple"},"_links":{"self":[{"href":"https:\/\/original-militaria.com\/en\/wp-json\/wp\/v2\/product\/14632","targetHints":{"allow":["GET"]}}],"collection":[{"href":"https:\/\/original-militaria.com\/en\/wp-json\/wp\/v2\/product"}],"about":[{"href":"https:\/\/original-militaria.com\/en\/wp-json\/wp\/v2\/types\/product"}],"wp:featuredmedia":[{"embeddable":true,"href":"https:\/\/original-militaria.com\/en\/wp-json\/wp\/v2\/media\/14633"}],"wp:attachment":[{"href":"https:\/\/original-militaria.com\/en\/wp-json\/wp\/v2\/media?parent=14632"}],"wp:term":[{"taxonomy":"product_brand","embeddable":true,"href":"https:\/\/original-militaria.com\/en\/wp-json\/wp\/v2\/product_brand?post=14632"},{"taxonomy":"product_cat","embeddable":true,"href":"https:\/\/original-militaria.com\/en\/wp-json\/wp\/v2\/product_cat?post=14632"},{"taxonomy":"product_tag","embeddable":true,"href":"https:\/\/original-militaria.com\/en\/wp-json\/wp\/v2\/product_tag?post=14632"}],"curies":[{"name":"wp","href":"https:\/\/api.w.org\/{rel}","templated":true}]}}