{"id":14616,"date":"2017-09-05T12:19:18","date_gmt":"2017-09-05T12:19:18","guid":{"rendered":"https:\/\/original-militaria.com\/?post_type=product&#038;p=14616"},"modified":"2022-01-31T19:08:49","modified_gmt":"2022-01-31T18:08:49","slug":"ek2-1939-marcos-helados-2","status":"publish","type":"product","link":"https:\/\/original-militaria.com\/en\/producto\/ek2-1939-marcos-helados-2\/","title":{"rendered":"Wehrmacht\/ Iron Cross 2nd Class, 1939, &#8220;Frosting&#8221; &#8211;WH\/ Cruz de Hierro de 2\u00aa Clase 1939  Marcos Helados"},"content":{"rendered":"<p style=\"text-align: justify\"><span style=\"font-size: medium\"><span style=\"font-family: Verdana\">Excelente EK2 (Eisernes Kreuz II Klasse) con su con su cinta, modelo temprano pre-1942, tiene tan\u00a0gran calidad en los acabados, que\u00a0apenas si se nota que es en tres piezas,\u00a0centro magn\u00e9tico negro mate, con marcos de un plateado intenso y fr\u00edo llamado por los alemanes &#8220;Hochpolierte Kanten&#8221; (Bordes muy pulidos) y por los ingleses que es como m\u00e1s se conoce en Espa\u00f1a &#8220;Frosting&#8221; (marcos helados), sin marca del fabricante, cinta larga. Excepcional estado, sin uso aparente. <\/span><\/span><\/p>\n","protected":false},"excerpt":{"rendered":"<p style=\"text-align: justify\"><strong><span style=\"font-size: medium\"><span style=\"font-family: Verdana\">DESCRIPCION:<\/span><\/span><\/strong><span style=\"font-size: medium\"><span style=\"font-family: Verdana\"> Excelente EK2 (Eisernes Kreuz II Klasse) con su con su cinta, modelo temprano pre-1942, tiene tan\u00a0gran calidad en los acabados, que\u00a0apenas si se nota que es en tres piezas,\u00a0centro magn\u00e9tico negro mate, con marcos de un plateado intenso y fr\u00edo llamado por los alemanes <span style=\"color: #ff0000\">&#8220;Hochpolierte Kanten&#8221;<\/span> (Bordes muy pulidos) y por los ingleses que es como m\u00e1s se conoce en Espa\u00f1a <span style=\"color: #ff0000\">&#8220;Frosting&#8221;<\/span> (marcos helados), sin marca del fabricante, cinta larga. Excepcional estado, sin uso aparente. <\/span><\/span><\/p>\n","protected":false},"featured_media":14617,"template":"","meta":[],"product_brand":[],"product_cat":[224],"product_tag":[],"class_list":{"0":"post-14616","1":"product","2":"type-product","3":"status-publish","4":"has-post-thumbnail","6":"product_cat-archivo-vendidos","7":"sales-flash-overlay","8":"woocommerce-text-align-center","9":"woocommerce-image-align-center","10":"do-quantity-buttons","12":"first","13":"outofstock","14":"purchasable","15":"product-type-simple"},"_links":{"self":[{"href":"https:\/\/original-militaria.com\/en\/wp-json\/wp\/v2\/product\/14616","targetHints":{"allow":["GET"]}}],"collection":[{"href":"https:\/\/original-militaria.com\/en\/wp-json\/wp\/v2\/product"}],"about":[{"href":"https:\/\/original-militaria.com\/en\/wp-json\/wp\/v2\/types\/product"}],"wp:featuredmedia":[{"embeddable":true,"href":"https:\/\/original-militaria.com\/en\/wp-json\/wp\/v2\/media\/14617"}],"wp:attachment":[{"href":"https:\/\/original-militaria.com\/en\/wp-json\/wp\/v2\/media?parent=14616"}],"wp:term":[{"taxonomy":"product_brand","embeddable":true,"href":"https:\/\/original-militaria.com\/en\/wp-json\/wp\/v2\/product_brand?post=14616"},{"taxonomy":"product_cat","embeddable":true,"href":"https:\/\/original-militaria.com\/en\/wp-json\/wp\/v2\/product_cat?post=14616"},{"taxonomy":"product_tag","embeddable":true,"href":"https:\/\/original-militaria.com\/en\/wp-json\/wp\/v2\/product_tag?post=14616"}],"curies":[{"name":"wp","href":"https:\/\/api.w.org\/{rel}","templated":true}]}}