{"id":14593,"date":"2017-09-05T12:19:07","date_gmt":"2017-09-05T12:19:07","guid":{"rendered":"https:\/\/original-militaria.com\/?post_type=product&#038;p=14593"},"modified":"2022-01-31T19:08:49","modified_gmt":"2022-01-31T18:08:49","slug":"hebilla-de-laton-lisa-de-miliciano","status":"publish","type":"product","link":"https:\/\/original-militaria.com\/en\/producto\/hebilla-de-laton-lisa-de-miliciano\/","title":{"rendered":"Spanish Civil War Brass Buckle&#8211; Hebilla de Lat\u00f3n Lisa de Miliciano"},"content":{"rendered":"<p style=\"text-align: justify\"><strong><span style=\"font-size: medium\"><span style=\"font-family: Verdana\">ANTECEDENTES: <\/span><\/span><\/strong><span style=\"font-size: medium\"><span style=\"font-family: Verdana\">Durante la Guerra Civil Espa\u00f1ola, en el bando republicano se empezaron a fabricar este tipo de hebillas en lat\u00f3n llamadas de &#8220;Miliciano&#8221; sin distinci\u00f3n de cuerpo, siendo generalmente usadas por los milicianos.<\/span><\/span><\/p>\n<p style=\"text-align: justify\"><strong><span style=\"font-size: medium\"><span style=\"font-family: Verdana\">DESCRIPCION:<\/span><\/span><\/strong><span style=\"font-size: medium\"><span style=\"font-family: Verdana\"> Hebilla de lat\u00f3n lisa de miliciano\u00a0(ej\u00e9rcito republicano) en\u00a0muy buen\u00a0estado. <\/span><\/span><\/p>\n","protected":false},"excerpt":{"rendered":"<p style=\"text-align: justify\"><strong><span style=\"font-size: medium\"><span style=\"font-family: Verdana\">ANTECEDENTES: <\/span><\/span><\/strong><span style=\"font-size: medium\"><span style=\"font-family: Verdana\">Durante la Guerra Civil Espa\u00f1ola, en el bando republicano se empezaron a fabricar este tipo de hebillas en lat\u00f3n llamadas de &#8220;Miliciano&#8221; sin distinci\u00f3n de cuerpo, siendo generalmente usadas por los milicianos.<\/span><\/span><\/p>\n<p style=\"text-align: justify\"><strong><span style=\"font-size: medium\"><span style=\"font-family: Verdana\">DESCRIPCION:<\/span><\/span><\/strong><span style=\"font-size: medium\"><span style=\"font-family: Verdana\"> Hebilla de lat\u00f3n lisa de miliciano\u00a0(ej\u00e9rcito republicano) en\u00a0muy buen\u00a0estado. <\/span><\/span><\/p>\n","protected":false},"featured_media":14594,"template":"","meta":[],"product_brand":[],"product_cat":[224],"product_tag":[],"class_list":{"0":"post-14593","1":"product","2":"type-product","3":"status-publish","4":"has-post-thumbnail","6":"product_cat-archivo-vendidos","7":"sales-flash-overlay","8":"woocommerce-text-align-center","9":"woocommerce-image-align-center","10":"do-quantity-buttons","12":"first","13":"outofstock","14":"purchasable","15":"product-type-simple"},"_links":{"self":[{"href":"https:\/\/original-militaria.com\/en\/wp-json\/wp\/v2\/product\/14593","targetHints":{"allow":["GET"]}}],"collection":[{"href":"https:\/\/original-militaria.com\/en\/wp-json\/wp\/v2\/product"}],"about":[{"href":"https:\/\/original-militaria.com\/en\/wp-json\/wp\/v2\/types\/product"}],"wp:featuredmedia":[{"embeddable":true,"href":"https:\/\/original-militaria.com\/en\/wp-json\/wp\/v2\/media\/14594"}],"wp:attachment":[{"href":"https:\/\/original-militaria.com\/en\/wp-json\/wp\/v2\/media?parent=14593"}],"wp:term":[{"taxonomy":"product_brand","embeddable":true,"href":"https:\/\/original-militaria.com\/en\/wp-json\/wp\/v2\/product_brand?post=14593"},{"taxonomy":"product_cat","embeddable":true,"href":"https:\/\/original-militaria.com\/en\/wp-json\/wp\/v2\/product_cat?post=14593"},{"taxonomy":"product_tag","embeddable":true,"href":"https:\/\/original-militaria.com\/en\/wp-json\/wp\/v2\/product_tag?post=14593"}],"curies":[{"name":"wp","href":"https:\/\/api.w.org\/{rel}","templated":true}]}}