{"id":14554,"date":"2017-09-05T12:18:50","date_gmt":"2017-09-05T12:18:50","guid":{"rendered":"https:\/\/original-militaria.com\/?post_type=product&#038;p=14554"},"modified":"2017-09-07T16:48:06","modified_gmt":"2017-09-07T16:48:06","slug":"set-de-dos-cedulas-personales-y-salvoconducto-para-una-madre-y-su-hija","status":"publish","type":"product","link":"https:\/\/original-militaria.com\/en\/producto\/set-de-dos-cedulas-personales-y-salvoconducto-para-una-madre-y-su-hija\/","title":{"rendered":"Set de Dos C\u00e9dulas Personales y Salvoconducto para una Madre y su Hija"},"content":{"rendered":"<p style=\"text-align: justify\"><strong><span style=\"font-size: medium\"><span style=\"font-family: Verdana\">ANTECEDENTES: <\/span><\/span><\/strong><span style=\"font-size: medium\"><span style=\"font-family: Verdana\">Durante el reinado de Fernando VII, bajo orden real y para reducir la criminalidad\u00a0se comenzaron a utilizar c\u00e9dulas personales, antecedentes directos del DNI. Eran documentos donde se inclu\u00eda nombre y ascendientes directos, al principio iban sin fotograf\u00eda y carec\u00edan de las medidas de seguridad m\u00e1s esenciales. Las c\u00e9dulas eran expedidas por ayuntamientos y diputaciones para todos aquellos que hicieran gestiones con organismos oficiales.\u00a0Con el <\/span><\/span><span style=\"font-size: medium\"><span style=\"font-family: Verdana\">final de la Guerra Civil se plante\u00f3 la creaci\u00f3n de un nuevo documento dotado de ciertas medidas de seguridad y que, adem\u00e1s de contener los datos b\u00e1sicos para la identificaci\u00f3n de los ciudadanos, incluyera las impresiones dactilares. La puesta en marcha del DNI se aprob\u00f3 a trav\u00e9s de un decreto el 2 de marzo de 1944 sustituyendo a las cedulas.<br \/>\n<\/span><\/span><\/p>\n<p><span style=\"font-size: medium\"><span style=\"font-family: Verdana\"><strong>DESCRIPCION:<\/strong><\/span><\/span><span style=\"font-size: medium\"><span style=\"font-family: Verdana\"> Set compuesto por dos cedulas (madre e hija) expedidos por la Diputaci\u00f3n de Murcia en los a\u00f1os 1940 y 1942, y un salvoconducto del Gobierno Civil de Murcia del a\u00f1o 1944. Raros por llevar fotograf\u00edas. <\/span><\/span><\/p>\n","protected":false},"excerpt":{"rendered":"<p style=\"text-align: justify\"><strong><span style=\"font-size: medium\"><span style=\"font-family: Verdana\">ANTECEDENTES: <\/span><\/span><\/strong><span style=\"font-size: medium\"><span style=\"font-family: Verdana\">Durante el reinado de Fernando VII, bajo orden real y para reducir la criminalidad\u00a0se comenzaron a utilizar c\u00e9dulas personales, antecedentes directos del DNI. Eran documentos donde se inclu\u00eda nombre y ascendientes directos, al principio iban sin fotograf\u00eda y carec\u00edan de las medidas de seguridad m\u00e1s esenciales. Las c\u00e9dulas eran expedidas por ayuntamientos y diputaciones para todos aquellos que hicieran gestiones con organismos oficiales.\u00a0Con el <\/span><\/span><span style=\"font-size: medium\"><span style=\"font-family: Verdana\">final de la Guerra Civil se plante\u00f3 la creaci\u00f3n de un nuevo documento dotado de ciertas medidas de seguridad y que, adem\u00e1s de contener los datos b\u00e1sicos para la identificaci\u00f3n de los ciudadanos, incluyera las impresiones dactilares. La puesta en marcha del DNI se aprob\u00f3 a trav\u00e9s de un decreto el 2 de marzo de 1944 sustituyendo a las cedulas.<br \/>\n<\/span><\/span><\/p>\n<p><span style=\"font-size: medium\"><span style=\"font-family: Verdana\"><strong>DESCRIPCION:<\/strong><\/span><\/span><span style=\"font-size: medium\"><span style=\"font-family: Verdana\"> Set compuesto por dos cedulas (madre e hija) expedidos por la Diputaci\u00f3n de Murcia en los a\u00f1os 1940 y 1942, y un salvoconducto del Gobierno Civil de Murcia del a\u00f1o 1944. Raros por llevar fotograf\u00edas. <\/span><\/span><\/p>\n","protected":false},"featured_media":14555,"template":"","meta":[],"product_brand":[],"product_cat":[195],"product_tag":[],"class_list":{"0":"post-14554","1":"product","2":"type-product","3":"status-publish","4":"has-post-thumbnail","6":"product_cat-epoca-de-franco","7":"sales-flash-overlay","8":"woocommerce-text-align-center","9":"woocommerce-image-align-center","10":"do-quantity-buttons","12":"first","13":"instock","14":"purchasable","15":"product-type-simple"},"_links":{"self":[{"href":"https:\/\/original-militaria.com\/en\/wp-json\/wp\/v2\/product\/14554","targetHints":{"allow":["GET"]}}],"collection":[{"href":"https:\/\/original-militaria.com\/en\/wp-json\/wp\/v2\/product"}],"about":[{"href":"https:\/\/original-militaria.com\/en\/wp-json\/wp\/v2\/types\/product"}],"wp:featuredmedia":[{"embeddable":true,"href":"https:\/\/original-militaria.com\/en\/wp-json\/wp\/v2\/media\/14555"}],"wp:attachment":[{"href":"https:\/\/original-militaria.com\/en\/wp-json\/wp\/v2\/media?parent=14554"}],"wp:term":[{"taxonomy":"product_brand","embeddable":true,"href":"https:\/\/original-militaria.com\/en\/wp-json\/wp\/v2\/product_brand?post=14554"},{"taxonomy":"product_cat","embeddable":true,"href":"https:\/\/original-militaria.com\/en\/wp-json\/wp\/v2\/product_cat?post=14554"},{"taxonomy":"product_tag","embeddable":true,"href":"https:\/\/original-militaria.com\/en\/wp-json\/wp\/v2\/product_tag?post=14554"}],"curies":[{"name":"wp","href":"https:\/\/api.w.org\/{rel}","templated":true}]}}