{"id":14540,"date":"2017-09-05T12:18:45","date_gmt":"2017-09-05T12:18:45","guid":{"rendered":"https:\/\/original-militaria.com\/?post_type=product&#038;p=14540"},"modified":"2022-01-31T19:08:49","modified_gmt":"2022-01-31T18:08:49","slug":"lw-cintron-de-brocado-par-oficial-1er-modelo","status":"publish","type":"product","link":"https:\/\/original-militaria.com\/en\/producto\/lw-cintron-de-brocado-par-oficial-1er-modelo\/","title":{"rendered":"Luftwaffe\/ Early Officer&#8217;s Brocade Belt &amp; Belt Buckle &#8211;LW\/  Cintur\u00f3n de Brocado par Oficial, 1er Modelo"},"content":{"rendered":"<p style=\"text-align: justify\"><strong><span style=\"font-size: medium\"><span style=\"font-family: Verdana\">ANTECEDENTES: <\/span><\/span><\/strong><span style=\"font-size: medium\"><span style=\"font-family: Verdana\">Los cinturones militares y sus correspondientes hebillas se remontan a siglos atr\u00e1s y fueron inicialmente dise\u00f1ados para colgar espadas y pu\u00f1ales. En 1847 una nueva e innovadora hebilla de liberaci\u00f3n r\u00e1pida, con su correspondiente cintur\u00f3n, se introdujo. Durante el Tercer Reich hubo una forma especifica de uso del cintur\u00f3n y hebilla; la hebilla se colocaba en el lado derecho y la hebilla de cierre correspondiente en el lado izquierdo. La hebilla de oficial de forma circular se introdujo el 9 de julio de 1937, junto con el cintur\u00f3n de brocado para el uso por oficiales del ej\u00e9rcito, se usaba en los uniformes de desfile y de servicio en presentaciones. Su uso se extendi\u00f3 dentro del ej\u00e9rcito incluso a los superintendentes y a las Bandas de M\u00fasica el 12 de abril de 1938.\u00a0 <\/span><\/span><\/p>\n<p style=\"text-align: justify\"><strong><span style=\"font-size: medium\"><span style=\"font-family: Verdana\">DESCRIPCION:<\/span><\/span><\/strong><span style=\"font-size: medium\"><span style=\"font-family: Verdana\"> Cintur\u00f3n de brocado de oficial de la Luftwaffe (Feldbinde und Feldbindenschloss f\u00fcr Offizier) de 92 cm de largo con su hebilla de aluminio modelo temprano, \u00e1guila 1er modelo (cola ca\u00edda), casi sin uso, marcado con su \u201cD.R.G.M&#8221; (Deutsches Reich Gebrauchsmuster).<\/span><\/span><\/p>\n<p>&nbsp;<\/p>\n","protected":false},"excerpt":{"rendered":"<p style=\"text-align: justify\"><strong><span style=\"font-size: medium\"><span style=\"font-family: Verdana\">ANTECEDENTES: <\/span><\/span><\/strong><span style=\"font-size: medium\"><span style=\"font-family: Verdana\">Los cinturones militares y sus correspondientes hebillas se remontan a siglos atr\u00e1s y fueron inicialmente dise\u00f1ados para colgar espadas y pu\u00f1ales. En 1847 una nueva e innovadora hebilla de liberaci\u00f3n r\u00e1pida, con su correspondiente cintur\u00f3n, se introdujo. Durante el Tercer Reich hubo una forma especifica de uso del cintur\u00f3n y hebilla; la hebilla se colocaba en el lado derecho y la hebilla de cierre correspondiente en el lado izquierdo. La hebilla de oficial de forma circular se introdujo el 9 de julio de 1937, junto con el cintur\u00f3n de brocado para el uso por oficiales del ej\u00e9rcito, se usaba en los uniformes de desfile y de servicio en presentaciones. Su uso se extendi\u00f3 dentro del ej\u00e9rcito incluso a los superintendentes y a las Bandas de M\u00fasica el 12 de abril de 1938.\u00a0 <\/span><\/span><\/p>\n<p style=\"text-align: justify\"><strong><span style=\"font-size: medium\"><span style=\"font-family: Verdana\">DESCRIPCION:<\/span><\/span><\/strong><span style=\"font-size: medium\"><span style=\"font-family: Verdana\"> Cintur\u00f3n de brocado de oficial de la Luftwaffe (Feldbinde und Feldbindenschloss f\u00fcr Offizier) de 92 cm de largo con su hebilla de aluminio modelo temprano, <span style=\"color: #ff0000\">\u00e1guila 1er modelo <\/span>(cola ca\u00edda), casi sin uso, marcado con su <span style=\"color: #ff0000\">\u201cD.R.G.M&#8221; <\/span>(Deutsches Reich Gebrauchsmuster).<\/span><\/span><\/p>\n<p>&nbsp;<\/p>\n","protected":false},"featured_media":14541,"template":"","meta":[],"product_brand":[],"product_cat":[224],"product_tag":[],"class_list":{"0":"post-14540","1":"product","2":"type-product","3":"status-publish","4":"has-post-thumbnail","6":"product_cat-archivo-vendidos","7":"sales-flash-overlay","8":"woocommerce-text-align-center","9":"woocommerce-image-align-center","10":"do-quantity-buttons","12":"first","13":"outofstock","14":"product-type-simple"},"_links":{"self":[{"href":"https:\/\/original-militaria.com\/en\/wp-json\/wp\/v2\/product\/14540","targetHints":{"allow":["GET"]}}],"collection":[{"href":"https:\/\/original-militaria.com\/en\/wp-json\/wp\/v2\/product"}],"about":[{"href":"https:\/\/original-militaria.com\/en\/wp-json\/wp\/v2\/types\/product"}],"wp:featuredmedia":[{"embeddable":true,"href":"https:\/\/original-militaria.com\/en\/wp-json\/wp\/v2\/media\/14541"}],"wp:attachment":[{"href":"https:\/\/original-militaria.com\/en\/wp-json\/wp\/v2\/media?parent=14540"}],"wp:term":[{"taxonomy":"product_brand","embeddable":true,"href":"https:\/\/original-militaria.com\/en\/wp-json\/wp\/v2\/product_brand?post=14540"},{"taxonomy":"product_cat","embeddable":true,"href":"https:\/\/original-militaria.com\/en\/wp-json\/wp\/v2\/product_cat?post=14540"},{"taxonomy":"product_tag","embeddable":true,"href":"https:\/\/original-militaria.com\/en\/wp-json\/wp\/v2\/product_tag?post=14540"}],"curies":[{"name":"wp","href":"https:\/\/api.w.org\/{rel}","templated":true}]}}