{"id":14523,"date":"2017-09-05T12:18:38","date_gmt":"2017-09-05T12:18:38","guid":{"rendered":"https:\/\/original-militaria.com\/?post_type=product&#038;p=14523"},"modified":"2022-01-31T19:08:48","modified_gmt":"2022-01-31T18:08:48","slug":"dak-cantimplora-m31-coco-del-afrikakorps-1942","status":"publish","type":"product","link":"https:\/\/original-militaria.com\/en\/producto\/dak-cantimplora-m31-coco-del-afrikakorps-1942\/","title":{"rendered":"Wehrmacht\/DAK, M31 Tropical Canteen &amp; Cup&#8211;WH\/DAK  Cantimplora M31 &#8220;Coco&#8221; del Afrikakorps."},"content":{"rendered":"<p style=\"text-align: justify\"><span style=\"font-size: medium\"><span style=\"font-family: Verdana\">Cantimplora tropical M31 denominada &#8220;Coco&#8221; t\u00edpica del Afrikakorps (Tropen Feldflasche 31 und Trinkbecher) de aluminio con cubierta de madera impregnada, tiene marcada en la parte posterior dentro de un circulo el &#8220;D.R.G.M.&#8221; (Deutsches Reichs Gebrauchs Muster), los fabricantes, la fecha &#8220;EDH 42&#8221; y el &#8220;DRPangm&#8221;, (Deutsche Reichs Patentes angemessen). Lleva correas t\u00edpicas de lona color\u00a0caqui, el vaso negro de baquelita. Dise\u00f1ada especialmente para el frente de \u00c1frica del Norte.\u00a0A la principal le falta la punta met\u00e1lica, algo com\u00fan, por lo dem\u00e1s buen estado usada.<\/span><\/span><\/p>\n","protected":false},"excerpt":{"rendered":"<p style=\"text-align: justify\"><strong><span style=\"font-size: medium\"><span style=\"font-family: Verdana\">DESCRIPCION:<\/span><\/span><\/strong><span style=\"font-size: medium\"><span style=\"font-family: Verdana\"> Cantimplora tropical denominada &#8220;Coco&#8221; tipica del Afrikakorps, M31 de aluminio con cubierta de madera impregnada, tiene marcada en la parte posterior dentro de un circulo el <span style=\"color: #ff0000\">&#8220;D.R.G.M.&#8221;<\/span> (Deutsches Reichs Gebrauchs Muster), los fabricantes, la fecha <span style=\"color: #ff0000\">&#8220;EDH 42&#8221;<\/span> y el <span style=\"color: #ff0000\">&#8220;DRPangm&#8221;<\/span>, (Deutsche Reichs Patentes angemessen). Lleva correas t\u00edpicas de lona color\u00a0caqui, el vaso negro de baquelita. Dise\u00f1ada especialmente para el frente de \u00c1frica del Norte.\u00a0A la principal le falta la punta met\u00e1lica, algo com\u00fan, por lo dem\u00e1s buen estado usada.<\/span><\/span><\/p>\n","protected":false},"featured_media":14524,"template":"","meta":[],"product_brand":[],"product_cat":[224],"product_tag":[],"class_list":{"0":"post-14523","1":"product","2":"type-product","3":"status-publish","4":"has-post-thumbnail","6":"product_cat-archivo-vendidos","7":"sales-flash-overlay","8":"woocommerce-text-align-center","9":"woocommerce-image-align-center","10":"do-quantity-buttons","12":"first","13":"outofstock","14":"purchasable","15":"product-type-simple"},"_links":{"self":[{"href":"https:\/\/original-militaria.com\/en\/wp-json\/wp\/v2\/product\/14523","targetHints":{"allow":["GET"]}}],"collection":[{"href":"https:\/\/original-militaria.com\/en\/wp-json\/wp\/v2\/product"}],"about":[{"href":"https:\/\/original-militaria.com\/en\/wp-json\/wp\/v2\/types\/product"}],"wp:featuredmedia":[{"embeddable":true,"href":"https:\/\/original-militaria.com\/en\/wp-json\/wp\/v2\/media\/14524"}],"wp:attachment":[{"href":"https:\/\/original-militaria.com\/en\/wp-json\/wp\/v2\/media?parent=14523"}],"wp:term":[{"taxonomy":"product_brand","embeddable":true,"href":"https:\/\/original-militaria.com\/en\/wp-json\/wp\/v2\/product_brand?post=14523"},{"taxonomy":"product_cat","embeddable":true,"href":"https:\/\/original-militaria.com\/en\/wp-json\/wp\/v2\/product_cat?post=14523"},{"taxonomy":"product_tag","embeddable":true,"href":"https:\/\/original-militaria.com\/en\/wp-json\/wp\/v2\/product_tag?post=14523"}],"curies":[{"name":"wp","href":"https:\/\/api.w.org\/{rel}","templated":true}]}}