{"id":14506,"date":"2017-09-05T12:18:33","date_gmt":"2017-09-05T12:18:33","guid":{"rendered":"https:\/\/original-militaria.com\/?post_type=product&#038;p=14506"},"modified":"2020-05-15T14:37:57","modified_gmt":"2020-05-15T14:37:57","slug":"real-orden-de-vasa","status":"publish","type":"product","link":"https:\/\/original-militaria.com\/en\/producto\/real-orden-de-vasa\/","title":{"rendered":"Real Orden de Vasa"},"content":{"rendered":"<p style=\"text-align: justify\"><span style=\"font-family: Verdana\"><span style=\"font-size: medium\"><strong>ANTECEDENTES: <\/strong>La Orden de Vasa (Suecia), se instituy\u00f3 el 26 de mayo de 1772 por Gustavo III de Suecia, d\u00eda de su coronaci\u00f3n. Ten\u00eda por objeto de recompensar los servicios civiles a los artistas. Se compone de tres clases: seis grandes cruces, ocho comendadores y cincuenta caballeros, sin contar los extranjeros.<\/span><\/span><\/p>\n<p style=\"text-align: justify\"><strong><span style=\"font-family: Verdana\"><span style=\"font-size: medium\">DESCRIPCION:<\/span><\/span><\/strong><span style=\"font-family: Verdana\"><span style=\"font-size: medium\">\u00a0Real Orden de Vasa en plata. Tiene <\/span><\/span><span style=\"font-family: Verdana\"><span style=\"font-size: medium\">Cruz de cuatro aspas sim\u00e9tricas esmaltadas con ocho puntas.\u00a0Sobre la cruz se alza la corona real, mientras que entre las aspas podemos ver otras cuatro coronas m\u00e1s peque\u00f1as. Al centro medall\u00f3n con el emblema de la dinast\u00eda Vasa, rodeado por un anillo de esmalte rojo inscrito que tiene en caracteres dorados&#8217; GUST . D. III INST. MDCCLXXII &#8216;(Gustaf III instituy\u00f3 en 1772); el reverso id\u00e9ntico al anverso.<\/span><\/span><\/p>\n<p style=\"text-align: justify\">\n","protected":false},"excerpt":{"rendered":"<p style=\"text-align: justify\"><span style=\"font-family: Verdana\"><span style=\"font-size: medium\"><strong>ANTECEDENTES: <\/strong>La Orden de Vasa (Suecia), se instituy\u00f3 el 26 de mayo de 1772 por Gustavo III de Suecia, d\u00eda de su coronaci\u00f3n. Ten\u00eda por objeto de recompensar los servicios civiles a los artistas. Se compone de tres clases: seis grandes cruces, ocho comendadores y cincuenta caballeros, sin contar los extranjeros.<\/span><\/span><\/p>\n<p style=\"text-align: justify\"><strong><span style=\"font-family: Verdana\"><span style=\"font-size: medium\">DESCRIPCION:<\/span><\/span><\/strong><span style=\"font-family: Verdana\"><span style=\"font-size: medium\">\u00a0Real Orden de Vasa en plata. Tiene <\/span><\/span><span style=\"font-family: Verdana\"><span style=\"font-size: medium\">Cruz de cuatro aspas sim\u00e9tricas esmaltadas con ocho puntas.\u00a0Sobre la cruz se alza la corona real, mientras que entre las aspas podemos ver otras cuatro coronas m\u00e1s peque\u00f1as. Al centro medall\u00f3n con el emblema de la dinast\u00eda Vasa, rodeado por un anillo de esmalte rojo inscrito que tiene en caracteres dorados&#8217; GUST . D. III INST. MDCCLXXII &#8216;(Gustaf III instituy\u00f3 en 1772); el reverso id\u00e9ntico al anverso.<\/span><\/span><\/p>\n<p style=\"text-align: justify\"><strong><span style=\"font-family: Verdana\"><span style=\"font-size: medium\">Nota.-<\/span><\/span><\/strong><span style=\"font-family: Verdana\"><span style=\"font-size: medium\"> Esta condecoraci\u00f3n proviene de un pasador espa\u00f1ol Alfonsino que vendimos. Art. C\u00f3digo 1538<\/span><\/span><\/p>\n","protected":false},"featured_media":14507,"template":"","meta":[],"product_brand":[],"product_cat":[176],"product_tag":[],"class_list":{"0":"post-14506","1":"product","2":"type-product","3":"status-publish","4":"has-post-thumbnail","6":"product_cat-militaria-otras-naciones","7":"sales-flash-overlay","8":"woocommerce-text-align-center","9":"woocommerce-image-align-center","10":"do-quantity-buttons","12":"first","13":"instock","14":"purchasable","15":"product-type-simple"},"_links":{"self":[{"href":"https:\/\/original-militaria.com\/en\/wp-json\/wp\/v2\/product\/14506","targetHints":{"allow":["GET"]}}],"collection":[{"href":"https:\/\/original-militaria.com\/en\/wp-json\/wp\/v2\/product"}],"about":[{"href":"https:\/\/original-militaria.com\/en\/wp-json\/wp\/v2\/types\/product"}],"wp:featuredmedia":[{"embeddable":true,"href":"https:\/\/original-militaria.com\/en\/wp-json\/wp\/v2\/media\/14507"}],"wp:attachment":[{"href":"https:\/\/original-militaria.com\/en\/wp-json\/wp\/v2\/media?parent=14506"}],"wp:term":[{"taxonomy":"product_brand","embeddable":true,"href":"https:\/\/original-militaria.com\/en\/wp-json\/wp\/v2\/product_brand?post=14506"},{"taxonomy":"product_cat","embeddable":true,"href":"https:\/\/original-militaria.com\/en\/wp-json\/wp\/v2\/product_cat?post=14506"},{"taxonomy":"product_tag","embeddable":true,"href":"https:\/\/original-militaria.com\/en\/wp-json\/wp\/v2\/product_tag?post=14506"}],"curies":[{"name":"wp","href":"https:\/\/api.w.org\/{rel}","templated":true}]}}