{"id":14494,"date":"2017-09-05T12:18:28","date_gmt":"2017-09-05T12:18:28","guid":{"rendered":"https:\/\/original-militaria.com\/?post_type=product&#038;p=14494"},"modified":"2022-01-31T19:08:48","modified_gmt":"2022-01-31T18:08:48","slug":"cruz-de-25-anos-de-servicioc-leales-al-estado","status":"publish","type":"product","link":"https:\/\/original-militaria.com\/en\/producto\/cruz-de-25-anos-de-servicioc-leales-al-estado\/","title":{"rendered":"25 Year Faithful Service Cross, 2nd Class, In Case&#8211; Cruz de 2\u00aa Clase por 25 A\u00f1os de Servicios Leales al Estado en Caja"},"content":{"rendered":"<p style=\"text-align: justify\"><strong><span style=\"font-size: medium\"><span style=\"font-family: Verdana\">ANTECEDENTES: <\/span><\/span><\/strong><span style=\"font-size: medium\"><span style=\"font-family: Verdana\">El 30 de enero de 1938, Hitler instituy\u00f3 a la condecoraci\u00f3n por servicios fieles al estado, en tres categor\u00edas, en reconocimiento a los funcionarios de larga duraci\u00f3n, y al personal de obras p\u00fablicas. Las condecoraciones fueron pensadas para ser un incentivo para que a la poblaci\u00f3n civil fomentara la lealtad en su lugar de trabajo y creara una funci\u00f3n p\u00fablica estable. Las tres clases de la condecoraci\u00f3n consistieron en la clase especial por cincuenta a\u00f1os de servicio continuo, la 1ra condecoraci\u00f3n por cuarenta a\u00f1os de servicio y la 2da condecoraci\u00f3n por veinticinco a\u00f1os de servicio. Las tres clases siguieron el mismo dise\u00f1o b\u00e1sico con variaciones de menor importancia<\/span><\/span><\/p>\n<p style=\"text-align: justify\"><strong><span style=\"font-size: medium\"><span style=\"font-family: Verdana\">DESCRIPCION:<\/span><\/span><\/strong><span style=\"font-size: medium\"><span style=\"font-family: Verdana\"> Cruz de 2\u00aa Clase por 25 a\u00f1os de servicios leales al Estado con su cinta y su alfiler. Al estuche le falta la base, con etiqueta del fabricante. Se encuentra en excelente condici\u00f3n.<br \/>\n<\/span><\/span><\/p>\n","protected":false},"excerpt":{"rendered":"<p style=\"text-align: justify\"><strong><span style=\"font-size: medium\"><span style=\"font-family: Verdana\">ANTECEDENTES: <\/span><\/span><\/strong><span style=\"font-size: medium\"><span style=\"font-family: Verdana\">El 30 de enero de 1938, Hitler instituy\u00f3 a la condecoraci\u00f3n por servicios fieles al estado, en tres categor\u00edas, en reconocimiento a los funcionarios de larga duraci\u00f3n, y al personal de obras p\u00fablicas. Las condecoraciones fueron pensadas para ser un incentivo para que a la poblaci\u00f3n civil fomentara la lealtad en su lugar de trabajo y creara una funci\u00f3n p\u00fablica estable. Las tres clases de la condecoraci\u00f3n consistieron en la clase especial por cincuenta a\u00f1os de servicio continuo, la 1ra condecoraci\u00f3n por cuarenta a\u00f1os de servicio y la 2da condecoraci\u00f3n por veinticinco a\u00f1os de servicio. Las tres clases siguieron el mismo dise\u00f1o b\u00e1sico con variaciones de menor importancia<\/span><\/span><\/p>\n<p style=\"text-align: justify\"><strong><span style=\"font-size: medium\"><span style=\"font-family: Verdana\">DESCRIPCION:<\/span><\/span><\/strong><span style=\"font-size: medium\"><span style=\"font-family: Verdana\"> Cruz por 25 a\u00f1os de servicios leales al Estado con su cinta y su alfiler. Al estuche le falta la base,\u00a0con etiqueta del fabricante.\u00a0Se encuentra en excelente condici\u00f3n.<br \/>\n<\/span><\/span><\/p>\n","protected":false},"featured_media":14495,"template":"","meta":[],"product_brand":[],"product_cat":[224],"product_tag":[],"class_list":{"0":"post-14494","1":"product","2":"type-product","3":"status-publish","4":"has-post-thumbnail","6":"product_cat-archivo-vendidos","7":"sales-flash-overlay","8":"woocommerce-text-align-center","9":"woocommerce-image-align-center","10":"do-quantity-buttons","12":"first","13":"outofstock","14":"purchasable","15":"product-type-simple"},"_links":{"self":[{"href":"https:\/\/original-militaria.com\/en\/wp-json\/wp\/v2\/product\/14494","targetHints":{"allow":["GET"]}}],"collection":[{"href":"https:\/\/original-militaria.com\/en\/wp-json\/wp\/v2\/product"}],"about":[{"href":"https:\/\/original-militaria.com\/en\/wp-json\/wp\/v2\/types\/product"}],"wp:featuredmedia":[{"embeddable":true,"href":"https:\/\/original-militaria.com\/en\/wp-json\/wp\/v2\/media\/14495"}],"wp:attachment":[{"href":"https:\/\/original-militaria.com\/en\/wp-json\/wp\/v2\/media?parent=14494"}],"wp:term":[{"taxonomy":"product_brand","embeddable":true,"href":"https:\/\/original-militaria.com\/en\/wp-json\/wp\/v2\/product_brand?post=14494"},{"taxonomy":"product_cat","embeddable":true,"href":"https:\/\/original-militaria.com\/en\/wp-json\/wp\/v2\/product_cat?post=14494"},{"taxonomy":"product_tag","embeddable":true,"href":"https:\/\/original-militaria.com\/en\/wp-json\/wp\/v2\/product_tag?post=14494"}],"curies":[{"name":"wp","href":"https:\/\/api.w.org\/{rel}","templated":true}]}}