{"id":14478,"date":"2017-09-05T12:18:22","date_gmt":"2017-09-05T12:18:22","guid":{"rendered":"https:\/\/original-militaria.com\/?post_type=product&#038;p=14478"},"modified":"2024-04-21T13:30:33","modified_gmt":"2024-04-21T11:30:33","slug":"lc-cruz-de-espana-con-espadas-en-oro-tombac","status":"publish","type":"product","link":"https:\/\/original-militaria.com\/en\/producto\/lc-cruz-de-espana-con-espadas-en-oro-tombac\/","title":{"rendered":"Condor Legion\/ Spanish Cross in Gold with Swords, Tombak &#8212; LC\/ Cruz de Espa\u00f1a con Espadas en Oro, Tombac"},"content":{"rendered":"<p style=\"text-align: justify;\"><strong><span style=\"font-size: medium;\"><span style=\"font-family: Verdana;\">ANTECEDENTES: <\/span><\/span><\/strong><span style=\"font-size: medium;\"><span style=\"font-family: Verdana;\">Creada<\/span><\/span> <span style=\"font-size: medium;\"><span style=\"font-family: Verdana;\">el 14 de abril de 1939 para la Legi\u00f3n C\u00f3ndor en siete categor\u00edas. De la Cruz de Espa\u00f1a en Oro con Espadas, solo se\u00a0 entregaron 1126.<\/span><\/span><\/p>\n<p style=\"text-align: justify;\"><strong><span style=\"font-size: medium;\"><span style=\"font-family: Verdana;\">DESCRIPCION:<\/span><\/span><\/strong><span style=\"font-size: medium;\"><span style=\"font-family: Verdana;\"> Extraordinaria y dif\u00edcil de encontrar modelo temprano en Tombac\u00a0(tombak en ingl\u00e9s) &#8220;Cruz de Espa\u00f1a con Espadas Categor\u00eda Oro&#8221; para la Legi\u00f3n C\u00f3ndor (Spanienkreuz in\u00a0Gold mit Schwertern), las primeras que se hicieron para el desfile del 6 de junio de 1939 de esta unidad en Berl\u00edn. Con excelente patina dorada al fuego y los bordes pulidos, no ferrosa,\u00a0la cual conserva casi en su totalidad. Tiene forma de Cruz de Malta de ocho puntas con una esv\u00e1stica en el centro y cuatro \u00e1guilas sim\u00e9tricas estilo Luftwaffe con espadas cruzadas. Es una de las m\u00e1s hermosas piezas que le podemos ofrecer de esta condecoraci\u00f3n muy dif\u00edcil de conseguir y m\u00e1s en este estado. Sin marcas de\u00a0fabricante, usual. S\u00f3lo m\u00ednimamente usada y\u00a0en muy buen estado.<\/span><\/span><\/p>\n<p style=\"text-align: justify;\"><strong><span style=\"font-size: medium;\"><span style=\"font-family: Verdana;\">Nota.- <\/span><\/span><\/strong><span style=\"font-size: medium;\"><span style=\"font-family: Verdana;\">Est\u00e1 sin limpiar.<\/span><\/span><\/p>\n","protected":false},"excerpt":{"rendered":"<p style=\"text-align: justify;\"><strong><span style=\"font-size: medium;\"><span style=\"font-family: Verdana;\">ANTECEDENTES: <\/span><\/span><\/strong><span style=\"font-size: medium;\"><span style=\"font-family: Verdana;\">Creada<\/span><\/span> <span style=\"font-size: medium;\"><span style=\"font-family: Verdana;\">el 14 de abril de 1939 para la Legi\u00f3n C\u00f3ndor en siete categor\u00edas. De la Cruz de Espa\u00f1a en Oro con Espadas, solo se\u00a0 entregar\u00f3n 1126.<\/span><\/span><\/p>\n<p style=\"text-align: justify;\"><strong><span style=\"font-size: medium;\"><span style=\"font-family: Verdana;\">DESCRIPCION:<\/span><\/span><\/strong><span style=\"font-size: medium;\"><span style=\"font-family: Verdana;\"> Extraordinaria y dif\u00edcil de encontrar modelo temprano en Tombac\u00a0(tombak en ingl\u00e9s) <span style=\"color: #ff0000;\">&#8220;Cruz de Espa\u00f1a con Espadas Categor\u00eda Oro&#8221; <\/span>para la Legi\u00f3n C\u00f3ndor (Spanienkreuz in\u00a0Gold mit Schwertern), las primeras que se hicieron para el desfile del 6 de junio de 1939 de esta unidad en Berl\u00edn. Con excelente patina dorada al fuego y los bordes pulidos, no ferrosa,\u00a0la cual conserva casi en su totalidad. Tiene forma de Cruz de Malta de ocho puntas con una esv\u00e1stica en el centro y cuatro \u00e1guilas sim\u00e9tricas estilo Luftwaffe con espadas cruzadas. Es una de las m\u00e1s hermosas piezas que le podemos ofrecer de esta condecoraci\u00f3n muy dif\u00edcil de conseguir y m\u00e1s en este estado. Sin marcas de\u00a0fabricante, usual. S\u00f3lo m\u00ednimamente usada y\u00a0en muy buen estado.<\/span><\/span><\/p>\n<p style=\"text-align: justify;\"><strong><span style=\"font-size: medium;\"><span style=\"font-family: Verdana;\">Nota.- <\/span><\/span><\/strong><span style=\"font-size: medium;\"><span style=\"font-family: Verdana;\">Est\u00e1 sin limpiar, tal como ha estado desde la WW2\u00a0<\/span><\/span><\/p>\n","protected":false},"featured_media":14479,"template":"","meta":[],"product_brand":[],"product_cat":[224],"product_tag":[],"class_list":{"0":"post-14478","1":"product","2":"type-product","3":"status-publish","4":"has-post-thumbnail","6":"product_cat-archivo-vendidos","7":"sales-flash-overlay","8":"woocommerce-text-align-center","9":"woocommerce-image-align-center","10":"do-quantity-buttons","12":"first","13":"outofstock","14":"purchasable","15":"product-type-simple"},"_links":{"self":[{"href":"https:\/\/original-militaria.com\/en\/wp-json\/wp\/v2\/product\/14478","targetHints":{"allow":["GET"]}}],"collection":[{"href":"https:\/\/original-militaria.com\/en\/wp-json\/wp\/v2\/product"}],"about":[{"href":"https:\/\/original-militaria.com\/en\/wp-json\/wp\/v2\/types\/product"}],"wp:featuredmedia":[{"embeddable":true,"href":"https:\/\/original-militaria.com\/en\/wp-json\/wp\/v2\/media\/14479"}],"wp:attachment":[{"href":"https:\/\/original-militaria.com\/en\/wp-json\/wp\/v2\/media?parent=14478"}],"wp:term":[{"taxonomy":"product_brand","embeddable":true,"href":"https:\/\/original-militaria.com\/en\/wp-json\/wp\/v2\/product_brand?post=14478"},{"taxonomy":"product_cat","embeddable":true,"href":"https:\/\/original-militaria.com\/en\/wp-json\/wp\/v2\/product_cat?post=14478"},{"taxonomy":"product_tag","embeddable":true,"href":"https:\/\/original-militaria.com\/en\/wp-json\/wp\/v2\/product_tag?post=14478"}],"curies":[{"name":"wp","href":"https:\/\/api.w.org\/{rel}","templated":true}]}}