{"id":14473,"date":"2017-09-05T12:18:20","date_gmt":"2017-09-05T12:18:20","guid":{"rendered":"https:\/\/original-militaria.com\/?post_type=product&#038;p=14473"},"modified":"2022-01-31T19:08:48","modified_gmt":"2022-01-31T18:08:48","slug":"nskk-raro-salacot-tropical-modelo-frances","status":"publish","type":"product","link":"https:\/\/original-militaria.com\/en\/producto\/nskk-raro-salacot-tropical-modelo-frances\/","title":{"rendered":"NSKK\/  French Tropical Pith Helmet, Very Rare&#8211;NSKK\/ Raro Salacot Tropical Modelo Franc\u00e9s"},"content":{"rendered":"<p style=\"text-align: justify\"><strong><span style=\"font-size: medium\"><span style=\"font-family: Verdana\">ANTECEDENTES:<\/span><\/span><\/strong><span style=\"font-size: medium\"><span style=\"font-family: Verdana\"> A finales de 1940, con la inminente entrada de Alemania en la campa\u00f1a de \u00c1frica del Norte, el ej\u00e9rcito elaboro r\u00e1pidamente uniformes y equipo tropical a tiempo para el DAK, Deutsches Afrika Korps, (Cuerpo Alem\u00e1n de \u00c1frica), para la llegada de las tropas a Tr\u00edpoli en febrero de 1941. Al mismo tiempo, la Luftwaffe tambi\u00e9n desarroll\u00f3 e introdujo su propia versi\u00f3n de uniformes, cascos y equipo tropical. Originalmente la Luftwaffe estacionada en el norte de \u00c1frica uso el primer modelo de salacot hasta que present\u00f3 su propia versi\u00f3n, a mediados de 1941, que es casi id\u00e9ntico a la versi\u00f3n del ej\u00e9rcito, excepto en la insignia. En general los uniformes, cascos y equipo tropicales fue destinados \u00fanicamente para el uso s\u00f3lo en el norte de \u00c1frica, pero fue ampliado a las tropas que prestaban servicio en las zonas meridionales de Europa durante los meses de verano, pero los cascos resultaron ineficaces y poco populares y la fabricaci\u00f3n se interrumpi\u00f3 en alg\u00fan momento entre 1942 y 1943. <\/span><\/span><\/p>\n<p style=\"text-align: justify\"><strong><span style=\"font-size: medium\"><span style=\"font-family: Verdana\">DESCRIPCION:<\/span><\/span><\/strong><span style=\"font-size: medium\"><span style=\"font-family: Verdana\"> Rar\u00edsimo Salacot tropical de origen franc\u00e9s\u00a0para un miembro del &#8220;Nationalzocialistichen kraftfahrkorps, NSKK&#8221;,\u00a0(Cuerpo de Motoristas Nacional Socialistas) con sus gafas (Tropenhelm f\u00fcr NSKK), pieza de deposito, color arena en el exterior y azul en el interior, en perfecto estado, incluso el borde de cuero alrededor del ala y\u00a0el n\u00facleo de corcho, intacto. Lleva en el lado izquierdo emblema met\u00e1lico del NSKK y en lado derecho escudo tricolor. Est\u00e1 completo con su barboquejo, todo en perfecto estado. Muy raro de\u00a0encontrar del NSKK y en este modelo.<\/span><\/span><\/p>\n<p style=\"text-align: justify\"><strong><span style=\"font-size: medium\"><span style=\"font-family: Verdana\">Nota.- <\/span><\/span><\/strong><span style=\"font-size: medium\"><span style=\"font-family: Verdana\">Este raro modelo de salacot fue muy utilizado por la Luftwaffe, pero tambi\u00e9n por la KM y otros cuerpos.<\/span><\/span><\/p>\n","protected":false},"excerpt":{"rendered":"<p style=\"text-align: justify\"><strong><span style=\"font-size: medium\"><span style=\"font-family: Verdana\">ANTECEDENTES:<\/span><\/span><\/strong><span style=\"font-size: medium\"><span style=\"font-family: Verdana\"> A finales de 1940, con la inminente entrada de Alemania en la campa\u00f1a de \u00c1frica del Norte, el ej\u00e9rcito elaboro r\u00e1pidamente uniformes y equipo tropical a tiempo para el DAK, Deutsches Afrika Korps, (Cuerpo Alem\u00e1n de \u00c1frica), para la llegada de las tropas a Tr\u00edpoli en febrero de 1941. Al mismo tiempo, la Luftwaffe tambi\u00e9n desarroll\u00f3 e introdujo su propia versi\u00f3n de uniformes, cascos y equipo tropical. Originalmente la Luftwaffe estacionada en el norte de \u00c1frica uso el primer modelo de salacot hasta que present\u00f3 su propia versi\u00f3n, a mediados de 1941, que es casi id\u00e9ntico a la versi\u00f3n del ej\u00e9rcito, excepto en la insignia. En general los uniformes, cascos y equipo tropicales fue destinados \u00fanicamente para el uso s\u00f3lo en el norte de \u00c1frica, pero fue ampliado a las tropas que prestaban servicio en las zonas meridionales de Europa durante los meses de verano, pero los cascos resultaron ineficaces y poco populares y la fabricaci\u00f3n se interrumpi\u00f3 en alg\u00fan momento entre 1942 y 1943. <\/span><\/span><\/p>\n<p style=\"text-align: justify\"><strong><span style=\"font-size: medium\"><span style=\"font-family: Verdana\">DESCRIPCION:<\/span><\/span><\/strong><span style=\"font-size: medium\"><span style=\"font-family: Verdana\"> Rar\u00edsimo Salacot tropical de origen franc\u00e9s\u00a0para un miembro del <span style=\"color: #ff0000\">&#8220;<span style=\"color: #ff0000\">Nationalzocialistichen kraftfahrkorps,<\/span> NSKK&#8221;,<\/span>\u00a0(Cuerpo de Motoristas Nacional Socialistas) con sus gafas (Tropenhelm f\u00fcr NSKK), pieza de deposito, color arena en el exterior y azul en el interior, en perfecto estado, incluso el borde de cuero alrededor del ala y\u00a0el n\u00facleo de corcho, intacto. Lleva en el lado izquierdo emblema met\u00e1lico del NSKK y en lado derecho escudo tricolor. Est\u00e1 completo con su barboquejo, todo en perfecto estado. Muy raro de\u00a0encontrar del NSKK y en este modelo.<\/span><\/span><\/p>\n<p style=\"text-align: justify\"><strong><span style=\"font-size: medium\"><span style=\"font-family: Verdana\">Nota.- <\/span><\/span><\/strong><span style=\"font-size: medium\"><span style=\"font-family: Verdana\">Este raro modelo de salacot fue muy utilizado por la Luftwaffe, pero tambi\u00e9n por la KM y otros cuerpos.<\/span><\/span><\/p>\n","protected":false},"featured_media":14474,"template":"","meta":[],"product_brand":[],"product_cat":[224],"product_tag":[],"class_list":{"0":"post-14473","1":"product","2":"type-product","3":"status-publish","4":"has-post-thumbnail","6":"product_cat-archivo-vendidos","7":"sales-flash-overlay","8":"woocommerce-text-align-center","9":"woocommerce-image-align-center","10":"do-quantity-buttons","12":"first","13":"outofstock","14":"purchasable","15":"product-type-simple"},"_links":{"self":[{"href":"https:\/\/original-militaria.com\/en\/wp-json\/wp\/v2\/product\/14473","targetHints":{"allow":["GET"]}}],"collection":[{"href":"https:\/\/original-militaria.com\/en\/wp-json\/wp\/v2\/product"}],"about":[{"href":"https:\/\/original-militaria.com\/en\/wp-json\/wp\/v2\/types\/product"}],"wp:featuredmedia":[{"embeddable":true,"href":"https:\/\/original-militaria.com\/en\/wp-json\/wp\/v2\/media\/14474"}],"wp:attachment":[{"href":"https:\/\/original-militaria.com\/en\/wp-json\/wp\/v2\/media?parent=14473"}],"wp:term":[{"taxonomy":"product_brand","embeddable":true,"href":"https:\/\/original-militaria.com\/en\/wp-json\/wp\/v2\/product_brand?post=14473"},{"taxonomy":"product_cat","embeddable":true,"href":"https:\/\/original-militaria.com\/en\/wp-json\/wp\/v2\/product_cat?post=14473"},{"taxonomy":"product_tag","embeddable":true,"href":"https:\/\/original-militaria.com\/en\/wp-json\/wp\/v2\/product_tag?post=14473"}],"curies":[{"name":"wp","href":"https:\/\/api.w.org\/{rel}","templated":true}]}}