{"id":14469,"date":"2017-09-05T12:18:18","date_gmt":"2017-09-05T12:18:18","guid":{"rendered":"https:\/\/original-militaria.com\/?post_type=product&#038;p=14469"},"modified":"2022-01-31T19:08:48","modified_gmt":"2022-01-31T18:08:48","slug":"ss-concesion-de-la-ek2-a-un-ss-sturmscharfuhrerr","status":"publish","type":"product","link":"https:\/\/original-militaria.com\/en\/producto\/ss-concesion-de-la-ek2-a-un-ss-sturmscharfuhrerr\/","title":{"rendered":"Waffen SS\/ Award Documents &#8211;Waffen SS\/ Concesi\u00f3n de la EK2 a un &#8220;SS-Sturmscharf\u00fchrerr&#8221;"},"content":{"rendered":"<p style=\"text-align: justify\"><span style=\"font-size: medium\"><span style=\"font-family: Verdana\">Excepcional concesi\u00f3n de la EK2 el 15 de junio de 1942 para el &#8220;SS-Sturmscharf\u00fchrer Franz Krummer&#8221; (suboficial) de la &#8220;SS Pz.J\u00e4g.Abt. LSSAH&#8221;, firmada por el\u00a0<\/span><\/span><span style=\"font-size: medium\"><span style=\"font-family: Verdana\">&#8220;<\/span><\/span><span style=\"font-size: medium\"><span style=\"font-family: Verdana\">SS Sturmbannf\u00fchrer&#8221;<\/span><\/span><span style=\"font-size: medium\"><span style=\"font-family: Verdana\"> de la Unidad\u00a0 (Comandante de unidad de asalto). Extremadamente rara y en perfecto estado.\u00a0<\/span><\/span><\/p>\n","protected":false},"excerpt":{"rendered":"<p style=\"text-align: justify\"><strong><span style=\"font-size: medium\"><span style=\"font-family: Verdana\">DESCRIPCION: <\/span><\/span><\/strong><span style=\"font-size: medium\"><span style=\"font-family: Verdana\">Excepcional concesi\u00f3n de la EK2 el 15 de junio de 1942 para el<span style=\"color: #ff0000\"> &#8220;SS-Sturmscharf\u00fchrer Franz Krummer&#8221; <\/span>(suboficial) de la <span style=\"color: #ff0000\">&#8220;SS Pz.J\u00e4g.Abt. LSSAH&#8221;<\/span>, firmada por el\u00a0<\/span><\/span><span style=\"color: #ff0000\"><span style=\"font-size: medium\"><span style=\"font-family: Verdana\">&#8220;<\/span><\/span><span style=\"font-size: medium\"><span style=\"font-family: Verdana\">SS Sturmbannf\u00fchrer&#8221;<\/span><\/span><\/span><span style=\"font-size: medium\"><span style=\"font-family: Verdana\"> de la Unidad\u00a0 (Comandante de unidad de asalto). Extremadamente rara y en perfecto estado.\u00a0<\/span><\/span><\/p>\n","protected":false},"featured_media":14470,"template":"","meta":[],"product_brand":[],"product_cat":[224],"product_tag":[],"class_list":{"0":"post-14469","1":"product","2":"type-product","3":"status-publish","4":"has-post-thumbnail","6":"product_cat-archivo-vendidos","7":"sales-flash-overlay","8":"woocommerce-text-align-center","9":"woocommerce-image-align-center","10":"do-quantity-buttons","12":"first","13":"outofstock","14":"purchasable","15":"product-type-simple"},"_links":{"self":[{"href":"https:\/\/original-militaria.com\/en\/wp-json\/wp\/v2\/product\/14469","targetHints":{"allow":["GET"]}}],"collection":[{"href":"https:\/\/original-militaria.com\/en\/wp-json\/wp\/v2\/product"}],"about":[{"href":"https:\/\/original-militaria.com\/en\/wp-json\/wp\/v2\/types\/product"}],"wp:featuredmedia":[{"embeddable":true,"href":"https:\/\/original-militaria.com\/en\/wp-json\/wp\/v2\/media\/14470"}],"wp:attachment":[{"href":"https:\/\/original-militaria.com\/en\/wp-json\/wp\/v2\/media?parent=14469"}],"wp:term":[{"taxonomy":"product_brand","embeddable":true,"href":"https:\/\/original-militaria.com\/en\/wp-json\/wp\/v2\/product_brand?post=14469"},{"taxonomy":"product_cat","embeddable":true,"href":"https:\/\/original-militaria.com\/en\/wp-json\/wp\/v2\/product_cat?post=14469"},{"taxonomy":"product_tag","embeddable":true,"href":"https:\/\/original-militaria.com\/en\/wp-json\/wp\/v2\/product_tag?post=14469"}],"curies":[{"name":"wp","href":"https:\/\/api.w.org\/{rel}","templated":true}]}}