{"id":14456,"date":"2017-09-05T12:18:13","date_gmt":"2017-09-05T12:18:13","guid":{"rendered":"https:\/\/original-militaria.com\/?post_type=product&#038;p=14456"},"modified":"2022-01-31T19:08:48","modified_gmt":"2022-01-31T18:08:48","slug":"wh-casco-m42-de-combate-con-calca-sello-del-fabricante","status":"publish","type":"product","link":"https:\/\/original-militaria.com\/en\/producto\/wh-casco-m42-de-combate-con-calca-sello-del-fabricante\/","title":{"rendered":"Wehrmacht\/ M42 Single Decal Combat Helmet&#8211;WH\/ Casco M42 de Combate con Calca, Sello del Fabricante"},"content":{"rendered":"<p align=\"justify\"><span style=\"font-size: medium\"><strong><span style=\"font-family: Verdana\">ANTECEDENTES:<\/span><\/strong><span style=\"font-family: Verdana\"> En el tercer Reich se desarrollo un casco m\u00e1s peque\u00f1o y m\u00e1s ligero en junio de 1935. En un esfuerzo por ahorrar tiempo en la construcci\u00f3n y costes de trabajo en Marzo de 1940 fueron introducidas modificaciones de menor importancia\u00a0dando por resultado el casco M40. Nuevas modificaciones en la construcci\u00f3n fueron emprendidas en agosto de 1942 dando por resultado el casco M42. El 28 de agosto de 1943 suprimieron la etiqueta del \u00e1guila de Wehrmacht y dictaron que deb\u00eda tambi\u00e9n ser quitada de todos los cascos aunque no fueron adheridos totalmente. <\/span><\/span><\/p>\n<p align=\"justify\"><span style=\"font-size: medium\"><strong><span style=\"font-family: Verdana\">DESCRIPCION:<\/span><\/strong><span style=\"font-family: Verdana\"> Casco M42 (Stahlhem M42) de combate con una calca al 95%, pintura de textura rugosa color gris-rat\u00f3n en\u00a0muy buen\u00a0estado, la guarnici\u00f3n interior M31\u00a0est\u00e1 en buen estado con las iniciales &#8220;E.S&#8221; en el interior de uno de los suspensores, sin barbuquejo, tiene en el interior de la olla, bajo la falda posterior, troquelado el n\u00famero de serie del casco &#8220;D245&#8221; y bajo el ala izquierda marcaje alfanum\u00e9rico &#8220;NS62&#8221;, manufactura de &#8220;Vereinigte Deutsche Nickelwerke, AG Schwerte&#8221; y tama\u00f1o &#8220;62&#8221;. En el interior de la olla, en la c\u00fapula,\u00a0lleva\u00a0estampado sello de fabricaci\u00f3n, muy raro de encontrar.<\/span><\/span><\/p>\n<p align=\"justify\">\n","protected":false},"excerpt":{"rendered":"<p align=\"justify\"><span style=\"font-size: medium\"><strong><span style=\"font-family: Verdana\">ANTECEDENTES:<\/span><\/strong><span style=\"font-family: Verdana\"> En el tercer Reich se desarrollo un casco m\u00e1s peque\u00f1o y m\u00e1s ligero en junio de 1935. En un esfuerzo por ahorrar tiempo en la construcci\u00f3n y costes de trabajo en Marzo de 1940 fueron introducidas modificaciones de menor importancia\u00a0dando por resultado el casco M40. Nuevas modificaciones en la construcci\u00f3n fueron emprendidas en agosto de 1942 dando por resultado el casco M42. El 28 de agosto de 1943 suprimieron la etiqueta del \u00e1guila de Wehrmacht y dictaron que deb\u00eda tambi\u00e9n ser quitada de todos los cascos aunque no fueron adheridos totalmente. <\/span><\/span><\/p>\n<p align=\"justify\"><span style=\"font-size: medium\"><strong><span style=\"font-family: Verdana\">DESCRIPCION:<\/span><\/strong><span style=\"font-family: Verdana\"> Casco M42 (Stahlhem M42) de combate con una calca al 95%, pintura de textura rugosa color gris-rat\u00f3n en\u00a0muy buen\u00a0estado, la guarnici\u00f3n interior M31\u00a0est\u00e1 en buen estado con las iniciales <span style=\"color: #ff0000\">&#8220;E.S&#8221;<\/span> en el interior de uno de los suspensores, sin barbuquejo, tiene en el interior de la olla, bajo la falda posterior, troquelado el n\u00famero de serie del casco <span style=\"color: #ff0000\">&#8220;D245&#8221;<\/span> y bajo el ala izquierda marcaje alfanum\u00e9rico <span style=\"color: red\">&#8220;NS62&#8221;<\/span>, manufactura de <span style=\"color: red\">&#8220;Vereinigte Deutsche Nickelwerke, AG Schwerte&#8221;<\/span> y tama\u00f1o <span style=\"color: #ff0000\">&#8220;62&#8221;<\/span>. En el interior de la olla, en la c\u00fapula,\u00a0lleva\u00a0estampado <span style=\"color: #ff0000\">sello de fabricaci\u00f3n<\/span>, muy raro de encontrar.<\/span><\/span><\/p>\n<p align=\"justify\">\n","protected":false},"featured_media":14457,"template":"","meta":[],"product_brand":[],"product_cat":[224],"product_tag":[],"class_list":{"0":"post-14456","1":"product","2":"type-product","3":"status-publish","4":"has-post-thumbnail","6":"product_cat-archivo-vendidos","7":"sales-flash-overlay","8":"woocommerce-text-align-center","9":"woocommerce-image-align-center","10":"do-quantity-buttons","12":"first","13":"outofstock","14":"purchasable","15":"product-type-simple"},"_links":{"self":[{"href":"https:\/\/original-militaria.com\/en\/wp-json\/wp\/v2\/product\/14456","targetHints":{"allow":["GET"]}}],"collection":[{"href":"https:\/\/original-militaria.com\/en\/wp-json\/wp\/v2\/product"}],"about":[{"href":"https:\/\/original-militaria.com\/en\/wp-json\/wp\/v2\/types\/product"}],"wp:featuredmedia":[{"embeddable":true,"href":"https:\/\/original-militaria.com\/en\/wp-json\/wp\/v2\/media\/14457"}],"wp:attachment":[{"href":"https:\/\/original-militaria.com\/en\/wp-json\/wp\/v2\/media?parent=14456"}],"wp:term":[{"taxonomy":"product_brand","embeddable":true,"href":"https:\/\/original-militaria.com\/en\/wp-json\/wp\/v2\/product_brand?post=14456"},{"taxonomy":"product_cat","embeddable":true,"href":"https:\/\/original-militaria.com\/en\/wp-json\/wp\/v2\/product_cat?post=14456"},{"taxonomy":"product_tag","embeddable":true,"href":"https:\/\/original-militaria.com\/en\/wp-json\/wp\/v2\/product_tag?post=14456"}],"curies":[{"name":"wp","href":"https:\/\/api.w.org\/{rel}","templated":true}]}}