{"id":14446,"date":"2017-09-05T12:18:10","date_gmt":"2017-09-05T12:18:10","guid":{"rendered":"https:\/\/original-militaria.com\/?post_type=product&#038;p=14446"},"modified":"2022-01-31T19:08:48","modified_gmt":"2022-01-31T18:08:48","slug":"ss-sturmscharfuhrer-de-la-leibstandarte-adolf-hitler-lah","status":"publish","type":"product","link":"https:\/\/original-militaria.com\/en\/producto\/ss-sturmscharfuhrer-de-la-leibstandarte-adolf-hitler-lah\/","title":{"rendered":"SS Sturmscharf\u00fchrer &#8220;Leibstandarte Adolf Hitler-LAH&#8221;"},"content":{"rendered":"<p align=\"justify\"><span style=\"font-family: Verdana;font-size: medium\"><strong>DESCRIPCI\u00d3N:<\/strong> Ponemos a la venta esta soberbia figura de gran calidad pintada a mano. Es una creaci\u00f3n realizada por artistas capaces de reflejar una actitud y una expresi\u00f3n vitalista y real. De modo artesanal, sus 11 piezas est\u00e1n ensambladas formando un todo exclusivo y arm\u00f3nico. La escultura da lugar a un molde especial centrifugado que generar\u00e1 en base a una aleaci\u00f3n de esta\u00f1o, antimonio, bismuto y plomo, con absoluto respeto a la tradici\u00f3n del soldado de plomo, reflejo del original. Basada en un minucioso y detallado estudio hist\u00f3rico de la \u00e9poca. De 270 mm de altura, con un excepcional estuche de presentaci\u00f3n.\u00a0Es la\u00a0primera e in\u00e9dita\u00a0de una importante colecci\u00f3n de figuras de WW2, se trata de un de un SS Sturmscharf\u00fchrer, el m\u00e1s alto empleo entre los suboficiales de la m\u00edtica SS Divisi\u00f3n Leibstandarte Adolf Hitler. Viste uniforme negro de parada y luce la exclusiva bocamanga que acreditaba pertenecer a esta divisi\u00f3n SS. Pocas unidades alemanas pueden enorgullecerse de una hoja de servicios como la que tuvo la Divisi\u00f3n SS Leibstandarte. Ninguna cruz\u00f3 tantas veces Europa en un sentido y en otro. Con excepci\u00f3n de Escandinavia y el norte de \u00c1frica, combati\u00f3 en todos los frentes que manten\u00eda abiertos Alemania. La Leibstandarte estaba encuadrada en las Waffen SS, un cuerpo militar salpicado sin lugar a dudas por la pol\u00e9mica, pero cualquier aficionado a la historia militar distingue ya sin problemas entre el aparato policial represivo de las SS y las Waffen SS o SS Armadas, que llevaron un importante peso de la toda la campa\u00f1a b\u00e9lica que supuso la II Guerra Mundial. La figura trata de plasmar ese aire orgulloso y altivo que siempre quiso dejar latente cualquier efectivo de la Leibstandarte desde que se organizar\u00e1 como regimiento en 1933. Una obra \u00fanica y exclusiva de muy alto valor art\u00edstico.<\/span><\/p>\n<p align=\"justify\"><strong><span style=\"font-family: Verdana;font-size: medium\">Nota.- <\/span><\/strong><span style=\"font-family: Verdana;font-size: medium\">Hace poco vendimos otra figura igual que esta, y hemos tenido la suerte de que nos ha entrado otra.\u00a0<strong>Est\u00e1n desclasificados<\/strong>.\u00a0<\/span><\/p>\n","protected":false},"excerpt":{"rendered":"<p align=\"justify\"><span style=\"font-family: Verdana;font-size: medium\"><strong>DESCRIPCI\u00d3N:<\/strong> Ponemos a la venta esta soberbia figura de gran calidad pintada a mano. Es una creaci\u00f3n\u00a0realizada por artistas capaces de reflejar una actitud y una expresi\u00f3n vitalista y real. De modo artesanal, sus <span style=\"color: #ff0000\">11 piezas<\/span> est\u00e1n ensambladas formando un todo exclusivo y arm\u00f3nico. La escultura da lugar a un molde especial centrifugado que generar\u00e1 en base a una aleaci\u00f3n de esta\u00f1o, antimonio, bismuto y plomo, con absoluto respeto a la tradici\u00f3n del soldado de plomo, reflejo del original.\u00a0Basada en un minucioso y detallado estudio hist\u00f3rico y uniformol\u00f3gico de\u00a0la \u00e9poca. De <span style=\"color: #ff0000\">270 mm<\/span> de altura, con un excepcional <span style=\"color: #ff0000\">estuche<\/span> de presentaci\u00f3n.\u00a0Es la\u00a0primera e in\u00e9dita\u00a0de una importante colecci\u00f3n de figuras de WW2, se trata de un de un SS Sturmscharf\u00fchrer, el m\u00e1s alto empleo entre los suboficiales de la m\u00edtica SS Divisi\u00f3n Leibstandarte Adolf Hitler. Viste uniforme negro de parada y luce la exclusiva bocamanga que acreditaba pertenecer a esta divisi\u00f3n SS. Pocas unidades alemanas pueden enorgullecerse de una hoja de servicios como la que tuvo la Divisi\u00f3n SS Leibstandarte. Ninguna cruz\u00f3 tantas veces Europa en un sentido y en otro. Con excepci\u00f3n de Escandinavia y el norte de \u00c1frica, combati\u00f3 en todos los frentes que manten\u00eda abiertos Alemania. La Leibstandarte estaba encuadrada en las Waffen SS, un cuerpo militar salpicado sin lugar a dudas por la pol\u00e9mica, pero cualquier aficionado a la historia militar distingue ya sin problemas entre el aparato policial represivo de las SS y las Waffen SS o SS Armadas, que llevaron un importante peso de la toda la campa\u00f1a b\u00e9lica que supuso la II Guerra Mundial. La figura trata de plasmar ese aire orgulloso y altivo que siempre quiso dejar latente cualquier efectivo de la Leibstandarte desde que se organizar\u00e1 como regimiento en 1933. Una obra \u00fanica y exclusiva de muy alto valor art\u00edstico.<\/span><\/p>\n<p align=\"justify\"><strong><span style=\"font-family: Verdana;font-size: medium\">Nota.- <\/span><\/strong><span style=\"font-family: Verdana;font-size: medium\">Hace poco vendimos otra figura igual que esta, y hemos tenido la suerte de que nos ha entrado otra.\u00a0<strong>Est\u00e1n desclasificados<\/strong>.\u00a0<\/span><\/p>\n","protected":false},"featured_media":14447,"template":"","meta":[],"product_brand":[],"product_cat":[224],"product_tag":[],"class_list":{"0":"post-14446","1":"product","2":"type-product","3":"status-publish","4":"has-post-thumbnail","6":"product_cat-archivo-vendidos","7":"sales-flash-overlay","8":"woocommerce-text-align-center","9":"woocommerce-image-align-center","10":"do-quantity-buttons","12":"first","13":"outofstock","14":"product-type-simple"},"_links":{"self":[{"href":"https:\/\/original-militaria.com\/en\/wp-json\/wp\/v2\/product\/14446","targetHints":{"allow":["GET"]}}],"collection":[{"href":"https:\/\/original-militaria.com\/en\/wp-json\/wp\/v2\/product"}],"about":[{"href":"https:\/\/original-militaria.com\/en\/wp-json\/wp\/v2\/types\/product"}],"wp:featuredmedia":[{"embeddable":true,"href":"https:\/\/original-militaria.com\/en\/wp-json\/wp\/v2\/media\/14447"}],"wp:attachment":[{"href":"https:\/\/original-militaria.com\/en\/wp-json\/wp\/v2\/media?parent=14446"}],"wp:term":[{"taxonomy":"product_brand","embeddable":true,"href":"https:\/\/original-militaria.com\/en\/wp-json\/wp\/v2\/product_brand?post=14446"},{"taxonomy":"product_cat","embeddable":true,"href":"https:\/\/original-militaria.com\/en\/wp-json\/wp\/v2\/product_cat?post=14446"},{"taxonomy":"product_tag","embeddable":true,"href":"https:\/\/original-militaria.com\/en\/wp-json\/wp\/v2\/product_tag?post=14446"}],"curies":[{"name":"wp","href":"https:\/\/api.w.org\/{rel}","templated":true}]}}