{"id":14440,"date":"2017-09-05T12:18:08","date_gmt":"2017-09-05T12:18:08","guid":{"rendered":"https:\/\/original-militaria.com\/?post_type=product&#038;p=14440"},"modified":"2022-01-31T19:08:48","modified_gmt":"2022-01-31T18:08:48","slug":"nsdap-bandera-nacional","status":"publish","type":"product","link":"https:\/\/original-militaria.com\/en\/producto\/nsdap-bandera-nacional\/","title":{"rendered":"NSDAP\/ National Flag&#8211;NSDAP\/ Bandera Nacional"},"content":{"rendered":"<p style=\"text-align: justify\"><span style=\"font-family: Verdana\"><span style=\"font-size: medium\">Peque\u00f1a bandera Nacional del NSDAP (Politisch Fahne) multi pieza, a dos caras. Tiene base de algod\u00f3n rojo y al centro en dos piezas tiene sobre un circulo blanco cosido a m\u00e1quina una negra esv\u00e1stica tambi\u00e9n cosida de la misma forma. <\/span><\/span><\/p>\n","protected":false},"excerpt":{"rendered":"<p style=\"text-align: justify\"><strong><span style=\"font-family: Verdana\"><span style=\"font-size: medium\">DESCRIPCION:<\/span><\/span><\/strong><span style=\"font-family: Verdana\"><span style=\"font-size: medium\"> Peque\u00f1a bandera Nacional del NSDAP (Politisch Fahne) multi pieza, a dos caras. Tiene base de algod\u00f3n rojo y al centro en dos piezas tiene sobre un circulo blanco cosido a m\u00e0quina una negra esv\u00e0stica tambi\u00e9n cosida de la misma forma. <\/span><\/span><\/p>\n","protected":false},"featured_media":14441,"template":"","meta":[],"product_brand":[],"product_cat":[224],"product_tag":[],"class_list":{"0":"post-14440","1":"product","2":"type-product","3":"status-publish","4":"has-post-thumbnail","6":"product_cat-archivo-vendidos","7":"sales-flash-overlay","8":"woocommerce-text-align-center","9":"woocommerce-image-align-center","10":"do-quantity-buttons","12":"first","13":"outofstock","14":"purchasable","15":"product-type-simple"},"_links":{"self":[{"href":"https:\/\/original-militaria.com\/en\/wp-json\/wp\/v2\/product\/14440","targetHints":{"allow":["GET"]}}],"collection":[{"href":"https:\/\/original-militaria.com\/en\/wp-json\/wp\/v2\/product"}],"about":[{"href":"https:\/\/original-militaria.com\/en\/wp-json\/wp\/v2\/types\/product"}],"wp:featuredmedia":[{"embeddable":true,"href":"https:\/\/original-militaria.com\/en\/wp-json\/wp\/v2\/media\/14441"}],"wp:attachment":[{"href":"https:\/\/original-militaria.com\/en\/wp-json\/wp\/v2\/media?parent=14440"}],"wp:term":[{"taxonomy":"product_brand","embeddable":true,"href":"https:\/\/original-militaria.com\/en\/wp-json\/wp\/v2\/product_brand?post=14440"},{"taxonomy":"product_cat","embeddable":true,"href":"https:\/\/original-militaria.com\/en\/wp-json\/wp\/v2\/product_cat?post=14440"},{"taxonomy":"product_tag","embeddable":true,"href":"https:\/\/original-militaria.com\/en\/wp-json\/wp\/v2\/product_tag?post=14440"}],"curies":[{"name":"wp","href":"https:\/\/api.w.org\/{rel}","templated":true}]}}