{"id":14418,"date":"2017-09-05T12:18:00","date_gmt":"2017-09-05T12:18:00","guid":{"rendered":"https:\/\/original-militaria.com\/?post_type=product&#038;p=14418"},"modified":"2022-01-31T19:08:47","modified_gmt":"2022-01-31T18:08:47","slug":"lw-cinturon-con-bandolera-de-oficial-fabricado-por-assmann","status":"publish","type":"product","link":"https:\/\/original-militaria.com\/en\/producto\/lw-cinturon-con-bandolera-de-oficial-fabricado-por-assmann\/","title":{"rendered":"Luftwaffe\/ Officer&#8217;s Belt with Cross Strap &#8220;Assmann&#8221;&#8211;LW\/ Cintur\u00f3n con Bandolera de Oficial Fabricado por Assmann"},"content":{"rendered":"<p style=\"text-align: justify\"><span style=\"font-size: medium\"><span style=\"font-family: Verdana\">Excepcional cintur\u00f3n marr\u00f3n para Oficial de la Luftwaffe\u00a0(Koppel mit Zweidornschnalle f\u00fcr Offizier) con su bandolera que empareja en un excepcional estado de conservaci\u00f3n. Ambos fueron fabricados del mismo cuero marr\u00f3n de alta calidad y vienen con el mismo forro de pa\u00f1o azul. La hebilla del cinc est\u00e1 marcada con el logo del fabricante (Assmann). Junto a la hebilla hay un sello labrado en el cuero con la medida del cintur\u00f3n 120 cm, que es exactamente la longitud de este cintur\u00f3n. No tiene en el cuero totalmente flexible ni un ara\u00f1azo. Extremadamente magnifico conjunto de cintur\u00f3n con su bandolera imposible de superar, el mejor que he visto nunca y en una gran talla. Ejemplo de libro.<\/span><\/span><\/p>\n<p style=\"text-align: justify\"><strong><span style=\"font-size: medium\"><span style=\"font-family: Verdana\">Medidas:<\/span><\/span><\/strong><\/p>\n<p style=\"text-align: justify\"><strong><span style=\"font-size: medium\"><span style=\"font-family: Verdana\">1\/<\/span><\/span><\/strong><span style=\"font-size: medium\"><span style=\"font-family: Verdana\"> La correa mide 120 cm de largo reales X 6 cm de ancho<\/span><\/span><\/p>\n<p style=\"text-align: justify\"><strong><span style=\"font-size: medium\"><span style=\"font-family: Verdana\">2\/<\/span><\/span><\/strong><span style=\"font-size: medium\"><span style=\"font-family: Verdana\"> La Bandolera mide 82 cm de largo X 2,5 cm de ancho<\/span><\/span><\/p>\n<p style=\"text-align: justify\">\n<p>&nbsp;<\/p>\n<p>&nbsp;<\/p>\n<p>&nbsp;<\/p>\n<p>&nbsp;<\/p>\n","protected":false},"excerpt":{"rendered":"<p style=\"text-align: justify\"><strong><span style=\"font-size: medium\"><span style=\"font-family: Verdana\">DESCRIPCION:<\/span><\/span><\/strong><span style=\"font-size: medium\"><span style=\"font-family: Verdana\"> Excepcional cintur\u00f3n marr\u00f3n para Oficial de la Luftwaffe\u00a0(Koppel mit Zweidornschnalle f\u00fcr Offizier) con su bandolera que empareja en un excepcional estado de conservaci\u00f3n. Ambos fueron fabricados del mismo cuero marr\u00f3n de alta calidad y vienen con el mismo forro de pa\u00f1o azul. La hebilla del cinc est\u00e1 marcada con el logo del fabricante (Assmann). Junto a la hebilla hay un sello labrado en el cuero con la medida del cintur\u00f3n 120 cm, que es exactamente la longitud de este cintur\u00f3n. No tiene en el cuero totalmente flexible ni un ara\u00f1azo. Extremadamente magnifico conjunto de cintur\u00f3n con su bandolera imposible de superar, el mejor que he visto nunca y en una gran talla. Ejemplo de libro.<\/span><\/span><\/p>\n<p style=\"text-align: justify\"><strong><span style=\"font-size: medium\"><span style=\"font-family: Verdana\">Medidas:<\/span><\/span><\/strong><\/p>\n<p style=\"text-align: justify\"><strong><span style=\"font-size: medium\"><span style=\"font-family: Verdana\">1\/<\/span><\/span><\/strong><span style=\"font-size: medium\"><span style=\"font-family: Verdana\"> La correa mide 120 cm de largo reales X 6 cm de ancho<\/span><\/span><\/p>\n<p style=\"text-align: justify\"><strong><span style=\"font-size: medium\"><span style=\"font-family: Verdana\">2\/<\/span><\/span><\/strong><span style=\"font-size: medium\"><span style=\"font-family: Verdana\"> La Bandolera mide 82 cm de largo X 2,5 cm de ancho<\/span><\/span><\/p>\n<p style=\"text-align: justify\">\n<p>&nbsp;<\/p>\n<p>&nbsp;<\/p>\n<p>&nbsp;<\/p>\n<p>&nbsp;<\/p>\n","protected":false},"featured_media":14419,"template":"","meta":[],"product_brand":[],"product_cat":[224],"product_tag":[],"class_list":{"0":"post-14418","1":"product","2":"type-product","3":"status-publish","4":"has-post-thumbnail","6":"product_cat-archivo-vendidos","7":"sales-flash-overlay","8":"woocommerce-text-align-center","9":"woocommerce-image-align-center","10":"do-quantity-buttons","12":"first","13":"outofstock","14":"purchasable","15":"product-type-simple"},"_links":{"self":[{"href":"https:\/\/original-militaria.com\/en\/wp-json\/wp\/v2\/product\/14418","targetHints":{"allow":["GET"]}}],"collection":[{"href":"https:\/\/original-militaria.com\/en\/wp-json\/wp\/v2\/product"}],"about":[{"href":"https:\/\/original-militaria.com\/en\/wp-json\/wp\/v2\/types\/product"}],"wp:featuredmedia":[{"embeddable":true,"href":"https:\/\/original-militaria.com\/en\/wp-json\/wp\/v2\/media\/14419"}],"wp:attachment":[{"href":"https:\/\/original-militaria.com\/en\/wp-json\/wp\/v2\/media?parent=14418"}],"wp:term":[{"taxonomy":"product_brand","embeddable":true,"href":"https:\/\/original-militaria.com\/en\/wp-json\/wp\/v2\/product_brand?post=14418"},{"taxonomy":"product_cat","embeddable":true,"href":"https:\/\/original-militaria.com\/en\/wp-json\/wp\/v2\/product_cat?post=14418"},{"taxonomy":"product_tag","embeddable":true,"href":"https:\/\/original-militaria.com\/en\/wp-json\/wp\/v2\/product_tag?post=14418"}],"curies":[{"name":"wp","href":"https:\/\/api.w.org\/{rel}","templated":true}]}}