{"id":14413,"date":"2017-09-05T12:17:58","date_gmt":"2017-09-05T12:17:58","guid":{"rendered":"https:\/\/original-militaria.com\/?post_type=product&#038;p=14413"},"modified":"2022-01-31T19:08:47","modified_gmt":"2022-01-31T18:08:47","slug":"wh-tahali-para-la-bayoneta-del-k98-con-rbnr","status":"publish","type":"product","link":"https:\/\/original-militaria.com\/en\/producto\/wh-tahali-para-la-bayoneta-del-k98-con-rbnr\/","title":{"rendered":"Wehrmacht\/ Leather K98 Bayonet Frog wiht &#8220;RBNr&#8221;&#8212; WH\/ Tahal\u00ed para la Bayoneta del K98 con &#8220;RBNr&#8221;"},"content":{"rendered":"<p style=\"text-align: justify\"><strong><span style=\"font-size: medium\"><span style=\"font-family: Verdana\">ANTECEDENTES:<\/span><\/span><\/strong><span style=\"font-size: medium\"><span style=\"font-family: Verdana\"> Originalmente el ej\u00e9rcito alem\u00e1n utiliz\u00f3 dos modelos de tahal\u00ed para la bayoneta con un modelo sin correa de retenci\u00f3n y otro modelo con correa horizontal de retenci\u00f3n para el personal montado. Un reglamento de 25 de enero de 1939 dictamino que el modelo sin correa deb\u00eda ser suprimido y sustituido por el modelo con correa, aunque el cambio no se logr\u00f3 completamente. En 1942, debido a la escasez de cuero, se introdujo otro modelo m\u00e1s simple, que eran m\u00e1s f\u00e1ciles de producir y utilizaba menos cuero. <\/span><\/span><\/p>\n<p style=\"text-align: justify\"><strong><span style=\"font-size: medium\"><span style=\"font-family: Verdana\">DESCRIPCION:<\/span><\/span><\/strong><span style=\"font-size: medium\"><span style=\"font-family: Verdana\"> Tahal\u00ed (Seitengewehrtasche f\u00fcr K98) para la bayoneta del K98. Modelo tard\u00edo\u00a0con c\u00f3digo &#8220;RBNr&#8221;, fabricado en fuerte cuero negro todav\u00eda flexible, de dos piezas con cuatro remaches para su fijaci\u00f3n y una costura que une ambas piezas de cuero, con su cierre intacto. Muy buen estado.<\/span><\/span><\/p>\n","protected":false},"excerpt":{"rendered":"<p style=\"text-align: justify\"><strong><span style=\"font-size: medium\"><span style=\"font-family: Verdana\">ANTECEDENTES:<\/span><\/span><\/strong><span style=\"font-size: medium\"><span style=\"font-family: Verdana\"> Originalmente el ej\u00e9rcito alem\u00e1n utiliz\u00f3 dos modelos de tahal\u00ed para la bayoneta con un modelo sin correa de retenci\u00f3n y otro modelo con correa horizontal de retenci\u00f3n para el personal montado. Un reglamento de 25 de enero de 1939 dictamino que el modelo sin correa deb\u00eda ser suprimido y sustituido por el modelo con correa, aunque el cambio no se logr\u00f3 completamente. En 1942, debido a la escasez de cuero, se introdujo otro modelo m\u00e1s simple, que eran m\u00e1s f\u00e1ciles de producir y utilizaba menos cuero. <\/span><\/span><\/p>\n<p style=\"text-align: justify\"><strong><span style=\"font-size: medium\"><span style=\"font-family: Verdana\">DESCRIPCION:<\/span><\/span><\/strong><span style=\"font-size: medium\"><span style=\"font-family: Verdana\"> Tahal\u00ed (Seitengewehrtasche f\u00fcr K98) para la bayoneta del K98. Modelo tard\u00edo\u00a0con c\u00f3digo &#8220;RBNr&#8221;, fabricado en fuerte cuero negro todav\u00eda flexible, de dos piezas con cuatro remaches para su fijaci\u00f3n y una costura que une ambas piezas de cuero, con su cierre intacto. Muy buen estado.<\/span><\/span><\/p>\n","protected":false},"featured_media":14414,"template":"","meta":[],"product_brand":[],"product_cat":[224],"product_tag":[],"class_list":{"0":"post-14413","1":"product","2":"type-product","3":"status-publish","4":"has-post-thumbnail","6":"product_cat-archivo-vendidos","7":"sales-flash-overlay","8":"woocommerce-text-align-center","9":"woocommerce-image-align-center","10":"do-quantity-buttons","12":"first","13":"outofstock","14":"product-type-simple"},"_links":{"self":[{"href":"https:\/\/original-militaria.com\/en\/wp-json\/wp\/v2\/product\/14413","targetHints":{"allow":["GET"]}}],"collection":[{"href":"https:\/\/original-militaria.com\/en\/wp-json\/wp\/v2\/product"}],"about":[{"href":"https:\/\/original-militaria.com\/en\/wp-json\/wp\/v2\/types\/product"}],"wp:featuredmedia":[{"embeddable":true,"href":"https:\/\/original-militaria.com\/en\/wp-json\/wp\/v2\/media\/14414"}],"wp:attachment":[{"href":"https:\/\/original-militaria.com\/en\/wp-json\/wp\/v2\/media?parent=14413"}],"wp:term":[{"taxonomy":"product_brand","embeddable":true,"href":"https:\/\/original-militaria.com\/en\/wp-json\/wp\/v2\/product_brand?post=14413"},{"taxonomy":"product_cat","embeddable":true,"href":"https:\/\/original-militaria.com\/en\/wp-json\/wp\/v2\/product_cat?post=14413"},{"taxonomy":"product_tag","embeddable":true,"href":"https:\/\/original-militaria.com\/en\/wp-json\/wp\/v2\/product_tag?post=14413"}],"curies":[{"name":"wp","href":"https:\/\/api.w.org\/{rel}","templated":true}]}}