{"id":14394,"date":"2017-09-05T12:17:50","date_gmt":"2017-09-05T12:17:50","guid":{"rendered":"https:\/\/original-militaria.com\/?post_type=product&#038;p=14394"},"modified":"2022-01-31T19:08:47","modified_gmt":"2022-01-31T18:08:47","slug":"casco-mk-ii-de-la-commonwealth-britanica-con-camuflaje-tropical-arena","status":"publish","type":"product","link":"https:\/\/original-militaria.com\/en\/producto\/casco-mk-ii-de-la-commonwealth-britanica-con-camuflaje-tropical-arena\/","title":{"rendered":"English MK-II Tropical Camo Helmet&#8212; Casco MK-II  de la Commonwealth Brit\u00e1nica con Camuflaje Tropical Arena"},"content":{"rendered":"<p style=\"text-align: justify\"><span style=\"font-size: medium\"><span style=\"font-family: Verdana\">Casco de la Commonwealth Brit\u00e1nica\u00a0con camuflaje tropical original color arena M MK-II. Tanto el cuerpo de acero, como el junquillo del reborde de acero inoxidable y los enganches de fijaci\u00f3n son\u00a0totalmente antimagn\u00e9ticos tal como dictaban las nomas para cascos de combate.\u00a0El barboquejo M MK II, es de algod\u00f3n, lleva en su interior muelles no magn\u00e9ticos, en dos piezas con hebilla de ajuste. Se asegura al casco con enganches inoxidables.\u00a0No se pueden distinguir marca alguna, posiblemente por la pintura de camuflaje.\u00a0La guarnici\u00f3n MK2 fabricada en hule marr\u00f3n chocolate forma cuatro leng\u00fcetas con los remates doblados y cosidos para formar jareta destinada a un lazo de ajuste, en el interior\u00a0la pieza en forma de cruz de caucho sirve como amortiguador.\u00a0<\/span><\/span><span style=\"font-size: medium\"><span style=\"font-family: Verdana\">Los brazos de la cruceta son de aluminio, no fibra prensada. Solo hemos podido observar lo que padece el nombre del propietario y en el interior la talla &#8220;6 3\/4&#8221;. Excelente estado.<\/span><\/span><\/p>\n","protected":false},"excerpt":{"rendered":"<p style=\"text-align: justify\"><strong><span style=\"font-size: medium\"><span style=\"font-family: Verdana\">DESCRIPCION:<\/span><\/span><\/strong><span style=\"font-size: medium\"><span style=\"font-family: Verdana\"> Casco de la Commonwealth Brit\u00e1nica\u00a0con camuflaje tropical original color arena M MK-II. Tanto el cuerpo de acero, como el junquillo del reborde de acero inoxidable y los enganches de fijaci\u00f3n son\u00a0totalmente antimagn\u00e9ticos tal como dictaban las nomas para cascos de combate.\u00a0El barboquejo M MK II, es de algod\u00f3n, lleva en su interior muelles no magn\u00e9ticos, en dos piezas con hebilla de ajuste. Se asegura al casco con enganches inoxidables.\u00a0No se pueden distinguir marca alguna, posiblemente por la pintura de camuflaje.\u00a0La guarnici\u00f3n MK2 fabricada en hule marr\u00f3n chocolate forma cuatro leng\u00fcetas con los remates doblados y cosidos para formar jareta destinada a un lazo de ajuste, en el interior\u00a0la pieza en forma de cruz de caucho sirve como amortiguador.\u00a0<\/span><\/span><span style=\"font-size: medium\"><span style=\"font-family: Verdana\">Los brazos de la cruceta son de aluminio, no fibra prensada. Solo hemos podido observar lo que padece el nombre del propietario y en el interior la talla &#8220;6 3\/4&#8221;. Excelente estado.<\/span><\/span><\/p>\n","protected":false},"featured_media":14395,"template":"","meta":[],"product_brand":[],"product_cat":[224],"product_tag":[],"class_list":{"0":"post-14394","1":"product","2":"type-product","3":"status-publish","4":"has-post-thumbnail","6":"product_cat-archivo-vendidos","7":"sales-flash-overlay","8":"woocommerce-text-align-center","9":"woocommerce-image-align-center","10":"do-quantity-buttons","12":"first","13":"outofstock","14":"purchasable","15":"product-type-simple"},"_links":{"self":[{"href":"https:\/\/original-militaria.com\/en\/wp-json\/wp\/v2\/product\/14394","targetHints":{"allow":["GET"]}}],"collection":[{"href":"https:\/\/original-militaria.com\/en\/wp-json\/wp\/v2\/product"}],"about":[{"href":"https:\/\/original-militaria.com\/en\/wp-json\/wp\/v2\/types\/product"}],"wp:featuredmedia":[{"embeddable":true,"href":"https:\/\/original-militaria.com\/en\/wp-json\/wp\/v2\/media\/14395"}],"wp:attachment":[{"href":"https:\/\/original-militaria.com\/en\/wp-json\/wp\/v2\/media?parent=14394"}],"wp:term":[{"taxonomy":"product_brand","embeddable":true,"href":"https:\/\/original-militaria.com\/en\/wp-json\/wp\/v2\/product_brand?post=14394"},{"taxonomy":"product_cat","embeddable":true,"href":"https:\/\/original-militaria.com\/en\/wp-json\/wp\/v2\/product_cat?post=14394"},{"taxonomy":"product_tag","embeddable":true,"href":"https:\/\/original-militaria.com\/en\/wp-json\/wp\/v2\/product_tag?post=14394"}],"curies":[{"name":"wp","href":"https:\/\/api.w.org\/{rel}","templated":true}]}}