{"id":14380,"date":"2017-09-05T12:17:44","date_gmt":"2017-09-05T12:17:44","guid":{"rendered":"https:\/\/original-militaria.com\/?post_type=product&#038;p=14380"},"modified":"2022-01-31T19:08:47","modified_gmt":"2022-01-31T18:08:47","slug":"guerrera-tropical-tipo-sahariana-para-un-soldado-de-la-6-division-blindada-britanica","status":"publish","type":"product","link":"https:\/\/original-militaria.com\/en\/producto\/guerrera-tropical-tipo-sahariana-para-un-soldado-de-la-6-division-blindada-britanica\/","title":{"rendered":"UK\/ Tropical Field Blouse &#8220;6th British Armored Division&#8221;&#8211; UK\/ Guerrera-uniforme Tropical tipo Sahariana para un Soldado de la &#8220;6\u00aa Divisi\u00f3n Blindada Brit\u00e1nica&#8221;"},"content":{"rendered":"<p style=\"text-align: justify\"><strong><span style=\"font-size: medium\"><span style=\"font-family: Verdana\">ANTECEDENTES:<\/span><\/span><\/strong><span style=\"font-size: medium\"><span style=\"font-family: Verdana\"> La 6\u00aa Divisi\u00f3n Blindada del ej\u00e9rcito brit\u00e1nico, fue creada el 12 de septiembre de 1940. La unidad inicialmente ten\u00eda tanques Matilda y Valentine. Particip\u00f3 en el desembarco de asalto de la Operaci\u00f3n Antorcha\u00a0en Argelia y Marruecos en noviembre de 1942, y vio su primera acci\u00f3n como parte del V Cuerpo del primer ej\u00e9rcito brit\u00e1nico en la campa\u00f1a de T\u00fanez. Despu\u00e9s de T\u00fanez particip\u00f3 en la campa\u00f1a italiana como parte del octavo ej\u00e9rcito brit\u00e1nico, y puso fin a la guerra en Austria, bajo el mando del V Cuerpo.<\/span><\/span><\/p>\n<p style=\"text-align: justify\"><strong><span style=\"font-size: medium\"><span style=\"font-family: Verdana\">DESCRIPCION:<\/span><\/span><\/strong><span style=\"font-size: medium\"><span style=\"font-family: Verdana\"> Rar\u00edsima y escasa\u00a0guerrera tropical tipo Sahariana para un soldado perteneciente a la &#8220;6\u00aa Divisi\u00f3n Blindada del ej\u00e9rcito Brit\u00e1nico&#8221; como indican las insignias que lleva en ambas mangas cosidos de origen. Tiene\u00a0cuatro bolsillos con solapa recta, los superiores con bot\u00f3n. En el frontal cuatro botones (falta uno), se cierra con un cintur\u00f3n fijo ajustable por botones, dos hombreras fijas con bot\u00f3n. Las mangas abiertas se cierran por medio de dos botones. En el interior viene marcado el nombre del propietario &#8220;Smith&#8221;. Tiene\u00a0dos\u00a0sellos\u00a0de deposito ilegibles. Talla espa\u00f1ola aproximada una\u00a044. Sin roturas ni desperfectos.\u00a0<\/span><\/span><\/p>\n<p style=\"text-align: justify\"><strong><span style=\"font-size: medium\"><span style=\"font-family: Verdana\">Nota.-<\/span><\/span><\/strong><span style=\"font-size: medium\"><span style=\"font-family: Verdana\"> El casco se vende aparte, pero proced\u00eda de la familia, por lo que entendemos que es el suyo.<\/span><\/span><\/p>\n","protected":false},"excerpt":{"rendered":"<p style=\"text-align: justify\"><strong><span style=\"font-size: medium\"><span style=\"font-family: Verdana\">ANTECEDENTES:<\/span><\/span><\/strong><span style=\"font-size: medium\"><span style=\"font-family: Verdana\"> La 6\u00aa Divisi\u00f3n Blindada del ej\u00e9rcito brit\u00e1nico, fue creada el 12 de septiembre de 1940. La unidad inicialmente ten\u00eda tanques Matilda y Valentine. Particip\u00f3 en el desembarco de asalto de la Operaci\u00f3n Antorcha\u00a0en Argelia y Marruecos en noviembre de 1942, y vio su primera acci\u00f3n como parte del V Cuerpo del primer ej\u00e9rcito brit\u00e1nico en la campa\u00f1a de T\u00fanez. Despu\u00e9s de T\u00fanez particip\u00f3 en la campa\u00f1a italiana como parte del octavo ej\u00e9rcito brit\u00e1nico, y puso fin a la guerra en Austria, bajo el mando del V Cuerpo.<\/span><\/span><\/p>\n<p style=\"text-align: justify\"><strong><span style=\"font-size: medium\"><span style=\"font-family: Verdana\">DESCRIPCION:<\/span><\/span><\/strong><span style=\"font-size: medium\"><span style=\"font-family: Verdana\"> Rar\u00edsima y escasa\u00a0guerrera tropical tipo Sahariana para un soldado perteneciente a la <span style=\"color: #ff0000\">&#8220;6\u00aa Divisi\u00f3n Blindada del ej\u00e9rcito Brit\u00e1nico&#8221; <\/span>como indican las insignias que lleva en ambas mangas cosidos de origen. Tiene\u00a0cuatro bolsillos con solapa recta, los superiores con bot\u00f3n. En el frontal cuatro botones (falta uno), se cierra con un cintur\u00f3n fijo ajustable por botones, dos hombreras fijas con bot\u00f3n. Las mangas abiertas se cierran por medio de dos botones. En el interior viene marcado el nombre del propietario &#8220;Smith&#8221;. Tiene\u00a0dos\u00a0sellos\u00a0de deposito ilegibles. Talla espa\u00f1ola aproximada una\u00a044. Sin roturas ni desperfectos.\u00a0<\/span><\/span><\/p>\n<p style=\"text-align: justify\"><strong><span style=\"font-size: medium\"><span style=\"font-family: Verdana\">Nota.-<\/span><\/span><\/strong><span style=\"font-size: medium\"><span style=\"font-family: Verdana\"> El casco se vende aparte, pero proced\u00eda de la familia, por lo que entendemos que es el suyo.<\/span><\/span><\/p>\n","protected":false},"featured_media":14381,"template":"","meta":[],"product_brand":[],"product_cat":[224],"product_tag":[],"class_list":{"0":"post-14380","1":"product","2":"type-product","3":"status-publish","4":"has-post-thumbnail","6":"product_cat-archivo-vendidos","7":"sales-flash-overlay","8":"woocommerce-text-align-center","9":"woocommerce-image-align-center","10":"do-quantity-buttons","12":"first","13":"outofstock","14":"purchasable","15":"product-type-simple"},"_links":{"self":[{"href":"https:\/\/original-militaria.com\/en\/wp-json\/wp\/v2\/product\/14380","targetHints":{"allow":["GET"]}}],"collection":[{"href":"https:\/\/original-militaria.com\/en\/wp-json\/wp\/v2\/product"}],"about":[{"href":"https:\/\/original-militaria.com\/en\/wp-json\/wp\/v2\/types\/product"}],"wp:featuredmedia":[{"embeddable":true,"href":"https:\/\/original-militaria.com\/en\/wp-json\/wp\/v2\/media\/14381"}],"wp:attachment":[{"href":"https:\/\/original-militaria.com\/en\/wp-json\/wp\/v2\/media?parent=14380"}],"wp:term":[{"taxonomy":"product_brand","embeddable":true,"href":"https:\/\/original-militaria.com\/en\/wp-json\/wp\/v2\/product_brand?post=14380"},{"taxonomy":"product_cat","embeddable":true,"href":"https:\/\/original-militaria.com\/en\/wp-json\/wp\/v2\/product_cat?post=14380"},{"taxonomy":"product_tag","embeddable":true,"href":"https:\/\/original-militaria.com\/en\/wp-json\/wp\/v2\/product_tag?post=14380"}],"curies":[{"name":"wp","href":"https:\/\/api.w.org\/{rel}","templated":true}]}}