{"id":14377,"date":"2017-09-05T12:17:42","date_gmt":"2017-09-05T12:17:42","guid":{"rendered":"https:\/\/original-militaria.com\/?post_type=product&#038;p=14377"},"modified":"2022-01-31T19:08:47","modified_gmt":"2022-01-31T18:08:47","slug":"brazalete-judio","status":"publish","type":"product","link":"https:\/\/original-militaria.com\/en\/producto\/brazalete-judio\/","title":{"rendered":"Jewish Armband&#8211;Brazalete para un Jud\u00edo"},"content":{"rendered":"<p style=\"text-align: justify\"><span style=\"font-size: 12pt;font-family: verdana, geneva, sans-serif\"><strong>ANTECEDENTES: <\/strong>Durante la WW2 tuvo lugar el\u00a0Shoa u Holocausto a manos de nazis,\u00a0fue la\u00a0creaci\u00f3n de guetos en\u00a0donde se afinaba a la poblaci\u00f3n de origen jud\u00edo bajo la estricta vigilancia de los SS, se les pod\u00eda castigar\u00a0con severos castigos y represalias; y eran forzados a desempe\u00f1ar duros trabajos como esclavos. Para identificarlos se confeccionaron unos brazaletes, todos\u00a0ten\u00edan en com\u00fan la estrella de David, pero se les asignaron colores para su identificaci\u00f3n seg\u00fan su supuesto &#8220;crimen&#8221;. <\/span><\/p>\n<p style=\"text-align: justify\"><span style=\"font-size: 12pt;font-family: verdana, geneva, sans-serif\"><strong>DESCRIPCION:<\/strong> Excepcional brazalete para un jud\u00edo de los denominados &#8220;asociales&#8221;,\u00a0confeccionado en gruesa tela de saco,\u00a03 piezas\u00a0con la estrella de David en amarillo y negro, el negro identificaba a los supuestamente por los nazis asociales. Mantiene los colores muy vivos todav\u00eda.\u00a0<\/span><\/p>\n<p style=\"text-align: justify\">\n","protected":false},"excerpt":{"rendered":"<p style=\"text-align: justify\"><strong><span style=\"font-size: medium\">ANTECEDENTES: <\/span><\/strong><span style=\"font-size: medium\">Durante la WW2 tuvo lugar el\u00a0Shoa u Holocausto a manos de nazis,\u00a0fue la\u00a0creaci\u00f3n de guetos en\u00a0donde se afinaba a la poblaci\u00f3n de origen jud\u00edo bajo la estricta vigilancia de los SS, se les pod\u00eda castigar\u00a0con severos castigos y represalias; y eran forzados a desempe\u00f1ar duros trabajos como esclavos. Para identificarlos se confeccionaron unos brazaletes, todos\u00a0ten\u00edan en com\u00fan la estrella de David, pero se les asignaron colores para su identificaci\u00f3n seg\u00fan su supuesto &#8220;crimen&#8221;. <\/span><\/p>\n<p style=\"text-align: justify\"><strong><span style=\"font-size: medium\">DESCRIPCION:<\/span><\/strong><span style=\"font-size: medium\"> Excepcional brazalete para un jud\u00edo de los denominados <span style=\"color: #ff0000\">&#8220;asociales&#8221;<\/span>,\u00a0confeccionado en gruesa tela de saco,\u00a03 piezas\u00a0con la estrella de David en amarillo y negro, el negro identificaba a los supuestamente por los nazis asociales. Mantiene los colores muy vivos todav\u00eda.\u00a0<\/span><\/p>\n<p style=\"text-align: justify\">\n","protected":false},"featured_media":14378,"template":"","meta":[],"product_brand":[],"product_cat":[224],"product_tag":[],"class_list":{"0":"post-14377","1":"product","2":"type-product","3":"status-publish","4":"has-post-thumbnail","6":"product_cat-archivo-vendidos","7":"sales-flash-overlay","8":"woocommerce-text-align-center","9":"woocommerce-image-align-center","10":"do-quantity-buttons","12":"first","13":"outofstock","14":"purchasable","15":"product-type-simple"},"_links":{"self":[{"href":"https:\/\/original-militaria.com\/en\/wp-json\/wp\/v2\/product\/14377","targetHints":{"allow":["GET"]}}],"collection":[{"href":"https:\/\/original-militaria.com\/en\/wp-json\/wp\/v2\/product"}],"about":[{"href":"https:\/\/original-militaria.com\/en\/wp-json\/wp\/v2\/types\/product"}],"wp:featuredmedia":[{"embeddable":true,"href":"https:\/\/original-militaria.com\/en\/wp-json\/wp\/v2\/media\/14378"}],"wp:attachment":[{"href":"https:\/\/original-militaria.com\/en\/wp-json\/wp\/v2\/media?parent=14377"}],"wp:term":[{"taxonomy":"product_brand","embeddable":true,"href":"https:\/\/original-militaria.com\/en\/wp-json\/wp\/v2\/product_brand?post=14377"},{"taxonomy":"product_cat","embeddable":true,"href":"https:\/\/original-militaria.com\/en\/wp-json\/wp\/v2\/product_cat?post=14377"},{"taxonomy":"product_tag","embeddable":true,"href":"https:\/\/original-militaria.com\/en\/wp-json\/wp\/v2\/product_tag?post=14377"}],"curies":[{"name":"wp","href":"https:\/\/api.w.org\/{rel}","templated":true}]}}