{"id":14357,"date":"2017-09-05T12:17:34","date_gmt":"2017-09-05T12:17:34","guid":{"rendered":"https:\/\/original-militaria.com\/?post_type=product&#038;p=14357"},"modified":"2022-01-31T19:08:47","modified_gmt":"2022-01-31T18:08:47","slug":"sable-de-oficial-para-caballeria-ligera-m1840-de-f-horster-solingen-imperio-austro-hungaro","status":"publish","type":"product","link":"https:\/\/original-militaria.com\/en\/producto\/sable-de-oficial-para-caballeria-ligera-m1840-de-f-horster-solingen-imperio-austro-hungaro\/","title":{"rendered":"Austro-Hungarian Empire\/ Cavalry M1840 Saber&#8211; Sable de Oficial para Caballer\u00eda Ligera M1840, de F. Horster, Solingen, Imperio Austro H\u00fangaro"},"content":{"rendered":"<p style=\"text-align: justify\"><span style=\"font-family: Verdana\"><span style=\"font-size: medium\">Sable de Oficial de caballer\u00eda ligera M1840, fabricado por &#8220;F. Horster, Solingen&#8221;, para un Oficial de Viena. Ligeramente curvo. La hoja ricamente ornamentada en su primer tercio en filo de oro con vaceo desde la bigotera hasta la pala, en la bigotera se puede observar por un lado la manufactura del fabricante &#8220;F. Horster&#8221; y encima en filo de oro el nombre del propietario, y por la otra parte, la ciudad del fabricante &#8220;Solingen&#8221; y encima en filo de oro tambi\u00e9n la ciudad del propietario &#8220;Viena&#8221;. La guarnici\u00f3n de hierro, la excepcional cazoleta est\u00e1 calada a mano, pu\u00f1o de madera cubierto de piel de lija con hilo y torzal de cobre para afirmarlo, perfecto. La vaina met\u00e1lica niquelada mantiene sus dos abrazaderas con sus argollas, limpia, sin picados ni golpes. <\/span><\/span><\/p>\n<p style=\"text-align: justify\"><strong><span style=\"font-family: Verdana\"><span style=\"font-size: medium\">Datos:<\/span><\/span><\/strong><\/p>\n<p style=\"text-align: justify\"><span style=\"font-family: Verdana\"><span style=\"font-size: medium\">Longitud de la hoja: 870 mm<\/span><\/span><\/p>\n<p style=\"text-align: justify\"><span style=\"font-family: Verdana\"><span style=\"font-size: medium\">Longitud total: 104 mm<\/span><\/span><\/p>\n<p style=\"text-align: justify\"><strong><span style=\"font-family: Verdana\"><span style=\"font-size: medium\">Nota.-<\/span><\/span><\/strong><span style=\"font-family: Verdana\"><span style=\"font-size: medium\"> Tambi\u00e9n tenemos el mismo modelo para tropa a la venta fabricado por &#8220;WKC. Solingen&#8221;.<br \/>\n<\/span><\/span><\/p>\n","protected":false},"excerpt":{"rendered":"<p style=\"text-align: justify\"><strong><span style=\"font-family: Verdana\"><span style=\"font-size: medium\">DESCRIPCION:<\/span><\/span><\/strong><span style=\"font-family: Verdana\"><span style=\"font-size: medium\"> Sable de Oficial de caballer\u00eda ligera M1840, fabricado por <span style=\"color: #ff0000\">&#8220;F. Horster, Solingen&#8221;<\/span>, para un Oficial de Viena. Ligeramente curvo. La hoja ricamente ornamentada en su primer tercio en filo de oro con vaceo desde la bigotera hasta la pala, en la bigotera se puede observar por un lado la manufactura del fabricante<span style=\"color: #ff0000\"> &#8220;F. Horster<\/span>&#8221; y encima en filo de oro el nombre del propietario, y por la otra parte, la ciudad del fabricante<span style=\"color: #ff0000\"> &#8220;Solingen&#8221;<\/span> y encima en filo de oro tambi\u00e9n la ciudad del propietario <span style=\"color: #ff0000\">&#8220;Viena&#8221;<\/span>. La guarnici\u00f3n de hierro, la excepcional cazoleta est\u00e1 calada a mano, pu\u00f1o de madera cubierto de piel de lija con hilo y torzal de cobre para afirmarlo, perfecto. La vaina met\u00e1lica niquelada mantiene sus dos abrazaderas con sus argollas, limpia, sin picados ni golpes. <\/span><\/span><\/p>\n<p style=\"text-align: justify\"><strong><span style=\"font-family: Verdana\"><span style=\"font-size: medium\">Datos:<\/span><\/span><\/strong><\/p>\n<p style=\"text-align: justify\"><span style=\"font-family: Verdana\"><span style=\"font-size: medium\">Longitud de la hoja: 870 mm<\/span><\/span><\/p>\n<p style=\"text-align: justify\"><span style=\"font-family: Verdana\"><span style=\"font-size: medium\">Longitud total: 104 mm<\/span><\/span><\/p>\n<p style=\"text-align: justify\"><strong><span style=\"font-family: Verdana\"><span style=\"font-size: medium\">Nota.-<\/span><\/span><\/strong><span style=\"font-family: Verdana\"><span style=\"font-size: medium\"> Tambi\u00e9n tenemos el mismo modelo para tropa a la venta fabricado por &#8220;WKC. Solingen&#8221;.<br \/>\n<\/span><\/span><\/p>\n","protected":false},"featured_media":14358,"template":"","meta":[],"product_brand":[],"product_cat":[224],"product_tag":[],"class_list":{"0":"post-14357","1":"product","2":"type-product","3":"status-publish","4":"has-post-thumbnail","6":"product_cat-archivo-vendidos","7":"sales-flash-overlay","8":"woocommerce-text-align-center","9":"woocommerce-image-align-center","10":"do-quantity-buttons","12":"first","13":"outofstock","14":"purchasable","15":"product-type-simple"},"_links":{"self":[{"href":"https:\/\/original-militaria.com\/en\/wp-json\/wp\/v2\/product\/14357","targetHints":{"allow":["GET"]}}],"collection":[{"href":"https:\/\/original-militaria.com\/en\/wp-json\/wp\/v2\/product"}],"about":[{"href":"https:\/\/original-militaria.com\/en\/wp-json\/wp\/v2\/types\/product"}],"wp:featuredmedia":[{"embeddable":true,"href":"https:\/\/original-militaria.com\/en\/wp-json\/wp\/v2\/media\/14358"}],"wp:attachment":[{"href":"https:\/\/original-militaria.com\/en\/wp-json\/wp\/v2\/media?parent=14357"}],"wp:term":[{"taxonomy":"product_brand","embeddable":true,"href":"https:\/\/original-militaria.com\/en\/wp-json\/wp\/v2\/product_brand?post=14357"},{"taxonomy":"product_cat","embeddable":true,"href":"https:\/\/original-militaria.com\/en\/wp-json\/wp\/v2\/product_cat?post=14357"},{"taxonomy":"product_tag","embeddable":true,"href":"https:\/\/original-militaria.com\/en\/wp-json\/wp\/v2\/product_tag?post=14357"}],"curies":[{"name":"wp","href":"https:\/\/api.w.org\/{rel}","templated":true}]}}