{"id":14343,"date":"2017-09-05T12:17:29","date_gmt":"2017-09-05T12:17:29","guid":{"rendered":"https:\/\/original-militaria.com\/?post_type=product&#038;p=14343"},"modified":"2022-01-31T19:08:47","modified_gmt":"2022-01-31T18:08:47","slug":"sable-de-tropa-para-caballeria-ligera-m1840-de-wkc-imperio-austro-hungaro","status":"publish","type":"product","link":"https:\/\/original-militaria.com\/en\/producto\/sable-de-tropa-para-caballeria-ligera-m1840-de-wkc-imperio-austro-hungaro\/","title":{"rendered":"Austro-Hungarian Empire\/ Light Cavalry M1840 Saber&#8211; Sable de Tropa para Caballer\u00eda Ligera M1840, de WKC,Imperio Austro H\u00fangaro"},"content":{"rendered":"<p style=\"text-align: justify\"><span style=\"font-family: verdana, geneva, sans-serif;font-size: 12pt\">Escaso y robusto sable M1840 para tropa de caballer\u00eda\u00a0ligera del Imperio Austro H\u00fangaro, fabricado por &#8220;WKC, Solingen&#8221; (Weyersberg, Kirschbaum &amp; Co),. Ligeramente curvo.\u00a0La hoja plana por las dos caras, limpia, de una sola pieza, a mesa,\u00a0en la peque\u00f1a\u00a0bigotera por una cara logo del fabricante y por la otra parte casi ilegible el nombre, tiene corrido lomo fuerte hasta la punta. La guarnici\u00f3n\u00a0de hierro, la excepcional cazoleta est\u00e1 calada a mano, pu\u00f1o de madera cubierto de piel de lija con hilo y torzal de cobre para afirmarlo, perfecto. La vaina met\u00e1lica niquelada mantiene sus dos abrazaderas con sus argollas, limpia, sin picados ni golpes. <\/span><\/p>\n<p style=\"text-align: justify\"><span style=\"font-family: verdana, geneva, sans-serif;font-size: 12pt\"><strong>Datos:<\/strong><\/span><\/p>\n<p style=\"text-align: justify\"><span style=\"font-size: 12pt;font-family: verdana, geneva, sans-serif\">Longitud de la hoja: 870 mm<\/span><\/p>\n<p style=\"text-align: justify\"><span style=\"font-size: 12pt;font-family: verdana, geneva, sans-serif\">Longitud total: 104 mm<\/span><\/p>\n<p style=\"text-align: justify\"><span style=\"font-size: 12pt;font-family: verdana, geneva, sans-serif\">Ancho de hoja: 30 mm<\/span><\/p>\n<p style=\"text-align: justify\"><span style=\"font-size: 12pt;font-family: verdana, geneva, sans-serif\"><strong>Nota.-<\/strong> Tenemos a la venta tambi\u00e9n el modelo de Oficial fabricado por &#8220;F. Horster, Solingen&#8221;<\/span><\/p>\n<p><span style=\"font-family: verdana, geneva, sans-serif;font-size: 12pt\"><strong>AVISO:<\/strong> Revisa la normativa espa\u00f1ola para la tenencia de armas antes de realizar la compra<\/span><br \/>\n<span style=\"font-family: verdana, geneva, sans-serif\"> <small><a title=\"Normativa espa\u00f1ola para la tenencia de armas. Guardia Civil.\" href=\"http:\/\/www.guardiacivil.es\/es\/servicios\/armasyexplosivo\/index.html\" target=\"_blank\" rel=\"noopener noreferrer nofollow\"> Guardia Civil (Intervenci\u00f3n de Armas Virtual)<\/a><\/small><\/span><\/p>\n","protected":false},"excerpt":{"rendered":"<p style=\"text-align: justify\"><strong><span style=\"font-size: 18px\">DESCRIPCION:<\/span><\/strong><span style=\"font-size: 18px\"> Escaso y robusto sable M1840 para tropa de caballer\u00eda\u00a0ligera del Imperio Austro H\u00fangaro, fabricado por <span style=\"color: #ff0000\">&#8220;WKC, Solingen&#8221; <\/span>(Weyersberg, Kirschbaum &amp; Co),. Ligeramente curvo.\u00a0La hoja plana por las dos caras, limpia, de una sola pieza, a mesa,\u00a0en la peque\u00f1a\u00a0bigotera por una cara logo del fabricante y por la otra parte casi ilegible el nombre, tiene corrido lomo fuerte hasta la punta. La guarnici\u00f3n\u00a0de hierro, la excepcional cazoleta est\u00e1 calada a mano, pu\u00f1o de madera cubierto de piel de lija con hilo y torzal de cobre para afirmarlo<\/span><span style=\"font-size: 18px\"><span style=\"font-family: Verdana\">, perfecto. <\/span>La vaina met\u00e1lica niquelada mantiene sus dos abrazaderas con sus argollas, limpia, sin picados ni golpes. <\/span><\/p>\n<p style=\"text-align: justify\"><strong><span style=\"font-size: 18px\">Datos:<\/span><\/strong><\/p>\n<p style=\"text-align: justify\"><span style=\"font-size: medium\"><span style=\"font-family: Verdana\">Longitud de la hoja: 870 mm<\/span><\/span><\/p>\n<p style=\"text-align: justify\"><span style=\"font-size: medium\"><span style=\"font-family: Verdana\">Longitud total: 104 mm<\/span><\/span><\/p>\n<p style=\"text-align: justify\"><span style=\"font-size: medium\"><span style=\"font-family: Verdana\">Ancho de hoja: 30 mm<\/span><\/span><\/p>\n<p style=\"text-align: justify\"><span style=\"font-size: medium\"><span style=\"font-family: Verdana\"><strong>Nota.-<\/strong> Tenemos a la venta tambien el modelo de Oficial fabricado por &#8220;F. Horster, Solingen&#8221;<\/span><\/span><\/p>\n","protected":false},"featured_media":14344,"template":"","meta":[],"product_brand":[],"product_cat":[224],"product_tag":[],"class_list":{"0":"post-14343","1":"product","2":"type-product","3":"status-publish","4":"has-post-thumbnail","6":"product_cat-archivo-vendidos","7":"sales-flash-overlay","8":"woocommerce-text-align-center","9":"woocommerce-image-align-center","10":"do-quantity-buttons","12":"first","13":"outofstock","14":"purchasable","15":"product-type-simple"},"_links":{"self":[{"href":"https:\/\/original-militaria.com\/en\/wp-json\/wp\/v2\/product\/14343","targetHints":{"allow":["GET"]}}],"collection":[{"href":"https:\/\/original-militaria.com\/en\/wp-json\/wp\/v2\/product"}],"about":[{"href":"https:\/\/original-militaria.com\/en\/wp-json\/wp\/v2\/types\/product"}],"wp:featuredmedia":[{"embeddable":true,"href":"https:\/\/original-militaria.com\/en\/wp-json\/wp\/v2\/media\/14344"}],"wp:attachment":[{"href":"https:\/\/original-militaria.com\/en\/wp-json\/wp\/v2\/media?parent=14343"}],"wp:term":[{"taxonomy":"product_brand","embeddable":true,"href":"https:\/\/original-militaria.com\/en\/wp-json\/wp\/v2\/product_brand?post=14343"},{"taxonomy":"product_cat","embeddable":true,"href":"https:\/\/original-militaria.com\/en\/wp-json\/wp\/v2\/product_cat?post=14343"},{"taxonomy":"product_tag","embeddable":true,"href":"https:\/\/original-militaria.com\/en\/wp-json\/wp\/v2\/product_tag?post=14343"}],"curies":[{"name":"wp","href":"https:\/\/api.w.org\/{rel}","templated":true}]}}