{"id":14339,"date":"2017-09-05T12:17:27","date_gmt":"2017-09-05T12:17:27","guid":{"rendered":"https:\/\/original-militaria.com\/?post_type=product&#038;p=14339"},"modified":"2022-01-31T19:08:47","modified_gmt":"2022-01-31T18:08:47","slug":"nsdap-placa-esmaltada-del-grupo-local-seehausen-2","status":"publish","type":"product","link":"https:\/\/original-militaria.com\/en\/producto\/nsdap-placa-esmaltada-del-grupo-local-seehausen-2\/","title":{"rendered":"NSDAP\/ Ortsgruppe Seehausen, Enamel Sign&#8211;NSDAP\/ Placa Esmaltada del Grupo Local Seehausen"},"content":{"rendered":"<p align=\"justify\"><span style=\"font-size: medium\"><span style=\"font-family: Verdana\">Placa (Emailschilder) convexa (modelo temprano) del grupo local del N.S.D.A.P del municipio de Seehausen (Sajonia), la placa es de hierro esmaltado en blanco con las letras esmaltadas en negro al relieve. La placa lleva en la parte inferior derecha la manufactura, direcci\u00f3n y n\u00famero de tel\u00e9fono del fabricante &#8220;Albert Otto, Plauensche Str. 2-tel.25291&#8221;.\u00a0Dimensiones 40 x 20 cm. Perfecto estado salvo un peque\u00f1o desconchado en uno de los agujeros de montaje. Muy rara con los datos del fabricante.<br \/>\n<\/span><\/span><\/p>\n<p align=\"justify\">\n","protected":false},"excerpt":{"rendered":"<p align=\"justify\"><span style=\"font-size: medium\"><span style=\"font-family: Verdana\"><strong>DESCRIPCION:<\/strong> Placa (Emailschilder) convexa (modelo temprano) del grupo local del N.S.D.A.P del municipio de\u00a0\u00a0<span style=\"color: #ff0000\">Seehausen<\/span> (Sajonia), la placa es de hierro esmaltado en blanco con las letras esmaltadas en negro al relieve. La placa lleva en la parte inferior derecha la manufactura, direcci\u00f3n y n\u00famero de tel\u00e9fono del fabricante <span style=\"color: #ff0000\">&#8220;Albert Otto, Plauensche Str. 2-tel.25291&#8221;<\/span>.\u00a0Dimensiones 40 x 20 cm. Perfecto estado salvo un peque\u00f1o desconchado en uno de los agujeros de montaje. Muy rara.<br \/>\n<\/span><\/span><\/p>\n<p align=\"justify\"><span style=\"font-size: medium\"><strong><span style=\"font-family: Verdana\">Nota.-<\/span><\/strong><span style=\"font-family: Verdana\"> Este es un <strong>art\u00edculo en dep\u00f3sito <\/strong>que fue vendido por nosotros hace un tiempo.<\/span><\/span><\/p>\n","protected":false},"featured_media":14340,"template":"","meta":[],"product_brand":[],"product_cat":[224],"product_tag":[],"class_list":{"0":"post-14339","1":"product","2":"type-product","3":"status-publish","4":"has-post-thumbnail","6":"product_cat-archivo-vendidos","7":"sales-flash-overlay","8":"woocommerce-text-align-center","9":"woocommerce-image-align-center","10":"do-quantity-buttons","12":"first","13":"outofstock","14":"product-type-simple"},"_links":{"self":[{"href":"https:\/\/original-militaria.com\/en\/wp-json\/wp\/v2\/product\/14339","targetHints":{"allow":["GET"]}}],"collection":[{"href":"https:\/\/original-militaria.com\/en\/wp-json\/wp\/v2\/product"}],"about":[{"href":"https:\/\/original-militaria.com\/en\/wp-json\/wp\/v2\/types\/product"}],"wp:featuredmedia":[{"embeddable":true,"href":"https:\/\/original-militaria.com\/en\/wp-json\/wp\/v2\/media\/14340"}],"wp:attachment":[{"href":"https:\/\/original-militaria.com\/en\/wp-json\/wp\/v2\/media?parent=14339"}],"wp:term":[{"taxonomy":"product_brand","embeddable":true,"href":"https:\/\/original-militaria.com\/en\/wp-json\/wp\/v2\/product_brand?post=14339"},{"taxonomy":"product_cat","embeddable":true,"href":"https:\/\/original-militaria.com\/en\/wp-json\/wp\/v2\/product_cat?post=14339"},{"taxonomy":"product_tag","embeddable":true,"href":"https:\/\/original-militaria.com\/en\/wp-json\/wp\/v2\/product_tag?post=14339"}],"curies":[{"name":"wp","href":"https:\/\/api.w.org\/{rel}","templated":true}]}}