{"id":14324,"date":"2017-09-05T12:17:21","date_gmt":"2017-09-05T12:17:21","guid":{"rendered":"https:\/\/original-militaria.com\/?post_type=product&#038;p=14324"},"modified":"2022-01-31T19:08:47","modified_gmt":"2022-01-31T18:08:47","slug":"wh-heer-guerrera-de-campo-de-teniente-del-19-regt-de-infanteria","status":"publish","type":"product","link":"https:\/\/original-militaria.com\/en\/producto\/wh-heer-guerrera-de-campo-de-teniente-del-19-regt-de-infanteria\/","title":{"rendered":"Wehrmacht\/  Infantry Lieutenant M36 Service Tunic &#8212; WH\/HEER, Guerrera &#8212; Uniforme M36 de Teniente del 19 Regt. de Infanter\u00eda"},"content":{"rendered":"<p style=\"text-align: justify\"><strong><span style=\"font-size: medium\"><span style=\"font-family: Verdana\">ANTECEDENTES:<\/span><\/span><\/strong><span style=\"font-size: medium\"><span style=\"font-family: Verdana\"> En la primavera de 1933 el Ej\u00e9rcito alem\u00e1n decidi\u00f3 sustituir la antigua guerreras en uso (rock) por un nuevo modelo al que se denomin\u00f3 oficialmente Feldbluse o guerrera de campa\u00f1a. Los oficiales y suboficiales eran responsables de la compra de sus propios uniformes y, en consecuencia, se le asign\u00f3 una prestaci\u00f3n como ayuda para la compra de ropa a trav\u00e9s del ej\u00e9rcito Kleiderkasse.\u00a0Aunque a todo todos los soldados, suboficiales y oficiales alistaros sus uniformes se los suministro el Gobierno tambi\u00e9n se les permiti\u00f3 comprar los uniformes de confecci\u00f3n privada, ya que as\u00ed eran de mayor calidad, aunque el precio pod\u00eda llegar a ser muy alto. A las distintas ramas de servicio en los uniformes en el ej\u00e9rcito se le asigno un color para identificar el arma al que pertenec\u00edan (waffenfarbe). <\/span><\/span><\/p>\n<p style=\"text-align: justify\"><strong><span style=\"font-size: medium\"><span style=\"font-family: Verdana\">DESCRIPCION:<\/span><\/span><\/strong><span style=\"font-size: medium\"><span style=\"font-family: Verdana\"> Guerrera de campo para un Teniente del &#8220;19 Regimiento de Infanter\u00eda&#8221; (Feldbluse f\u00fcr Oberleutnant der Infanterie) de fabricaci\u00f3n elegante privada, 1942, de muy buena calidad, tiene cuello color verde esmeralda oscuro con parches de cuello (Litzen) y hombreras de Oficial con el color del arma, el \u00e1guila de Oficial en hilo de rosca de aluminio muy bonita, mangas con bocamanga francesa, tiene cinco botones en su parte frontal (todos los botones pintados feldgrau), y cuatro bolsillos con fuelle y solapa, en el bolsillo superior izquierdo tiene lazos para pasador de diario y EK1. El interior con forro de seda verde tiene un bolsillo y ranura para la daga. Tiene etiqueta de sastre &#8220;Uniformen Hegeler Oldenburg&#8221;, etiqueta de gran calidad en sastrer\u00eda &#8220;g\u00fctezeichen herrenschneiderhandwerks&#8221; (marca de calidad de maestros artesanos en sastrer\u00eda), y etiqueta con el nombre del propietario &#8220;Ltn. Schildt, 2.10.1942&#8221;. Est\u00e1 en excepcional estado, sin ning\u00fan tipo de roturas un agujeros de polilla. Talla aproximada una 46 espa\u00f1ola.\u00a0<\/span><\/span><\/p>\n","protected":false},"excerpt":{"rendered":"<p style=\"text-align: justify\"><strong><span style=\"font-size: medium\"><span style=\"font-family: Verdana\">ANTECEDENTES:<\/span><\/span><\/strong><span style=\"font-size: medium\"><span style=\"font-family: Verdana\"> En la primavera de 1933 el Ej\u00e9rcito alem\u00e1n decidi\u00f3 sustituir la antigua guerreras en uso (rock) por un nuevo modelo al que se denomin\u00f3 oficialmente Feldbluse o guerrera de campa\u00f1a. Los oficiales y suboficiales eran responsables de la compra de sus propios uniformes y, en consecuencia, se le asign\u00f3 una prestaci\u00f3n como ayuda para la compra de ropa a trav\u00e9s del ej\u00e9rcito Kleiderkasse.\u00a0Aunque a todo todos los soldados, suboficiales y oficiales alistaros sus uniformes se los suministro el Gobierno tambi\u00e9n se les permiti\u00f3 comprar los uniformes de confecci\u00f3n privada, ya que as\u00ed eran de mayor calidad, aunque el precio pod\u00eda llegar a ser muy alto. A las distintas ramas de servicio en los uniformes en el ej\u00e9rcito se le asigno un color para identificar el arma al que pertenec\u00edan (waffenfarbe). <\/span><\/span><\/p>\n<p style=\"text-align: justify\"><strong><span style=\"font-size: medium\"><span style=\"font-family: Verdana\">DESCRIPCION:<\/span><\/span><\/strong><span style=\"font-size: medium\"><span style=\"font-family: Verdana\"> Guerrera de campo para un\u00a0Teniente del <span style=\"color: #ff0000\">&#8220;19 Regimiento de\u00a0Infanter\u00eda&#8221;<\/span>\u00a0(Feldbluse f\u00fcr Oberleutnant\u00a0 der Infanterie) de fabricaci\u00f3n elegante privada, 1942, de muy buena calidad, tiene cuello color verde esmeralda oscuro con parches de cuello (Litzen) y hombreras de Oficial con el color del arma, el \u00e1guila de Oficial en hilo de rosca de aluminio muy bonita, mangas con bocamanga francesa, tiene cinco botones en su parte frontal (todos los botones pintados feldgrau), y cuatro bolsillos con fuelle y solapa, en el bolsillo\u00a0superior izquierdo tiene lazos para pasador de diario y\u00a0EK1.\u00a0El interior con forro de seda verde tiene un bolsillo y ranura para la daga.\u00a0Tiene etiqueta de sastre\u00a0<span style=\"color: #ff0000\">&#8220;Uniformen Hegeler Oldenburg&#8221;<\/span>, etiqueta de gran calidad en sastrer\u00eda <span style=\"color: #ff0000\">&#8220;g\u00fctezeichen herrenschneiderhandwerks&#8221; <\/span>(marca de calidad de maestros artesanos en sastrer\u00eda), y etiqueta con el nombre del propietario <span style=\"color: #ff0000\">&#8220;Ltn. Schildt, 2.10.1942&#8221;<\/span>. Est\u00e1 en excepcional estado, sin ning\u00fan tipo de roturas un agujeros de polilla. Talla aproximada una 46 espa\u00f1ola.\u00a0<\/span><\/span><\/p>\n","protected":false},"featured_media":14325,"template":"","meta":[],"product_brand":[],"product_cat":[224],"product_tag":[],"class_list":{"0":"post-14324","1":"product","2":"type-product","3":"status-publish","4":"has-post-thumbnail","6":"product_cat-archivo-vendidos","7":"sales-flash-overlay","8":"woocommerce-text-align-center","9":"woocommerce-image-align-center","10":"do-quantity-buttons","12":"first","13":"outofstock","14":"product-type-simple"},"_links":{"self":[{"href":"https:\/\/original-militaria.com\/en\/wp-json\/wp\/v2\/product\/14324","targetHints":{"allow":["GET"]}}],"collection":[{"href":"https:\/\/original-militaria.com\/en\/wp-json\/wp\/v2\/product"}],"about":[{"href":"https:\/\/original-militaria.com\/en\/wp-json\/wp\/v2\/types\/product"}],"wp:featuredmedia":[{"embeddable":true,"href":"https:\/\/original-militaria.com\/en\/wp-json\/wp\/v2\/media\/14325"}],"wp:attachment":[{"href":"https:\/\/original-militaria.com\/en\/wp-json\/wp\/v2\/media?parent=14324"}],"wp:term":[{"taxonomy":"product_brand","embeddable":true,"href":"https:\/\/original-militaria.com\/en\/wp-json\/wp\/v2\/product_brand?post=14324"},{"taxonomy":"product_cat","embeddable":true,"href":"https:\/\/original-militaria.com\/en\/wp-json\/wp\/v2\/product_cat?post=14324"},{"taxonomy":"product_tag","embeddable":true,"href":"https:\/\/original-militaria.com\/en\/wp-json\/wp\/v2\/product_tag?post=14324"}],"curies":[{"name":"wp","href":"https:\/\/api.w.org\/{rel}","templated":true}]}}