{"id":14315,"date":"2017-09-05T12:17:17","date_gmt":"2017-09-05T12:17:17","guid":{"rendered":"https:\/\/original-militaria.com\/?post_type=product&#038;p=14315"},"modified":"2022-01-31T19:08:46","modified_gmt":"2022-01-31T18:08:46","slug":"wh-botas-altas-de-oficial-de-caballeria","status":"publish","type":"product","link":"https:\/\/original-militaria.com\/en\/producto\/wh-botas-altas-de-oficial-de-caballeria\/","title":{"rendered":"Wehrmacht\/ Cavarly Officer\u00b4s Boots &#8212;  WH\/ Botas Altas de Oficial de Caballer\u00eda"},"content":{"rendered":"<p style=\"text-align: justify\"><span style=\"font-size: 12pt;font-family: verdana, geneva, sans-serif\"><strong>ANTECEDENTES:<\/strong> Los oficiales y ciertos suboficiales de rango superior pod\u00edan decidir entre comprar su calzado en los almacenes de ropa de las fuerzas armadas o comprar por su cuenta el calzado de la calidad m\u00e1s alta. Aunque el personal alistado recib\u00eda el calzado de las provisiones del gobierno, tambi\u00e9n ten\u00eda autorizado comprar en privado el calzado manufacturado. Una nota a tener en cuenta: La preocupaci\u00f3n de los alemanes con la escasez del cuero ya estaba clara en septiembre de 1939 cuando la utilizaci\u00f3n de las tradicionales botas altas de cuero para marchas se restringi\u00f3 al personal que serv\u00eda en el frente. Las regulaciones en noviembre de 1939 redujeron la producci\u00f3n de las botas altas de cuero para marchas en un intento de conservar el cuero. Adem\u00e1s, las regulaciones en agosto de 1940 introdujeron las polainas de lona para llevarlas puestas sobre los botines con cordones cortos, y las distribuyeron a todas las tropas de la segunda l\u00ednea en un remoto esfuerzo para conservar el cuero. En 1941 los botines con cordones cortos y las polainas se repartieron a todos los nuevos reclutas, en lugar de las botas de marcha, como m\u00e9todo para ahorrar el coste y el cuero. En 1943, la producci\u00f3n de las botas altas para marcha fue suspendida totalmente. <\/span><\/p>\n<p style=\"text-align: justify\"><span style=\"font-size: 12pt;font-family: verdana, geneva, sans-serif\"><strong>DESCRIPCION:<\/strong> Botas altas de Oficial de Caballer\u00eda de la Wehrmacht en cuero negro en excelente estado, de buena calidad, con sus correspondientes espuelas y marcaje en el interior. Las botas tienen en el reverso una costura central y vertical, cosida a m\u00e1quina. El pie de la bota consta de tres moldes de cuero con uno m\u00e1s grande delante y dos moldes m\u00e1s peque\u00f1os situados en la parte trasera que cubren la zona del tal\u00f3n. Talla 41-42.<\/span><\/p>\n<p>&nbsp;<\/p>\n","protected":false},"excerpt":{"rendered":"<p style=\"text-align: justify\"><strong><span style=\"font-size: medium\"><span style=\"font-family: Verdana\">ANTECEDENTES:<\/span><\/span><\/strong><span style=\"font-size: medium\"><span style=\"font-family: Verdana\"> Adem\u00e1s del casco, las botas altas de cuero negro son probablemente uno de los art\u00edculos m\u00e1s f\u00e1cilmente reconocibles de la militaria alemana. Los oficiales y ciertos suboficiales de rango superior eran responsables de comprar sus propios uniformes incluyendo el calzado y por consiguiente se asignaron pagas extras para ropa de trabajo a trav\u00e9s del sistema de la \u201cKleiderkasse\u201d (cuenta para ropa del ej\u00e9rcito). Los oficiales y ciertos suboficiales de rango superior pod\u00edan decidir entre comprar su calzado en los almacenes de ropa de las fuerzas armadas o comprar por su cuenta el calzado de la calidad m\u00e1s alta. Aunque el personal alistado recib\u00eda el calzado de las provisiones del gobierno, tambi\u00e9n ten\u00eda autorizado comprar en privado el calzado manufacturado. Una nota a tener en cuenta: La preocupaci\u00f3n de los alemanes con la escasez del cuero ya estaba clara en septiembre de 1939 cuando la utilizaci\u00f3n de las tradicionales botas altas de cuero para marchas se restringi\u00f3 al personal que serv\u00eda en el frente. Las regulaciones en noviembre de 1939 redujeron la producci\u00f3n de las botas altas de cuero para marchas en un intento de conservar el cuero. Adem\u00e1s, las regulaciones en agosto de 1940 introdujeron las polainas de lona para llevarlas puestas sobre los botines con cordones cortos, y las distribuyeron a todas las tropas de la segunda l\u00ednea en un remoto esfuerzo para conservar el cuero. En 1941 los botines con cordones cortos y las polainas se repartieron a todos los nuevos reclutas, en lugar de las botas de marcha, como m\u00e9todo para ahorrar el coste y el cuero. En 1943, la producci\u00f3n de las botas altas para marcha fue suspendida totalmente. <\/span><\/span><\/p>\n<p style=\"text-align: justify\"><strong><span style=\"font-size: medium\"><span style=\"font-family: Verdana\">DESCRIPCION:<\/span><\/span><\/strong><span style=\"font-size: medium\"><span style=\"font-family: Verdana\"> Botas altas de Oficial de Caballer\u00eda de la Wehrmacht en cuero negro en excelente estado, de buena calidad, con sus correspondientes espuelas y marcaje en el interior. Las botas tienen en el reverso una costura central y vertical, cosida a m\u00e1quina. El pie de la bota consta de tres moldes de cuero con uno m\u00e1s grande delante y dos moldes m\u00e1s peque\u00f1os situados en la parte trasera que cubren la zona del tal\u00f3n. Talla 41-42.<\/span><\/span><\/p>\n<p>&nbsp;<\/p>\n","protected":false},"featured_media":14316,"template":"","meta":[],"product_brand":[],"product_cat":[224],"product_tag":[],"class_list":{"0":"post-14315","1":"product","2":"type-product","3":"status-publish","4":"has-post-thumbnail","6":"product_cat-archivo-vendidos","7":"sales-flash-overlay","8":"woocommerce-text-align-center","9":"woocommerce-image-align-center","10":"do-quantity-buttons","12":"first","13":"outofstock","14":"purchasable","15":"product-type-simple"},"_links":{"self":[{"href":"https:\/\/original-militaria.com\/en\/wp-json\/wp\/v2\/product\/14315","targetHints":{"allow":["GET"]}}],"collection":[{"href":"https:\/\/original-militaria.com\/en\/wp-json\/wp\/v2\/product"}],"about":[{"href":"https:\/\/original-militaria.com\/en\/wp-json\/wp\/v2\/types\/product"}],"wp:featuredmedia":[{"embeddable":true,"href":"https:\/\/original-militaria.com\/en\/wp-json\/wp\/v2\/media\/14316"}],"wp:attachment":[{"href":"https:\/\/original-militaria.com\/en\/wp-json\/wp\/v2\/media?parent=14315"}],"wp:term":[{"taxonomy":"product_brand","embeddable":true,"href":"https:\/\/original-militaria.com\/en\/wp-json\/wp\/v2\/product_brand?post=14315"},{"taxonomy":"product_cat","embeddable":true,"href":"https:\/\/original-militaria.com\/en\/wp-json\/wp\/v2\/product_cat?post=14315"},{"taxonomy":"product_tag","embeddable":true,"href":"https:\/\/original-militaria.com\/en\/wp-json\/wp\/v2\/product_tag?post=14315"}],"curies":[{"name":"wp","href":"https:\/\/api.w.org\/{rel}","templated":true}]}}