{"id":14288,"date":"2017-09-05T12:17:03","date_gmt":"2017-09-05T12:17:03","guid":{"rendered":"https:\/\/original-militaria.com\/?post_type=product&#038;p=14288"},"modified":"2022-01-31T19:08:46","modified_gmt":"2022-01-31T18:08:46","slug":"lw-chaqueta-de-vuelo-hartmann-de-comandante-piloto-de-combate","status":"publish","type":"product","link":"https:\/\/original-militaria.com\/en\/producto\/lw-chaqueta-de-vuelo-hartmann-de-comandante-piloto-de-combate\/","title":{"rendered":"Luftwaffe\/ Major Leather Flight Jacket &#8220;Hartmann&#8221; &#8212;  LW\/ Chaqueta de Vuelo &#8220;Hartmann&#8221; de Comandante Piloto de Combate"},"content":{"rendered":"<p style=\"text-align: justify\"><span style=\"font-size: medium\"><span style=\"font-family: Verdana\">Escasa y rara chaqueta de vuelo (Fliegerjacke f\u00fcr Jagdflieger) para Comandante un piloto de Combate de la Luftwaffe, tambi\u00e9n llamadas &#8220;Chaquetas de Defensa del Reich&#8221; (Reichsverteidigungsjacke), es el famoso\u00a0modelo civil de origen franc\u00e9s\u00a0denominado <strong>&#8220;Hartmann&#8221;<\/strong> muy utilizado por Ases de la LW tales como Erich &#8220;Bubi&#8221; Hartmann, Joachim Marseille, etc, la m\u00e1s famosa de todas las variantes.\u00a0Fabricada en\u00a0cuero\u00a0marr\u00f3n, con dos paneles delanteros y uno \u00fanico panel posterior, las mangas con una sola pieza se cierran mediante bot\u00f3n. El interior de lana marr\u00f3n. Tiene un cierre de cremallera frontal vertical de la marca <strong>&#8220;ECLAIR&#8221;<\/strong> desde el cuello hasta la cintura en la parte delantera donde termina con la hebilla met\u00e1lica caracter\u00edstica de estas chaquetas modelo Hartmann. Tiene cuatro bolsillos, los dos superiores se cierran mediante cremalleras (perfectas) tambi\u00e9n de la marca &#8220;ECLAIR&#8221;, mientras que los dos inferiores son con solapa y se cierran con botones. En el pecho encima del bolsillo derecho lleva el \u00e1guila de la LW\u00a0(Hoheitsabzeichen) de 2\u00ba modelo (1937-1945). Las Hombreras desmontables de Major (Comandante) de la LW. Debajo del bolsillo izquierda tiene lazos para la EK1 y otra condecoraci\u00f3n. Est\u00e1 en un inmejorable estado, sin roturas ni desperfectos, talla espa\u00f1ola 44\/46.<\/span><\/span><\/p>\n<p style=\"text-align: justify\"><span style=\"font-size: medium\"><span style=\"font-family: Verdana\"><span style=\"font-size: medium\"><span style=\"font-family: Verdana\"><strong>Nota.-<\/strong><\/span><\/span><span style=\"font-size: medium\"><span style=\"font-family: Verdana\"> Ponemos fotos de varios libros especializados en la LW,\u00a0originales de Ases de la LW que la llevaban, y\u00a0foto del\u00a0Hauptmann\u00a0Rudolf Petrelli del Panzer-Regiment 35.\u00a0<\/span><\/span><\/span><\/span><\/p>\n<p style=\"text-align: justify\"><strong><span style=\"font-size: medium\"><span style=\"font-family: Verdana\"><span style=\"font-size: medium\"><span style=\"font-family: Verdana\">Nota 1.-<\/span><\/span><\/span><\/span><\/strong><span style=\"font-size: medium\"><span style=\"font-family: Verdana\"><span style=\"font-size: medium\"><span style=\"font-family: Verdana\"> Existen\u00a0modelos muy parecidos, pero esta es 100% una\u00a0original &#8220;Hartmann&#8221;, el autentico modelo.\u00a0<\/span><\/span><\/span><\/span><\/p>\n","protected":false},"excerpt":{"rendered":"<p style=\"text-align: justify\"><strong><span style=\"font-size: medium\"><span style=\"font-family: Verdana\">DESCRIPCION:<\/span><\/span><\/strong><span style=\"font-size: medium\"><span style=\"font-family: Verdana\">\u00a0Escasa y rara chaqueta de vuelo (Fliegerjacke f\u00fcr Jagdflieger) para Comandante un piloto de Combate de la Luftwaffe, tambi\u00e9n llamadas &#8220;Chaquetas de Defensa del Reich&#8221; (Reichsverteidigungsjacke), es el famoso\u00a0modelo civil de origen franc\u00e9s\u00a0denominado <span style=\"color: #ff0000\">&#8220;Hartmann&#8221; <\/span>muy utilizado por Ases de la LW tales como Erich &#8220;Bubi&#8221; Hartmann, Joachim Marseille, etc, la m\u00e1s famosa de todas las variantes.\u00a0Fabricada en\u00a0cuero\u00a0marr\u00f3n, con dos paneles delanteros y uno \u00fanico panel posterior, las mangas con una sola pieza se cierran mediante bot\u00f3n. El interior de lana marr\u00f3n. Tiene un cierre de cremallera frontal vertical de la marca <span style=\"color: #ff0000\">&#8220;ECLAIR&#8221; <\/span>desde el cuello hasta la cintura en la parte delantera donde termina con la hebilla met\u00e1lica caracter\u00edstica de estas chaquetas modelo Hartmann. Tiene cuatro bolsillos, los dos superiores se cierran mediante cremalleras (perfectas) tambi\u00e9n de la marca <span style=\"color: #ff0000\">&#8220;ECLAIR&#8221;<\/span>, mientras que los dos inferiores son con solapa y se cierran con botones. En el pecho encima del bolsillo derecho lleva el \u00e1guila de la LW\u00a0(Hoheitsabzeichen) de 2\u00ba modelo (1937-1945), con manufactura de <span style=\"color: #ff0000\">&#8220;F.W. Asmann &amp; S\u00f6hne&#8221;<\/span>. Las Hombreras desmontables de Major (Comandante) de la LW. Debajo del bolsillo izquierda tiene lazos para la EK1 y otra condecoraci\u00f3n. Est\u00e1 en un inmejorable estado, sin roturas ni desperfectos, talla espa\u00f1ola 44\/46.<\/span><\/span><\/p>\n<p style=\"text-align: justify\"><span style=\"font-size: medium\"><span style=\"font-family: Verdana\"><span style=\"font-size: medium\"><span style=\"font-family: Verdana\"><strong>Nota.-<\/strong><\/span><\/span><span style=\"font-size: medium\"><span style=\"font-family: Verdana\"> Ponemos fotos de varios libros especializados en la LW,\u00a0originales de Ases de la LW que la llevaban, y\u00a0foto del\u00a0Hauptmann\u00a0Rudolf Petrelli del Panzer-Regiment 35.\u00a0<\/span><\/span><\/span><\/span><\/p>\n<p style=\"text-align: justify\"><strong><span style=\"font-size: medium\"><span style=\"font-family: Verdana\"><span style=\"font-size: medium\"><span style=\"font-family: Verdana\">Nota 1.-<\/span><\/span><\/span><\/span><\/strong><span style=\"font-size: medium\"><span style=\"font-family: Verdana\"><span style=\"font-size: medium\"><span style=\"font-family: Verdana\"> Existen\u00a0modelos muy parecidos, pero esta es 100% una\u00a0original &#8220;Hartmann&#8221;, el autentico modelo.\u00a0<\/span><\/span><\/span><\/span><\/p>\n","protected":false},"featured_media":14289,"template":"","meta":[],"product_brand":[],"product_cat":[224],"product_tag":[],"class_list":{"0":"post-14288","1":"product","2":"type-product","3":"status-publish","4":"has-post-thumbnail","6":"product_cat-archivo-vendidos","7":"sales-flash-overlay","8":"woocommerce-text-align-center","9":"woocommerce-image-align-center","10":"do-quantity-buttons","12":"first","13":"outofstock","14":"product-type-simple"},"_links":{"self":[{"href":"https:\/\/original-militaria.com\/en\/wp-json\/wp\/v2\/product\/14288","targetHints":{"allow":["GET"]}}],"collection":[{"href":"https:\/\/original-militaria.com\/en\/wp-json\/wp\/v2\/product"}],"about":[{"href":"https:\/\/original-militaria.com\/en\/wp-json\/wp\/v2\/types\/product"}],"wp:featuredmedia":[{"embeddable":true,"href":"https:\/\/original-militaria.com\/en\/wp-json\/wp\/v2\/media\/14289"}],"wp:attachment":[{"href":"https:\/\/original-militaria.com\/en\/wp-json\/wp\/v2\/media?parent=14288"}],"wp:term":[{"taxonomy":"product_brand","embeddable":true,"href":"https:\/\/original-militaria.com\/en\/wp-json\/wp\/v2\/product_brand?post=14288"},{"taxonomy":"product_cat","embeddable":true,"href":"https:\/\/original-militaria.com\/en\/wp-json\/wp\/v2\/product_cat?post=14288"},{"taxonomy":"product_tag","embeddable":true,"href":"https:\/\/original-militaria.com\/en\/wp-json\/wp\/v2\/product_tag?post=14288"}],"curies":[{"name":"wp","href":"https:\/\/api.w.org\/{rel}","templated":true}]}}