{"id":14267,"date":"2017-09-05T12:16:52","date_gmt":"2017-09-05T12:16:52","guid":{"rendered":"https:\/\/original-militaria.com\/?post_type=product&#038;p=14267"},"modified":"2022-01-31T19:08:46","modified_gmt":"2022-01-31T18:08:46","slug":"sable-de-oficial-de-caballeria-m1840-de-w-clauberg-solingen-imperio-austro-hungaro","status":"publish","type":"product","link":"https:\/\/original-militaria.com\/en\/producto\/sable-de-oficial-de-caballeria-m1840-de-w-clauberg-solingen-imperio-austro-hungaro\/","title":{"rendered":"Austro-Hungarian Empire\/ Officer\u00b4s Cavalry M1840 Saber W. Clauberg, Solingen&#8211; Sable de Oficial de Caballer\u00eda M1840 de W. Clauberg, Solingen, Imperio Austro H\u00fangaro"},"content":{"rendered":"<p style=\"text-align: justify\"><span style=\"font-size: medium\"><span style=\"font-family: Verdana\">Excepcional sable de Oficial de caballer\u00eda M1840 del Imperio Austro H\u00fangaro, fabricado por &#8220;W. Clauberg, Solingen&#8221; (Durante la guerra civil americana, Clauberg export\u00f3 una gran cantidad de sables para la caballer\u00eda de la Uni\u00f3n). Hoja ligeramente curva ornamentada en la ambas caras de la hoja y en la bigotera, donde viene la marca del fabricante, tambi\u00e9n ornamentado el lomo, filo y contrafilo en la pala, sin picaduras, con m\u00faltiples acanaladuras. Guarnici\u00f3n de hierro con cazoleta calada artesanalmente a mano, pu\u00f1o de madera cubierto de cuero y alambrado con torzal de hierro, perfecto. Tiene vaina de hierro con dos abrazaderas. sin picaduras ni golpes. Sin limpiar.<\/span><\/span><\/p>\n<p style=\"text-align: justify\"><strong><span style=\"font-size: medium\"><span style=\"font-family: Verdana\">Datos:<\/span><\/span><\/strong><\/p>\n<p style=\"text-align: justify\"><span style=\"font-size: medium\"><span style=\"font-family: Verdana\">Longitud de la hoja: 860 mm<\/span><\/span><\/p>\n<p style=\"text-align: justify\"><span style=\"font-size: medium\"><span style=\"font-family: Verdana\">Longitud total: 107 mm<\/span><\/span><\/p>\n<p>&nbsp;<\/p>\n","protected":false},"excerpt":{"rendered":"<p style=\"text-align: justify\"><strong><span style=\"font-size: medium\"><span style=\"font-family: Verdana\">DESCRIPCION:<\/span><\/span><\/strong><span style=\"font-size: medium\"><span style=\"font-family: Verdana\"> Excepcional sable de Oficial de caballer\u00eda M1840 del Imperio Austro H\u00fangaro, fabricado por <span style=\"color: #ff0000\">&#8220;W. Clauberg, Solingen&#8221; <\/span>(Durante la guerra civil americana, Clauberg export\u00f3 una gran cantidad de sables para la caballer\u00eda de la Uni\u00f3n). Hoja ligeramente curva ornamentada en la ambas caras de la hoja y\u00a0en la bigotera, donde viene la marca del fabricante, tambi\u00e9n ornamentado el lomo, filo y contrafilo en la pala, sin picaduras, con multiples acanaladuras. Guarnici\u00f3n de hierro con cazoleta calada artesanalmente a mano, pu\u00f1o de madera cubierto de cuero y alambrado con torzal de hierro, perfecto. Tiene vaina de hierro con dos abrazaderas. sin picaduras ni golpes. Sin limpiar.<\/span><\/span><\/p>\n<p style=\"text-align: justify\"><strong><span style=\"font-size: medium\"><span style=\"font-family: Verdana\">Datos:<\/span><\/span><\/strong><\/p>\n<p style=\"text-align: justify\"><span style=\"font-size: medium\"><span style=\"font-family: Verdana\">Longitud de la hoja: 860 mm<\/span><\/span><\/p>\n<p style=\"text-align: justify\"><span style=\"font-size: medium\"><span style=\"font-family: Verdana\">Longitud total: 107 mm<\/span><\/span><\/p>\n<p>&nbsp;<\/p>\n","protected":false},"featured_media":14268,"template":"","meta":[],"product_brand":[],"product_cat":[224],"product_tag":[],"class_list":{"0":"post-14267","1":"product","2":"type-product","3":"status-publish","4":"has-post-thumbnail","6":"product_cat-archivo-vendidos","7":"sales-flash-overlay","8":"woocommerce-text-align-center","9":"woocommerce-image-align-center","10":"do-quantity-buttons","12":"first","13":"outofstock","14":"purchasable","15":"product-type-simple"},"_links":{"self":[{"href":"https:\/\/original-militaria.com\/en\/wp-json\/wp\/v2\/product\/14267","targetHints":{"allow":["GET"]}}],"collection":[{"href":"https:\/\/original-militaria.com\/en\/wp-json\/wp\/v2\/product"}],"about":[{"href":"https:\/\/original-militaria.com\/en\/wp-json\/wp\/v2\/types\/product"}],"wp:featuredmedia":[{"embeddable":true,"href":"https:\/\/original-militaria.com\/en\/wp-json\/wp\/v2\/media\/14268"}],"wp:attachment":[{"href":"https:\/\/original-militaria.com\/en\/wp-json\/wp\/v2\/media?parent=14267"}],"wp:term":[{"taxonomy":"product_brand","embeddable":true,"href":"https:\/\/original-militaria.com\/en\/wp-json\/wp\/v2\/product_brand?post=14267"},{"taxonomy":"product_cat","embeddable":true,"href":"https:\/\/original-militaria.com\/en\/wp-json\/wp\/v2\/product_cat?post=14267"},{"taxonomy":"product_tag","embeddable":true,"href":"https:\/\/original-militaria.com\/en\/wp-json\/wp\/v2\/product_tag?post=14267"}],"curies":[{"name":"wp","href":"https:\/\/api.w.org\/{rel}","templated":true}]}}