{"id":14261,"date":"2017-09-05T12:16:50","date_gmt":"2017-09-05T12:16:50","guid":{"rendered":"https:\/\/original-militaria.com\/?post_type=product&#038;p=14261"},"modified":"2022-01-31T19:08:46","modified_gmt":"2022-01-31T18:08:46","slug":"machete-italiano-para-oficial-de-artilleria-de-1840-reino-de-cerdena-hoja-ornamentada","status":"publish","type":"product","link":"https:\/\/original-militaria.com\/en\/producto\/machete-italiano-para-oficial-de-artilleria-de-1840-reino-de-cerdena-hoja-ornamentada\/","title":{"rendered":"Italian Artillery Officer Machete, 1840&#8212;Machete Italiano para Oficial de Artiller\u00eda de 1840, Reino de Cerde\u00f1a. Hoja Ornamentada."},"content":{"rendered":"<p style=\"text-align: justify\"><span style=\"font-size: medium\"><span style=\"font-family: Verdana\">Machete Italiano para oficial de artiller\u00eda del Reino de Cerde\u00f1a, 1840. Empu\u00f1adura de hierro con ba\u00f1o dorado con\u00a0la Cruz de San Jorge, la hoja totalmente ornamentada con profusos grabados diferentes en ambas caras,\u00a0con vaceo y profundas acanaladuras en la punta. <\/span><\/span><\/p>\n<p style=\"text-align: justify\"><strong><span style=\"font-size: medium\"><span style=\"font-family: Verdana\">Datos:<\/span><\/span><\/strong><\/p>\n<p style=\"text-align: justify\"><span style=\"font-size: medium\"><span style=\"font-family: Verdana\">Longitud de la hoja: 510 mm<\/span><\/span><\/p>\n<p style=\"text-align: justify\"><span style=\"font-size: medium\"><span style=\"font-family: Verdana\">Longitud total: 640 mm<br \/>\n<\/span><\/span><\/p>\n","protected":false},"excerpt":{"rendered":"<p style=\"text-align: justify\"><strong><span style=\"font-size: medium\"><span style=\"font-family: Verdana\">DESCRIPCION:<\/span><\/span><\/strong><span style=\"font-size: medium\"><span style=\"font-family: Verdana\">\u00a0Machete Italiano para oficial de artiller\u00eda del Reino de Cerde\u00f1a, 1840. Empu\u00f1adura de hierro con ba\u00f1o dorado con\u00a0la Cruz de San Jorge, la hoja totalmente ornamentada con profusos grabados diferentes en ambas caras,\u00a0con vaceo y profundas acanaladuras en la punta. <\/span><\/span><\/p>\n<p style=\"text-align: justify\"><strong><span style=\"font-size: medium\"><span style=\"font-family: Verdana\">Datos:<\/span><\/span><\/strong><\/p>\n<p style=\"text-align: justify\"><span style=\"font-size: medium\"><span style=\"font-family: Verdana\">Longitud de la hoja: 510 mm<\/span><\/span><\/p>\n<p style=\"text-align: justify\"><span style=\"font-size: medium\"><span style=\"font-family: Verdana\">Longitud total: 640 mm<br \/>\n<\/span><\/span><\/p>\n","protected":false},"featured_media":14262,"template":"","meta":[],"product_brand":[],"product_cat":[224],"product_tag":[],"class_list":{"0":"post-14261","1":"product","2":"type-product","3":"status-publish","4":"has-post-thumbnail","6":"product_cat-archivo-vendidos","7":"sales-flash-overlay","8":"woocommerce-text-align-center","9":"woocommerce-image-align-center","10":"do-quantity-buttons","12":"first","13":"outofstock","14":"purchasable","15":"product-type-simple"},"_links":{"self":[{"href":"https:\/\/original-militaria.com\/en\/wp-json\/wp\/v2\/product\/14261","targetHints":{"allow":["GET"]}}],"collection":[{"href":"https:\/\/original-militaria.com\/en\/wp-json\/wp\/v2\/product"}],"about":[{"href":"https:\/\/original-militaria.com\/en\/wp-json\/wp\/v2\/types\/product"}],"wp:featuredmedia":[{"embeddable":true,"href":"https:\/\/original-militaria.com\/en\/wp-json\/wp\/v2\/media\/14262"}],"wp:attachment":[{"href":"https:\/\/original-militaria.com\/en\/wp-json\/wp\/v2\/media?parent=14261"}],"wp:term":[{"taxonomy":"product_brand","embeddable":true,"href":"https:\/\/original-militaria.com\/en\/wp-json\/wp\/v2\/product_brand?post=14261"},{"taxonomy":"product_cat","embeddable":true,"href":"https:\/\/original-militaria.com\/en\/wp-json\/wp\/v2\/product_cat?post=14261"},{"taxonomy":"product_tag","embeddable":true,"href":"https:\/\/original-militaria.com\/en\/wp-json\/wp\/v2\/product_tag?post=14261"}],"curies":[{"name":"wp","href":"https:\/\/api.w.org\/{rel}","templated":true}]}}