{"id":14237,"date":"2017-09-05T12:16:41","date_gmt":"2017-09-05T12:16:41","guid":{"rendered":"https:\/\/original-militaria.com\/?post_type=product&#038;p=14237"},"modified":"2022-01-31T19:08:46","modified_gmt":"2022-01-31T18:08:46","slug":"cruz-alemana-1941-categoria-oro","status":"publish","type":"product","link":"https:\/\/original-militaria.com\/en\/producto\/cruz-alemana-1941-categoria-oro\/","title":{"rendered":"Wehrmacht\/ German Cross in Gold 1941 &#8212; WH\/  Cruz Alemana 1941 Categor\u00eda Oro"},"content":{"rendered":"<p style=\"text-align: justify\"><span style=\"font-family: verdana, geneva, sans-serif;font-size: 12pt\"><strong>ANTECEDENTES:<\/strong> La Cruz Alemana de Guerra, se introdujo por Adolf Hitler el 28 de septiembre de 1941 en dos clases de Oro y Plata. La Cruz de clase Oro se otorg\u00f3 al personal militar para los actos excepcionales de valent\u00eda en el combate, mientras la clase Plata se otorg\u00f3 para los actos distinguidos de servicio en el esfuerzo de guerra. El criterio para recibirla era que el destinatario ya deb\u00eda tener la Cruz de Hierro o Spange de 1\u00ba clase. Tambi\u00e9n se fabric\u00f3 este premio en una versi\u00f3n de tela, con el color del material seg\u00fan la rama de servicio a la que se otorg\u00f3. Base campo-gris para el Heer y personal de Waffen-SS, base negra para el personal de Panzer, base azul\/gris para el personal de Luftwaffe y base azul marino para el personal de Kriegsmarine. Se estima, por algunos autores que en Grado Oro se premiaron a 17.000\/20.000 miembros de las Fuerzas Armadas y 900 en Grado Plata. <\/span><\/p>\n<p style=\"text-align: justify\"><span style=\"font-family: verdana, geneva, sans-serif;font-size: 12pt\"><strong>DESCRIPCION: <\/strong>Cruz Alemana Categor\u00eda Oro (Deutsches Kreuz in Gold). Fabricada en cinco piezas, ligeramente conversa, placa de esmalte negro y rojo. La cruz cuenta con una negra, esmaltada, esv\u00e1stica en relieve con corona de hojas y\u00a0con la fecha &#8220;1941&#8221; impresionada en la parte inferior en una base de esmalte de color rojo. La base de esmalte de color rojo es visible como un buen esbozo a ambos lados de la corona. En el reverso su alfiler. Excelente estado.\u00a0 <\/span><\/p>\n","protected":false},"excerpt":{"rendered":"<p style=\"text-align: justify\"><strong><span style=\"font-size: medium\">ANTECEDENTES:<\/span><\/strong><span style=\"font-size: medium\"> La Cruz Alemana de Guerra, se introdujo por Adolf Hitler el 28 de septiembre de 1941 en dos clases de Oro y Plata. La Cruz de clase Oro se otorg\u00f3 al personal militar para los actos excepcionales de valent\u00eda en el combate, mientras la clase Plata se otorg\u00f3 para los actos distinguidos de servicio en el esfuerzo de guerra. El criterio para recibirla era que el destinatario ya deb\u00eda tener la Cruz de Hierro o Spange de 1\u00ba clase. Tambi\u00e9n se fabric\u00f3 este premio en una versi\u00f3n de tela, con el color del material seg\u00fan la rama de servicio a la que se otorg\u00f3. Base campo-gris para el Heer y personal de Waffen-SS, base negra para el personal de Panzer, base azul\/gris para el personal de Luftwaffe y base azul marino para el personal de Kriegsmarine. Se estima, por algunos autores que en Grado Oro se premiaron a 17.000\/20.000 miembros de las Fuerzas Armadas y 900 en Grado Plata. <\/span><\/p>\n<p style=\"text-align: justify\"><strong><span style=\"font-size: medium\">DESCRIPCION: <\/span><\/strong><span style=\"font-size: medium\">Cruz Alemana Categor\u00eda Oro (Deutsches Kreuz in Gold). Fabricada en cinco piezas, ligeramente conversa, placa de esmalte negro y rojo. La cruz cuenta con una negra, esmaltada, esv\u00e1stica en relieve con corona de hojas y\u00a0con la fecha &#8220;1941&#8221; impresionada en la parte inferior en una base de esmalte de color rojo. La base de esmalte de color rojo es visible como un buen esbozo a ambos lados de la corona. En el reverso su alfiler. Excelente estado.\u00a0 <\/span><\/p>\n","protected":false},"featured_media":14238,"template":"","meta":[],"product_brand":[],"product_cat":[224],"product_tag":[],"class_list":{"0":"post-14237","1":"product","2":"type-product","3":"status-publish","4":"has-post-thumbnail","6":"product_cat-archivo-vendidos","7":"sales-flash-overlay","8":"woocommerce-text-align-center","9":"woocommerce-image-align-center","10":"do-quantity-buttons","12":"first","13":"outofstock","14":"purchasable","15":"product-type-simple"},"_links":{"self":[{"href":"https:\/\/original-militaria.com\/en\/wp-json\/wp\/v2\/product\/14237","targetHints":{"allow":["GET"]}}],"collection":[{"href":"https:\/\/original-militaria.com\/en\/wp-json\/wp\/v2\/product"}],"about":[{"href":"https:\/\/original-militaria.com\/en\/wp-json\/wp\/v2\/types\/product"}],"wp:featuredmedia":[{"embeddable":true,"href":"https:\/\/original-militaria.com\/en\/wp-json\/wp\/v2\/media\/14238"}],"wp:attachment":[{"href":"https:\/\/original-militaria.com\/en\/wp-json\/wp\/v2\/media?parent=14237"}],"wp:term":[{"taxonomy":"product_brand","embeddable":true,"href":"https:\/\/original-militaria.com\/en\/wp-json\/wp\/v2\/product_brand?post=14237"},{"taxonomy":"product_cat","embeddable":true,"href":"https:\/\/original-militaria.com\/en\/wp-json\/wp\/v2\/product_cat?post=14237"},{"taxonomy":"product_tag","embeddable":true,"href":"https:\/\/original-militaria.com\/en\/wp-json\/wp\/v2\/product_tag?post=14237"}],"curies":[{"name":"wp","href":"https:\/\/api.w.org\/{rel}","templated":true}]}}